{"id":5668,"date":"2024-02-21T10:17:31","date_gmt":"2024-02-21T12:17:31","guid":{"rendered":"https:\/\/apotekar-online.rs\/?post_type=product&#038;p=5668"},"modified":"2026-04-05T18:01:04","modified_gmt":"2026-04-05T20:01:04","slug":"lagosa-50-tableta","status":"publish","type":"product","link":"https:\/\/apotekar-online.rs\/ro\/p\/lagosa-50-tableta\/","title":{"rendered":"Lagos 50 comprimate"},"content":{"rendered":"","protected":false},"excerpt":{"rendered":"<p>Ovaj preparat ima: hepatoprotektivno dejstvo (stabilizuje membranu \u0107elija jetre i spre\u010dava ulazak toksina u same \u0107elije, spre\u010dava potro\u0161nju glutationa, koji je osnovni i najva\u017eniji antioksidans u na\u0161em organizmu), regenerativno dejstvo (stimuli\u0161e sintezu proteina i tako doprinosi obnavljanju o\u0161te\u0107enih \u0107elija jetre), antioksidantno dejstvo (neutrali\u0161e dejstvo slobodnih radikala i osloba\u0111a fiziolo\u0161ke mehanizme detoksikacije) i antiinflamatorno dejstvo (smanjuje sintezu i osloba\u0111anje medijatora zapaljenja).<\/p>\n<p><strong>Utilizarea<\/strong>: Uzeti jednu tabletu jednom dnevno. Tabletu treba popiti celu, sa dovoljnom koli\u010dinom te\u010dnosti, pre ili u toku obroka.<\/p>\n<p><strong>Compozi\u0163ie<\/strong>: U jednoj oblo\u017eenoj tableti preparata Lagosa\u00ae nalazi se 240mg suvog ekstrakta ploda sikavice (Cardui mariae e fruct. Extr.sicc) \u0161to odgovara koli\u010dini od 108mg silimarina (ra\u010dunatog kao silibin).<\/p>","protected":false},"featured_media":5669,"template":"","meta":[],"product_brand":[],"product_cat":[99],"product_tag":[1255,620,2225,567,2226,1715],"class_list":{"0":"post-5668","1":"product","2":"type-product","3":"status-publish","4":"has-post-thumbnail","6":"product_cat-preparati-za-jetru-i-zuc","7":"product_tag-antiinflamator","8":"product_tag-antioksidans","9":"product_tag-hepatoprotektiv","10":"product_tag-regeneracija","11":"product_tag-sikavica","12":"product_tag-silimarin","13":"pa_brend-worwang-pharma","15":"first","16":"instock","17":"shipping-taxable","18":"purchasable","19":"product-type-simple"},"ams_default_variation_id":0,"ams_product_points_reward":[],"ams_product_discount_percentage":0,"ams_price_to_display":1504,"ams_acf":[],"jetpack_sharing_enabled":true,"_links":{"self":[{"href":"https:\/\/apotekar-online.rs\/ro\/wp-json\/wp\/v2\/product\/5668","targetHints":{"allow":["GET"]}}],"collection":[{"href":"https:\/\/apotekar-online.rs\/ro\/wp-json\/wp\/v2\/product"}],"about":[{"href":"https:\/\/apotekar-online.rs\/ro\/wp-json\/wp\/v2\/types\/product"}],"wp:featuredmedia":[{"embeddable":true,"href":"https:\/\/apotekar-online.rs\/ro\/wp-json\/wp\/v2\/media\/5669"}],"wp:attachment":[{"href":"https:\/\/apotekar-online.rs\/ro\/wp-json\/wp\/v2\/media?parent=5668"}],"wp:term":[{"taxonomy":"product_brand","embeddable":true,"href":"https:\/\/apotekar-online.rs\/ro\/wp-json\/wp\/v2\/product_brand?post=5668"},{"taxonomy":"product_cat","embeddable":true,"href":"https:\/\/apotekar-online.rs\/ro\/wp-json\/wp\/v2\/product_cat?post=5668"},{"taxonomy":"product_tag","embeddable":true,"href":"https:\/\/apotekar-online.rs\/ro\/wp-json\/wp\/v2\/product_tag?post=5668"}],"curies":[{"name":"wp","href":"https:\/\/api.w.org\/{rel}","templated":true}]}}