{"id":5687,"date":"2024-02-22T07:52:46","date_gmt":"2024-02-22T09:52:46","guid":{"rendered":"https:\/\/apotekar-online.rs\/?post_type=product&#038;p=5687"},"modified":"2026-03-05T08:09:31","modified_gmt":"2026-03-05T10:09:31","slug":"osteocare-30-tableta-za-zvakanje","status":"publish","type":"product","link":"https:\/\/apotekar-online.rs\/ro\/p\/osteocare-30-tableta-za-zvakanje\/","title":{"rendered":"Osteocare 30 comprimate masticabile"},"content":{"rendered":"","protected":false},"excerpt":{"rendered":"<p><strong>Osteocare\u00a0<\/strong>za dobru strukturu kostiju.<br \/>\n<strong>Osteocare\u00a0<\/strong>je engleski najpopularniji dodatak ishrani sa ta\u010dno preporu\u010denom dnevnom dozom kalcijuma, magnezijuma, cinka, vitamina D i esencijalnih kofaktora koji poma\u017eu u o\u010duvanju i regeneraciji kostiju i zuba.<\/p>\n<p>&nbsp;<\/p>\n<p>Namenjene osobama sa ote\u017eanim gutanjem i imaju prijatan ukus pomorand\u017ee i pepermita.<\/p>\n<div class=\"way_use_Wrapper\">\n<p class=\"mainTitle oswald\"><strong>Mod de utilizare<\/strong><\/p>\n<div class=\"text\">\n<p>Primena: sa\u017evakati 2 tablete dnevno. Deca od 4-12 godina: sa\u017evakati 1 tabletu dnevno.<\/p>\n<\/div>\n<\/div>\n<div class=\"composition_Wrapper\">\n<p class=\"mainTitle oswald\"><strong>Compozi\u0163ie<\/strong><\/p>\n<div class=\"text\">\n<p>Pored pa\u017eljivo izbalansiranih doza kalcijuma, magnezijuma, vitamina D3 i cinka, Osteocare tablete za \u017evakanje oboga\u0107ene su jo\u0161 i:<br \/>\nManganom koji u\u010destvuje u stvaranju hrskavice,<br \/>\nBoronom koji smanjuje izlu\u010divanje Ca i Mg preko bubrega,<br \/>\nSelenom i bakrom koji dodatno potpoma\u017eu formiranje kostiju.<\/p>\n<\/div>\n<\/div>","protected":false},"featured_media":5688,"template":"","meta":[],"product_brand":[],"product_cat":[82],"product_tag":[348,185,2251,333,267,323,246],"class_list":{"0":"post-5687","1":"product","2":"type-product","3":"status-publish","4":"has-post-thumbnail","6":"product_cat-kosti-zglobovi-i-neuropatski-bol","7":"product_tag-bol","8":"product_tag-cink","9":"product_tag-hrskavice","10":"product_tag-kalcijum","11":"product_tag-kosti","12":"product_tag-magnezijum","13":"product_tag-vitamin-d","14":"pa_brend-vitabiotics","16":"first","17":"instock","18":"shipping-taxable","19":"product-type-simple"},"ams_default_variation_id":0,"ams_product_points_reward":[],"ams_product_discount_percentage":0,"ams_price_to_display":0,"ams_acf":[],"jetpack_sharing_enabled":true,"_links":{"self":[{"href":"https:\/\/apotekar-online.rs\/ro\/wp-json\/wp\/v2\/product\/5687","targetHints":{"allow":["GET"]}}],"collection":[{"href":"https:\/\/apotekar-online.rs\/ro\/wp-json\/wp\/v2\/product"}],"about":[{"href":"https:\/\/apotekar-online.rs\/ro\/wp-json\/wp\/v2\/types\/product"}],"wp:featuredmedia":[{"embeddable":true,"href":"https:\/\/apotekar-online.rs\/ro\/wp-json\/wp\/v2\/media\/5688"}],"wp:attachment":[{"href":"https:\/\/apotekar-online.rs\/ro\/wp-json\/wp\/v2\/media?parent=5687"}],"wp:term":[{"taxonomy":"product_brand","embeddable":true,"href":"https:\/\/apotekar-online.rs\/ro\/wp-json\/wp\/v2\/product_brand?post=5687"},{"taxonomy":"product_cat","embeddable":true,"href":"https:\/\/apotekar-online.rs\/ro\/wp-json\/wp\/v2\/product_cat?post=5687"},{"taxonomy":"product_tag","embeddable":true,"href":"https:\/\/apotekar-online.rs\/ro\/wp-json\/wp\/v2\/product_tag?post=5687"}],"curies":[{"name":"wp","href":"https:\/\/api.w.org\/{rel}","templated":true}]}}