{"id":5708,"date":"2024-02-26T09:11:54","date_gmt":"2024-02-26T11:11:54","guid":{"rendered":"https:\/\/apotekar-online.rs\/?post_type=product&#038;p=5708"},"modified":"2026-03-05T08:09:31","modified_gmt":"2026-03-05T10:09:31","slug":"paracetamol-alcaloid-120mg-5ml-suspensie-orala","status":"publish","type":"product","link":"https:\/\/apotekar-online.rs\/ro\/p\/paracetamol-alkaloid-120mg-5ml-oralna-suspenzija\/","title":{"rendered":"PARACETAMOL ALKALOID\u00ae 120 mg\/5 ml suspensie oral\u0103"},"content":{"rendered":"","protected":false},"excerpt":{"rendered":"<p><b><strong>Distribu\u021bia acestui medicament pe Internet este strict interzis\u0103 \u0219i reglementat\u0103 de legile Republicii Serbia, \u00een timp ce prezentarea lui pe Internet este permis\u0103, exclusiv \u00een scopul inform\u0103rii publicului larg \u0219i profesional cu privire la scopul s\u0103u \u0219i o mai bun\u0103 familiarizare cu caracteristicile de baz\u0103 ale medicamentului \u00een sine.<\/strong><\/b><\/p>\n<p>PUTE\u021aI VIZIONA REGULAMENTUL PRIVIND METODA MEDICAMENTULUI PUBLICIT\u0102\u021aI, PRIVIND MEDICINA (\u201eSl. Gl. RS\u201d, nr. 79\/2010)\u00a0<a href=\"http:\/\/www.alims.gov.rs\/ciril\/files\/2012\/06\/p-oglasavanje-79-2010.pdf\">AICI<\/a>.<\/p>\n<p>PARACETAMOL ALCALOID\u00ae<br \/>\n, 120 mg\/5 ml, suspensie oral\u0103<br \/>\nParacetamol<br \/>\nCiti\u021bi cu aten\u021bie aceste instruc\u021biuni \u00eenainte de a \u00eencepe s\u0103 utiliza\u021bi acest medicament, deoarece acesta<br \/>\ncon\u021bine informa\u021bii care sunt importante pentru dvs.<br \/>\nUtiliza\u021bi \u00eentotdeauna acest medicament exact a\u0219a cum este men\u021bionat \u00een aceste instruc\u021biuni sau a\u0219a cum vi s-a explicat<br \/>\nMedicul dumneavoastr\u0103 sau farmacistul.<br \/>\n- Salva\u021bi instruc\u021biunile. Este posibil s\u0103 fie nevoie s\u0103-l citi\u021bi din nou.<br \/>\n- Dac\u0103 ave\u021bi \u00eentreb\u0103ri suplimentare sau ave\u021bi nevoie de sfaturi, contacta\u021bi-v\u0103 farmacistul.<br \/>\n- Dac\u0103 copilul dumneavoastr\u0103 prezint\u0103 orice reac\u021bii adverse, adresa\u021bi-v\u0103 medicului dumneavoastr\u0103 sau farmacistului.<br \/>\nAceasta include orice reac\u021bii adverse care nu sunt enumerate \u00een acest ghid. Vezi sec\u021biunea 4.<br \/>\n- Dac\u0103 un copil mai mare de 3 luni nu se simte mai bine sau se simte mai r\u0103u dup\u0103 trei zile, \u0219i copilul<br \/>\n\u00een v\u00e2rst\u0103 de 2-3 luni dup\u0103 dou\u0103 doze de medicament, trebuie s\u0103 v\u0103 adresa\u021bi medicului dumneavoastr\u0103.<br \/>\n\u00cen acest ghid ve\u021bi citi:<br \/>\n1. Ce este medicamentul PARACETAMOL ALCALOID \u0219i la ce este destinat<br \/>\n2. Ce trebuie s\u0103 \u0219ti\u021bi \u00eenainte de a lua medicamentul PARACETAMOL ALCALOID<br \/>\n3. Cum s\u0103 lua\u021bi medicamentul PARACETAMOL ALCALOID<br \/>\n4. Reac\u021bii adverse posibile<br \/>\n5. Cum se p\u0103streaz\u0103 medicamentul PARACETAMOL ALCALOID<br \/>\n6. Con\u021binutul pachetului \u0219i alte informa\u021bii<br \/>\n2 din 5<br \/>\n1. Ce este medicamentul PARACETAMOL ALCALOID \u0219i la ce este destinat<br \/>\nMedicamentul PARACETAMOL ALCALOID, suspensie oral\u0103 con\u021bine substan\u021ba activ\u0103 paracetamol, care este<br \/>\nanalgezic (calmarea durerii) \u0219i antipiretic (reduce temperatura crescut\u0103 a corpului).<br \/>\nMedicamentul PARACETAMOL ALCALOID, suspensie oral\u0103 amelioreaz\u0103 durerea de din\u021bi, durerea de din\u021bi \u0219i<br \/>\ndurere \u00een g\u00e2t, scade temperatura crescut\u0103 a corpului care \u00eenso\u021be\u0219te adesea r\u0103ceala, gripa \u0219i alte boli ale copiilor<br \/>\nboli infec\u021bioase (cum ar fi varicela, tusea convulsiv\u0103, variola \u0219i oreionul).<br \/>\n2. Ce trebuie s\u0103 \u0219ti\u021bi \u00eenainte de a lua medicamentul PARACETAMOL ALCALOID<br \/>\nNu trebuie s\u0103 administra\u021bi PARACETAMOL ALCALOID unui copil:<br \/>\n- dac\u0103 copilul este alergic la paracetamol sau la oricare dintre substan\u021bele auxiliare ale acestui medicament (enumerate<br \/>\n\u00een sec\u021biunea 6).<br \/>\n- dac\u0103 copilul ia orice alt medicament care con\u0163ine paracetamol.<br \/>\nAvertismente \u0219i precau\u021bii:<br \/>\nDiscuta\u021bi cu medicul dumneavoastr\u0103 sau cu farmacistul \u00eenainte de a lua PARACETAMOL ALCALOID,<br \/>\nda\u021bi suspendarea oral\u0103 unui copil care:<br \/>\n\uf02d are boal\u0103 hepatic\u0103 sau renal\u0103,<br \/>\n\uf02d are o mas\u0103 corporal\u0103 insuficient\u0103 sau este subnutrit\u0103,<br \/>\n\uf02d este prematur \u0219i mai mic de 3 luni,<br \/>\n\uf02d are o infec\u021bie sever\u0103, deoarece aceasta poate cre\u0219te riscul de acidoz\u0103 metabolic\u0103.<br \/>\nSemnele acidozei metabolice includ:<br \/>\n\u2022 respira\u021bie profund\u0103, rapid\u0103, dificil\u0103,<br \/>\n\u2022 grea\u021b\u0103, v\u0103rs\u0103turi,<br \/>\n\u2022 pierderea poftei de m\u00e2ncare.<br \/>\nConsulta\u021bi imediat un medic dac\u0103 copilul dumneavoastr\u0103 prezint\u0103 o combina\u021bie a acestor simptome.<br \/>\nAlte medicamente \u0219i PARACETAMOL ALCALOID<br \/>\nInforma\u021bi medicul sau farmacistul dac\u0103 copilul dumneavoastr\u0103 ia, a luat recent sau poate lua<br \/>\nlua\u021bi orice alte medicamente.<br \/>\n\u00cenainte de a da medicamentul PARACETAMOL ALCALOID copilului dumneavoastr\u0103, trebuie s\u0103 v\u0103 consulta\u021bi<br \/>\nmedic dac\u0103 copilul dumneavoastr\u0103:<br \/>\n\uf02d utilizeaz\u0103 warfarin\u0103 sau alte medicamente pentru a preveni coagularea s\u00e2ngelui,<br \/>\n\uf02d utilizeaz\u0103 metoclopramid\u0103 sau domperidon\u0103 (pentru a trata grea\u021ba \u0219i v\u0103rs\u0103turile),<br \/>\n\uf02d utilizeaz\u0103 colestiramin\u0103 (pentru a sc\u0103dea nivelul gr\u0103similor din s\u00e2nge),<br \/>\n\uf02d ia orice alte medicamente sau se afl\u0103 sub supraveghere medical\u0103,<br \/>\n\uf02d lua\u021bi sau a luat recent orice alte medicamente, inclusiv medicamente f\u0103r\u0103 prescrip\u021bie medical\u0103<br \/>\nf\u0103r\u0103 prescrip\u021bie medical\u0103.<br \/>\nSarcina, al\u0103ptarea \u0219i fertilitatea<br \/>\nDac\u0103 sunte\u021bi gravid\u0103 sau al\u0103pta\u021bi, crede\u021bi c\u0103 sunte\u021bi gravid\u0103 sau inten\u021biona\u021bi s\u0103 r\u0103m\u00e2ne\u021bi gravid\u0103, adresa\u021bi-v\u0103 medicului dumneavoastr\u0103<br \/>\nmedicul sau farmacistul pentru sfaturi \u00eenainte de a lua acest medicament.<br \/>\nDac\u0103 este necesar, PARACETAMOL ALCALOID poate fi utilizat \u00een timpul sarcinii. Ar trebui sa aiba<br \/>\nbi s\u0103 foloseasc\u0103 cea mai mic\u0103 doz\u0103 posibil\u0103 care amelioreaz\u0103 durerea \u0219i\/sau scade temperatura corpului \u0219i u<br \/>\n\u00een cel mai scurt timp posibil. Contacta\u021bi medicul dumneavoastr\u0103 dac\u0103 durerea \u0219i\/sau temperatura corpului nu sunt<br \/>\nredus sau dac\u0103 trebuie s\u0103 lua\u021bi medicamentul mai des.<br \/>\nPute\u021bi utiliza acest medicament \u00een timpul al\u0103pt\u0103rii.<br \/>\n3 din 5<br \/>\nConducerea vehiculelor \u0219i operarea ma\u0219inilor<br \/>\nMedicamentul PARACETAMOL ALCALOID nu are niciun efect asupra capacit\u0103\u021bii de a conduce \u0219i de a conduce vehicule<br \/>\nmasini.<br \/>\nMedicamentul PARACETAMOL ALCALOID con\u021bine sorbitol \u0219i maltitol. \u00cen cazul intoleran\u021bei individuale<br \/>\nzah\u0103r, consulta\u021bi-v\u0103 medicul \u00eenainte de a utiliza acest medicament.<br \/>\nMedicamentul PARACETAMOL ALCALOID con\u021bine 0,1173 mmol\/mL de sodiu (o doz\u0103 mai mare de 8,5 mL con\u021bine &gt;<br \/>\n1 mmol sodiu). Se recomand\u0103 precau\u021bie special\u0103 atunci c\u00e2nd se utilizeaz\u0103 la pacien\u021bii care urmeaz\u0103 o diet\u0103<br \/>\ncare controleaz\u0103 aportul de sodiu.<br \/>\n3. Cum s\u0103 lua\u021bi medicamentul PARACETAMOL ALCALOID<br \/>\nLua\u021bi \u00eentotdeauna acest medicament exact a\u0219a cum este men\u021bionat \u00een acest prospect sau a\u0219a cum v-a explicat medicul dumneavoastr\u0103<br \/>\nmedic sau farmacist. Dac\u0103 nu sunte\u021bi sigur, consulta\u021bi medicul sau farmacistul.<br \/>\nMedicamentul PARACETAMOL ALCALOID, suspensie oral\u0103 este destinat utiliz\u0103rii orale la copii.<br \/>\nAgita\u021bi bine suspensia \u00eenainte de fiecare utilizare.<br \/>\nPentru a m\u0103sura doza, utiliza\u021bi seringa oral\u0103 gradat\u0103 (volum 5 ml) care se afl\u0103 \u00een interior<br \/>\ndin fiecare pachet.<br \/>\nNu utiliza\u021bi medicamentul la copiii mai mici de 2 luni.<br \/>\nLa sugarii cu v\u00e2rsta cuprins\u0103 \u00eentre 2-3 luni, medicamentul poate fi utilizat numai la recomandarea medicului.<br \/>\nNu aplica\u021bi mai mult de dou\u0103 doze de medicament.<br \/>\nAplica\u021bi medicamentul cu un interval de cel pu\u021bin 4 ore \u00eentre doze.<br \/>\nDac\u0103 este necesar s\u0103 aplica\u021bi mai mult de dou\u0103 doze, consulta\u021bi un medic.<br \/>\nNu aplica\u021bi niciodat\u0103 mai mult medicament dec\u00e2t este indicat \u00een tabel.<br \/>\nUtiliza\u021bi \u00eentotdeauna cea mai mic\u0103 doz\u0103 eficient\u0103 care amelioreaz\u0103 simptomele copilului.<br \/>\nDozarea paracetamolului la copii cu v\u00e2rsta \u2265 3 luni:<br \/>\nV\u00e2rsta copilului Doza de medicament Frecven\u021ba doz\u0103rii \u00een 24 de ore<br \/>\n3-6 luni 2,5 ml de 4 ori<br \/>\n6-24 luni 5 ml de 4 ori<br \/>\n2-4 ani 7,5 ml de 4 ori<br \/>\n4-8 ani 10 ml de 4 ori<br \/>\n8-10 ani 15 ml de 4 ori<br \/>\n10-12 ani 20 ml de 4 ori<br \/>\n- Nu aplica\u021bi mai mult de 4 doze de medicament \u00een 24 de ore.<br \/>\n- Este necesar ca \u00eentre doze s\u0103 treac\u0103 cel pu\u021bin 4 ore.<br \/>\n- Trebuie aplicat\u0103 cea mai mic\u0103 doz\u0103 necesar\u0103 pentru a ob\u021bine efectul.<br \/>\n- Nu da\u021bi medicamentul unui copil mai mult de 3 zile f\u0103r\u0103 a consulta un medic.<br \/>\nMedicamentul PARACETAMOL ALCALOID nu trebuie utilizat cu alte medicamente care \u00eel con\u021bin<br \/>\nParacetamol.<br \/>\nDac\u0103 este un copil prematur mai mic de 3 luni, ar trebui s\u0103 consulta\u021bi un medic \u00eenainte<br \/>\nadministrarea medicamentelor.<br \/>\nDac\u0103 simptomele se agraveaz\u0103 la copiii mai mari de 3 luni sau dac\u0103 nu se amelioreaz\u0103 \u00een decurs de 3 luni<br \/>\nzi, consulta\u021bi un medic.<br \/>\nUtilizarea pe termen lung a medicamentului f\u0103r\u0103 supraveghere medical\u0103 poate fi d\u0103un\u0103toare.<br \/>\nAcest medicament trebuie utilizat numai dac\u0103 este cu adev\u0103rat necesar.<br \/>\nM\u00e2ncarea \u0219i b\u0103utura nu afecteaz\u0103 absorb\u021bia medicamentului.<br \/>\n4 din 5<br \/>\nDac\u0103 a\u021bi administrat copilului dumneavoastr\u0103 mai mult PARACETAMOL ALCALOID dec\u00e2t este necesar<br \/>\nDoza recomandat\u0103 de medicament nu trebuie dep\u0103\u0219it\u0103.<br \/>\n\u00cen caz de supradozaj, solicita\u021bi imediat ajutor medical, chiar dac\u0103 copilul pare s\u0103 fie bine, pentru c\u0103 exist\u0103<br \/>\nrisc de afectare \u00eent\u00e2rziat\u0103, grav\u0103 a func\u021biei hepatice.<br \/>\nDac\u0103 a\u021bi uitat s\u0103 da\u021bi copilului dumneavoastr\u0103 medicamentul PARACETAMOL ALCALOID<br \/>\nNu da\u021bi niciodat\u0103 unui copil o doz\u0103 dubl\u0103 pentru a compensa doza omis\u0103.<br \/>\n4. Reac\u021bii adverse posibile<br \/>\nCa toate medicamentele \u0219i medicamentul, PARACETAMOL ALCALOID poate eviden\u021bia efecte nedorite, totu\u0219i<br \/>\neste posibil s\u0103 nu apar\u0103 la to\u021bi pacien\u021bii care iau acest medicament.<br \/>\nOpri\u021bi utilizarea medicamentului \u0219i adresa\u021bi-v\u0103 imediat medicului dumneavoastr\u0103 dac\u0103 apare oricare dintre urm\u0103toarele situa\u021bii la copilul dumneavoastr\u0103<br \/>\nmen\u021bionate \u0219i\/sau alte efecte nedorite.<br \/>\nReac\u021bii adverse foarte rare (pot ap\u0103rea la p\u00e2n\u0103 la 1 din 10.000 de pacien\u021bi care iau medicamentul):<br \/>\n- reac\u021bii alergice, cum ar fi erup\u021bii cutanate, m\u00e2nc\u0103rime, uneori \u00eenso\u021bite de dificult\u0103\u021bi de respira\u021bie sau<br \/>\numflarea buzelor, limbii, g\u00e2tului sau fe\u021bei;<br \/>\n- au fost raportate cazuri foarte rare de reac\u021bii cutanate grave. Simptomele includ:<br \/>\nerup\u021bie cutanat\u0103 sever\u0103, r\u0103sp\u00e2ndit\u0103, \u00eenso\u021bit\u0103 de ro\u0219ea\u021b\u0103, vezicule, descuamarea pielii, apari\u021bia de r\u0103ni la nivelul<br \/>\ngur\u0103, cre\u0219terea temperaturii corpului (sindrom Stevens-Johnson, toxic<br \/>\nnecroloz\u0103 epidermic\u0103, pustuloz\u0103 exantematoas\u0103 acut\u0103 generalizat\u0103);<br \/>\n- problem\u0103 de respira\u021bie - la copiii care au avut anterior o problem\u0103 de respira\u021bie dup\u0103 aplicare<br \/>\nacid acetilsalicilic sau medicamente antiinflamatoare nesteroidiene (AINS);<br \/>\n- aspect neobi\u0219nuit de v\u00e2n\u0103t\u0103i sau s\u00e2ngerare (datorit\u0103 sc\u0103derii num\u0103rului de trombocite);<br \/>\n- tendinta la infectii, temperatura corporala crescuta, dureri in gat, ulcere superficiale in<br \/>\npe cale oral\u0103, simptome asem\u0103n\u0103toare gripei (datorit\u0103 sc\u0103derii num\u0103rului unui tip de globule albe);<br \/>\n- modific\u0103ri ale analizelor de s\u00e2nge legate de func\u021bia hepatic\u0103.<br \/>\nRaportarea reac\u021biilor adverse<br \/>\nDac\u0103 ave\u021bi vreo reac\u021bie nedorit\u0103, trebuie s\u0103 informa\u021bi medicul despre aceasta sau<br \/>\nfarmacist. Aceasta include orice posibile efecte secundare care nu sunt enumerate \u00een acest ghid.<br \/>\nPrin raportarea reac\u021biilor adverse, pute\u021bi contribui la evaluarea siguran\u021bei acestui medicament. \u00cendoial\u0103<br \/>\nPute\u021bi raporta reac\u021biile adverse la Agen\u021bia pentru Medicamente \u0219i Dispozitive Medicale din Serbia<br \/>\n(ALIMS):<br \/>\nAgen\u021bia pentru Medicamente \u0219i Dispozitive Medicale din Serbia<br \/>\nCentrul Na\u021bional de Farmacovigilen\u021b\u0103<br \/>\nVojvode Stepe 458, 11221 Belgrad<br \/>\nRepublica Serbia<br \/>\nsite: www.alims.gov.rs<br \/>\ne-mail: nezeljene.reakcije@alims.gov.rs<br \/>\n5. Cum se p\u0103streaz\u0103 medicamentul PARACETAMOL ALCALOID<br \/>\nA nu se l\u0103sa la vederea \u0219i la \u00eendem\u00e2na copiilor.<br \/>\nNu trebuie s\u0103 utiliza\u021bi medicamentul PARACETAMOL ALCALOID dup\u0103 data de expirare indicat\u0103 pe<br \/>\ncaseta de dup\u0103 \u201eValabil p\u00e2n\u0103 la:\u201d. Data de expirare se refer\u0103 la ultima zi a lunii specificate.<br \/>\nA se pastra la o temperatura de pana la 25\u00b0C, in ambalajul original pentru a fi protejat de lumina.<br \/>\nPerioada de valabilitate dup\u0103 prima deschidere este de 6 luni, c\u00e2nd este p\u0103strat\u0103 la o temperatur\u0103 de p\u00e2n\u0103 la 25\u00b0C, \u00een ambalajul original<br \/>\nambalaj pentru a fi protejat de lumin\u0103.<br \/>\n5 din 5<br \/>\nMedicamentele inutilizabile se predau farmaciei unde este afisata avizul catre farmacia respectiva<br \/>\ncolecteaz\u0103 medicamente inutilizabile de la cet\u0103\u021beni. Medicamentele inutilizabile nu trebuie aruncate<br \/>\ncanalizare sau \u00eempreun\u0103 cu de\u0219eurile municipale. Aceste m\u0103suri vor ajuta la protejarea mediului.<br \/>\nMedicamentul neutilizat este distrus \u00een conformitate cu reglement\u0103rile \u00een vigoare.<br \/>\n6. Con\u021binutul ambalajului \u0219i alte informa\u021bii<br \/>\nCe contine PARACETAMOL ALCALOID<br \/>\n- Substan\u021ba activ\u0103 este paracetamol.<br \/>\n5 ml de suspensie oral\u0103 con\u021bin 120 mg paracetamol.<br \/>\n1 ml de suspensie oral\u0103 con\u021bine 24 mg paracetamol.<br \/>\n- Substantele auxiliare sunt: sorbitol, lichid, necristalizant; glicerol; maltitol, lichid; xantan<br \/>\ncauciuc; hidroxietil celuloz\u0103; benzoat de sodiu (E211); citrat de sodiu; acid citric,<br \/>\nmonohidrat; zaharin-sodiu; arom\u0103 de ananas 02662 (compozi\u021bie: propilenglicol, triacetin\u0103,<br \/>\nbutilhidroxianisol, componente aromatice); flavor masking flavor 501438 (compozi\u021bie: porumb<br \/>\nmaltodextrin\u0103, propilenglicol, glicerol, componente aromatice); emulsie de simeticon\u0103 30%; ap\u0103,<br \/>\npurificat.<br \/>\nCum arat\u0103 medicamentul PARACETAMOL ALCALOID \u0219i con\u021binutul ambalajului<br \/>\nPARACETAMOL ALCALOID este o suspensie aproape alb\u0103 p\u00e2n\u0103 la maro deschis, cu miros fructat.<br \/>\nPachetul interior este o sticla de sticla rezistenta la hidrolitica tip III de culoare maro, cu capac cu<br \/>\ncu filet de polipropilen\u0103 cu \u00eenveli\u0219 PE sau alternativ cu capac cu \u0219urub de siguran\u021b\u0103 pt<br \/>\ncopii (\u00eenchidere rezistent\u0103 la copii) din polipropilen\u0103 cu marcaj imprimat pentru deschidere \u0219i cu \u00eenveli\u0219 PE.<br \/>\nAmbalajul exterior este o cutie de carton pliabil\u0103 care con\u021bine 1 (un) flacon de 100 ml oral.<br \/>\nsuspensii cu un mijloc de m\u0103surare a dozei - o sering\u0103 gradat\u0103 de plastic de 5 ml cu capac de protec\u021bie<br \/>\n\u00eenchidere (corpul seringii \u0219i \u00eenchiderea de protec\u021bie sunt din LDPE, piston din polistiren) \u0219i instruc\u021biuni pentru medicament.<br \/>\nSeringa este gradat\u0103 la 1 mL, 2 mL, 2,5 mL, 3 mL, 4 mL \u0219i 5 mL.<br \/>\nDe\u021bin\u0103torul licen\u021bei \u0219i produc\u0103torul<br \/>\nDe\u021bin\u0103torul licen\u021bei<br \/>\nALCALOID D.O.O. ORA\u0218UL ALB<br \/>\nPrahovska 3, Belgrad<br \/>\nProduc\u0103tor<br \/>\nALCALOID AD SKOPJE<br \/>\nBulevar Aleksandar Makedonski 12, Skopje,<br \/>\nRepublica Macedonia de Nord<br \/>\nAceast\u0103 instruc\u021biune a fost aprobat\u0103 ultima dat\u0103<br \/>\nmartie, 2021.<br \/>\nMod de administrare a medicamentului:<br \/>\nMedicamentul este eliberat f\u0103r\u0103 prescrip\u021bie medical\u0103.<br \/>\nNum\u0103rul \u0219i data licen\u021bei:<br \/>\n515-01-00793-20-001 din 10.03.2021<\/p>\n<p>&nbsp;<\/p>","protected":false},"featured_media":5711,"template":"","meta":[],"product_brand":[],"product_cat":[340,148],"product_tag":[2260,2261,781],"class_list":{"0":"post-5708","1":"product","2":"type-product","3":"status-publish","4":"has-post-thumbnail","6":"product_cat-deciji-program","7":"product_cat-preparati-za-prehladu-i-kasalj-kod-dece","8":"product_tag-bolove","9":"product_tag-sirup-za-decu","10":"product_tag-temperatura","11":"pa_brend-alkaloid","13":"first","14":"instock","15":"shipping-taxable","16":"product-type-simple"},"ams_default_variation_id":0,"ams_product_points_reward":[],"ams_product_discount_percentage":0,"ams_price_to_display":0,"ams_acf":[],"jetpack_sharing_enabled":true,"_links":{"self":[{"href":"https:\/\/apotekar-online.rs\/ro\/wp-json\/wp\/v2\/product\/5708","targetHints":{"allow":["GET"]}}],"collection":[{"href":"https:\/\/apotekar-online.rs\/ro\/wp-json\/wp\/v2\/product"}],"about":[{"href":"https:\/\/apotekar-online.rs\/ro\/wp-json\/wp\/v2\/types\/product"}],"wp:featuredmedia":[{"embeddable":true,"href":"https:\/\/apotekar-online.rs\/ro\/wp-json\/wp\/v2\/media\/5711"}],"wp:attachment":[{"href":"https:\/\/apotekar-online.rs\/ro\/wp-json\/wp\/v2\/media?parent=5708"}],"wp:term":[{"taxonomy":"product_brand","embeddable":true,"href":"https:\/\/apotekar-online.rs\/ro\/wp-json\/wp\/v2\/product_brand?post=5708"},{"taxonomy":"product_cat","embeddable":true,"href":"https:\/\/apotekar-online.rs\/ro\/wp-json\/wp\/v2\/product_cat?post=5708"},{"taxonomy":"product_tag","embeddable":true,"href":"https:\/\/apotekar-online.rs\/ro\/wp-json\/wp\/v2\/product_tag?post=5708"}],"curies":[{"name":"wp","href":"https:\/\/api.w.org\/{rel}","templated":true}]}}