{"id":5712,"date":"2024-02-26T09:22:22","date_gmt":"2024-02-26T11:22:22","guid":{"rendered":"https:\/\/apotekar-online.rs\/?post_type=product&#038;p=5712"},"modified":"2026-03-05T08:32:46","modified_gmt":"2026-03-05T10:32:46","slug":"panthenol-crema-gel-125ml","status":"publish","type":"product","link":"https:\/\/apotekar-online.rs\/ro\/p\/panthenol-krem-gel-125ml\/","title":{"rendered":"Panthenol crema gel 125 ml"},"content":{"rendered":"","protected":false},"excerpt":{"rendered":"<p>Panthenol crem\u0103 gel este destinat \u00eengrijirii s\u0103n\u0103t\u0103\u021bii \u0219i regener\u0103rii pielii deteriorate.<\/p>\n<div class=\"way_use_Wrapper\">\n<div class=\"text\">\n<p>Gelul crem\u0103, ca form\u0103 modern\u0103 de preparat, permite o mai bun\u0103 penetrare a pantenolului \u00een piele.<\/p>\n<p>Crema-gel pentru ingrijirea tenului cu pantenol este recomandata pentru ingrijirea zilnica a tenului fetei, mainilor si corpului, pentru toate generatiile.<\/p>\n<p>Gelul crem\u0103 Panthenol are o textur\u0103 u\u0219oar\u0103 care nu unge suplimentar pielea, deci poate fi folosit pentru toate tipurile de piele. Poate fi combinat \u00een siguran\u021b\u0103 cu alte produse cosmetice.<\/p>\n<p>Pe l\u00e2ng\u0103 \u00eengrijirea zilnic\u0103, Panthenol crem\u0103 gel este recomandat\u0103 \u0219i pentru:<\/p>\n<ul>\n<li>regenerarea pielii deteriorate \u00een caz de arsuri, cicatrici, peeling, zg\u00e2rieturi sau leziuni din cauza b\u0103rbieritului<\/li>\n<li>piele uscat\u0103 sau iritat\u0103 din cauza efectelor substan\u021belor chimice (\u00eenso\u021bite de iritare sau usc\u0103ciune a pielii), expunere la v\u00e2nt sau aer uscat<\/li>\n<li>regenerarea pielii din cauza arsurilor solare u\u0219oare<\/li>\n<li>dup\u0103 tratamente dermatologice ale pielii problematice<\/li>\n<li>ameliorarea m\u00e2nc\u0103rimii \u0219i \u00eenro\u0219irii datorate mu\u0219c\u0103turilor de insecte<\/li>\n<li>forme mai u\u0219oare de eczem\u0103<\/li>\n<li>erup\u021bii cutanate \u0219i irita\u021bii ale pielii la sugari \u0219i copii<\/li>\n<li>prevenirea fisurilor mameloanelor (\u00een timpul al\u0103pt\u0103rii)<\/li>\n<\/ul>\n<p>&nbsp;<\/p>\n<\/div>\n<\/div>\n<div class=\"effect_Wrapper\">\n<p class=\"mainTitle oswald\">Ac\u021biune<\/p>\n<div class=\"text\">\n<p>Pantenolul p\u0103trunde cu u\u0219urin\u021b\u0103 \u00een structura pielii, unde leag\u0103 \u0219i re\u021bine apa, ceea ce confer\u0103 pielii umiditate, catifelare \u0219i \u00eei red\u0103 elasticitatea. \u00cen plus, pantenolul atenueaz\u0103 semnele de inflama\u021bie \u0219i stimuleaz\u0103 epitelizarea.<br \/>\nVitamina E ac\u021bioneaz\u0103 ca un antioxidant - protejeaz\u0103 celulele pielii de efectele adverse ale mediului extern, ca emolient \u0219i umectant, care hidrateaz\u0103 suplimentar pielea, f\u0103c\u00e2nd-o moale.<\/p>\n<\/div>\n<\/div>\n<div class=\"composition_Wrapper\">\n<p class=\"mainTitle oswald\">Compozi\u0163ie<\/p>\n<div class=\"text\">\n<p>100 g crema contine:<\/p>\n<ul>\n<li>Panthenol 75% \u2013 5g<\/li>\n<li>Vitamina E - 0,5 g<\/li>\n<\/ul>\n<\/div>\n<\/div>\n<div class=\"side_effect_Wrapper\">\n<p class=\"mainTitle oswald\">Efect advers<\/p>\n<div class=\"text\">\n<p>Nu aplica\u021bi pe r\u0103ni deschise<\/p>\n<\/div>\n<\/div>","protected":false},"featured_media":5713,"template":"","meta":[],"product_brand":[],"product_cat":[547,3054],"product_tag":[2262,907,2263,623,567,1331,227,209],"class_list":{"0":"post-5712","1":"product","2":"type-product","3":"status-publish","4":"has-post-thumbnail","6":"product_cat-kozmetika-i-nega-za-odrasle","7":"product_cat-akcija","8":"product_tag-krem-gel","9":"product_tag-lice","10":"product_tag-noge","11":"product_tag-pantenol","12":"product_tag-regeneracija","13":"product_tag-ruke","14":"product_tag-suva-koza","15":"product_tag-vitamin-e","16":"pa_brend-crystal-derma","18":"first","19":"instock","20":"shipping-taxable","21":"purchasable","22":"product-type-simple"},"ams_default_variation_id":0,"ams_product_points_reward":[],"ams_product_discount_percentage":0,"ams_price_to_display":630,"ams_acf":[],"jetpack_sharing_enabled":true,"_links":{"self":[{"href":"https:\/\/apotekar-online.rs\/ro\/wp-json\/wp\/v2\/product\/5712","targetHints":{"allow":["GET"]}}],"collection":[{"href":"https:\/\/apotekar-online.rs\/ro\/wp-json\/wp\/v2\/product"}],"about":[{"href":"https:\/\/apotekar-online.rs\/ro\/wp-json\/wp\/v2\/types\/product"}],"wp:featuredmedia":[{"embeddable":true,"href":"https:\/\/apotekar-online.rs\/ro\/wp-json\/wp\/v2\/media\/5713"}],"wp:attachment":[{"href":"https:\/\/apotekar-online.rs\/ro\/wp-json\/wp\/v2\/media?parent=5712"}],"wp:term":[{"taxonomy":"product_brand","embeddable":true,"href":"https:\/\/apotekar-online.rs\/ro\/wp-json\/wp\/v2\/product_brand?post=5712"},{"taxonomy":"product_cat","embeddable":true,"href":"https:\/\/apotekar-online.rs\/ro\/wp-json\/wp\/v2\/product_cat?post=5712"},{"taxonomy":"product_tag","embeddable":true,"href":"https:\/\/apotekar-online.rs\/ro\/wp-json\/wp\/v2\/product_tag?post=5712"}],"curies":[{"name":"wp","href":"https:\/\/api.w.org\/{rel}","templated":true}]}}