{"id":5722,"date":"2024-02-26T09:43:12","date_gmt":"2024-02-26T11:43:12","guid":{"rendered":"https:\/\/apotekar-online.rs\/?post_type=product&#038;p=5722"},"modified":"2026-03-05T08:09:30","modified_gmt":"2026-03-05T10:09:30","slug":"sampon-micoseb-20-mg-g-100-ml","status":"publish","type":"product","link":"https:\/\/apotekar-online.rs\/ro\/p\/mycoseb-sampon-20-mg-g-100ml\/","title":{"rendered":"Mycoseb\u00ae, \u0219ampon, 20 mg\/g 100ml"},"content":{"rendered":"","protected":false},"excerpt":{"rendered":"<h4><b>Distribu\u021bia acestui medicament pe Internet este strict interzis\u0103 \u0219i reglementat\u0103 de legile Republicii Serbia, \u00een timp ce prezentarea lui pe Internet este permis\u0103, exclusiv \u00een scopul inform\u0103rii publicului larg \u0219i profesional cu privire la scopul s\u0103u \u0219i o mai bun\u0103 familiarizare cu caracteristicile de baz\u0103 ale medicamentului \u00een sine.<\/b><\/h4>\n<p>PUTE\u021aI VIZIONA REGULAMENTUL PRIVIND METODA MEDICAMENTULUI PUBLICIT\u0102\u021aI, PRIVIND MEDICINA (\u201eSl. Gl. RS\u201d, nr. 79\/2010)\u00a0<a href=\"http:\/\/www.alims.gov.rs\/ciril\/files\/2012\/06\/p-oglasavanje-79-2010.pdf\">AICI<\/a>.<\/p>\n<p>Mycoseb\u00ae<br \/>\n, sampon, 20 mg\/g<br \/>\nAmbalaj: sticla de plastic, 1 x 100 ml<br \/>\nProduc\u0103tor: HEMOFARM AD VR\u0160AC<br \/>\nAdres\u0103: Beogradski put bb, Vr\u0161ac<br \/>\nSolicitant: HEMOFARM AD VR\u0160AC<br \/>\nAdres\u0103: Beogradski put bb, Vr\u0161ac, Republica Serbia<br \/>\nNum\u0103r decizie: 515-01-02705-14-001 din 18 iunie 2015. pentru medicamentul Mycoseb\u00ae<br \/>\n; \u015fampon; 20 mg\/g; sticla de plastic, 1x100 ml<br \/>\n2 din 6<br \/>\nMycoseb\u00ae<br \/>\n, sampon, 20 mg\/g<br \/>\nINN: ketoconazol<br \/>\nCiti\u021bi cu aten\u021bie acest manual, deoarece con\u021bine informa\u021bii care sunt importante pentru dvs.<br \/>\nAcest medicament poate fi ob\u021binut f\u0103r\u0103 prescrip\u021bie medical\u0103. Cu toate acestea, este necesar s\u0103 utiliza\u021bi Mycoseb cu grij\u0103,<br \/>\npentru a ob\u021bine cele mai bune rezultate cu el.<br \/>\nSalva\u021bi instruc\u021biunile. Este posibil s\u0103 fie nevoie s\u0103-l citi\u021bi din nou.<br \/>\nDac\u0103 mai ave\u021bi \u00eentreb\u0103ri, adresa\u021bi-v\u0103 farmacistului.<br \/>\nDac\u0103 simptomele dumneavoastr\u0103 se agraveaz\u0103 sau nu v\u0103 sim\u021bi\u021bi mai bine dup\u0103 4 s\u0103pt\u0103m\u00e2ni, trebuie s\u0103 v\u0103 adresa\u021bi medicului dumneavoastr\u0103.<br \/>\nDac\u0103 vreo reac\u021bie advers\u0103 devine grav\u0103 sau observa\u021bi orice reac\u021bie advers\u0103 care nu este men\u021bionat\u0103 \u00een<br \/>\naceast\u0103 instruc\u021biune, v\u0103 rug\u0103m s\u0103 v\u0103 informa\u021bi medicul sau farmacistul despre aceasta.<br \/>\n\u00cen acest ghid ve\u021bi citi:<br \/>\n1. Ce este medicamentul Mycoseb \u0219i pentru ce este?<br \/>\n2. Ce trebuie s\u0103 \u015fti\u0163i \u00eenainte de a lua Mycoseb<br \/>\n3. Cum s\u0103 utiliza\u021bi medicamentul Mycoseb<br \/>\n4. Reac\u021bii adverse posibile<br \/>\n5. Cum se p\u0103streaz\u0103 medicamentul Mycoseb<br \/>\n6. Informa\u021bii suplimentare<br \/>\nNum\u0103r decizie: 515-01-02705-14-001 din 18 iunie 2015. pentru medicamentul Mycoseb\u00ae<br \/>\n; \u015fampon; 20 mg\/g; sticla de plastic, 1x100 ml<br \/>\n3 din 6<br \/>\n1. CE ESTE MYCOSEB SI LA CE ESTE?<br \/>\nMedicamentul \u0219ampon Mycoseb con\u021bine substan\u021ba activ\u0103 ketoconazol. Ketoconazolul apar\u021bine unui grup de medicamente numite<br \/>\nantifungice utilizate pentru tratarea infec\u021biilor fungice.<br \/>\nMedicamentul \u0219ampon Mycoseb este utilizat pentru prevenirea \u0219i tratamentul m\u0103tre\u021bii \u0219i dermatitei seboreice a p\u0103r\u021bii p\u0103roase a capului.<br \/>\n2. CE TREBUIE S\u0102 \u0218TI\u021aI \u00ceNAINTE S\u0102 LUA\u021aI MYCOSEB<br \/>\nNu trebuie s\u0103 utiliza\u021bi Mycoseb dac\u0103:<br \/>\n- sunte\u021bi alergic (hipersensibil) la ketoconazol sau la oricare dintre substan\u021bele auxiliare din medicamentul Mycoseb<br \/>\n\u0219ampon (vezi pct. 6).<br \/>\nC\u00e2nd utiliza\u021bi medicamentul Mycoseb, ave\u021bi grij\u0103 deosebit\u0103:<br \/>\nTrebuie avut grij\u0103 s\u0103 nu l\u0103sa\u021bi \u0219amponul s\u0103 intre \u00een contact cu ochii. Dac\u0103 se \u00eent\u00e2mpl\u0103 acest lucru, ochii trebuie sp\u0103la\u021bi cu ap\u0103.<br \/>\n\u00cenainte de a utiliza medicamentul, informa\u021bi medicul sau farmacistul:<br \/>\n- dac\u0103 utiliza\u021bi o lo\u021biune sau o crem\u0103 care con\u021bine un corticosteroid, cum ar fi betametazon\u0103 sau hidrocortizon.<br \/>\n\u00cen acest caz, \u00een timpul aplic\u0103rii \u0219amponului Mycoseb, este necesar s\u0103 se reduc\u0103 treptat dozele<br \/>\ncorticosteroizi timp de 2-3 s\u0103pt\u0103m\u00e2ni. \u00cen acest fel, vei preveni agravarea bolii tale<br \/>\n\u0218amponul Mycoseb nu \u00eencepe s\u0103 func\u021bioneze.<br \/>\nDac\u0103 efectul terapeutic dorit asupra scalpului nu este atins \u00een decurs de 4 s\u0103pt\u0103m\u00e2ni, trebuie s\u0103 consulta\u021bi un medic sau<br \/>\nfarmacist.<br \/>\nAdministrarea altor medicamente<br \/>\nSpune\u021bi medicului dumneavoastr\u0103 sau farmacistului dac\u0103 lua\u021bi sau a\u021bi luat recent orice alte medicamente, inclusiv<br \/>\ncele care pot fi ob\u021binute f\u0103r\u0103 prescrip\u021bie medical\u0103.<br \/>\nNu exist\u0103 interac\u021biuni cunoscute cu alte medicamente atunci c\u00e2nd se aplic\u0103 ketoconazol topic.<br \/>\nAplicarea medicamentului Mycoseb \u00een timpul sarcinii \u0219i al\u0103pt\u0103rii<br \/>\n\u00cenainte de a \u00eencepe s\u0103 lua\u021bi orice medicament, consulta\u021bi medicul sau farmacistul.<br \/>\nPute\u021bi folosi \u0219amponul Mycoseb dac\u0103 sunte\u021bi \u00eens\u0103rcinat\u0103 sau al\u0103pta\u021bi. Cu toate acestea, \u00eenainte de a aplica fie<br \/>\ncare medicament \u00een timpul sarcinii sau al\u0103pt\u0103rii, consulta\u021bi medicul pentru sfaturi.<br \/>\nEfectul Mycoseb asupra conducerii vehiculelor \u0219i folosirii utilajelor<br \/>\nMedicamentul Mycoseb nu afecteaz\u0103 capacitatea de a conduce vehicule \u0219i de a folosi utilaje.<br \/>\nNum\u0103r decizie: 515-01-02705-14-001 din 18 iunie 2015. pentru medicamentul Mycoseb\u00ae<br \/>\n; \u015fampon; 20 mg\/g; sticla de plastic, 1x100 ml<br \/>\n4 din 6<br \/>\nInforma\u021bii importante despre unele componente ale Mycoseb<br \/>\n\u0218amponul Mycoseb con\u021bine metilparahidroxibenzoat de sodiu ca substan\u021b\u0103 auxiliar\u0103, care poate provoca<br \/>\nreac\u021bii alergice, chiar \u00eent\u00e2rziate.<br \/>\n3. CUM S\u0102 UTILIZA\u021aI MEDICAMENTUL MYCOSEB<br \/>\nUtiliza\u021bi \u00eentotdeauna \u0219amponul Mycoseb exact a\u0219a cum v-a explicat medicul dumneavoastr\u0103. Samponul Mycoseb este<br \/>\ndestinat numai aplicarii locale pe piele sau par. Dac\u0103 nu sunte\u021bi complet sigur, consulta\u021bi-v\u0103 medicul sau<br \/>\nun farmacist.<br \/>\nPentru aplicare local\u0103.<br \/>\nAdul\u021bi \u0219i adolescen\u021bi cu v\u00e2rsta peste 12 ani<br \/>\n\u0218amponul se aplic\u0103 pe regiunea afectat\u0103 \u0219i dup\u0103 3 p\u00e2n\u0103 la 5 minute se spal\u0103 cu ap\u0103.<br \/>\nTerapie<br \/>\nSp\u0103la\u021bi-v\u0103 p\u0103rul cu \u0219ampon Mycoseb la fiecare 3 p\u00e2n\u0103 la 4 zile timp de 2 p\u00e2n\u0103 la 4 s\u0103pt\u0103m\u00e2ni.<br \/>\nPrevenirea<br \/>\nPentru a preveni reapari\u021bia m\u0103tre\u021bii \u0219i a dermatitei seboreice, p\u0103rul se spal\u0103 cu \u0219ampon Mycoseb.<br \/>\no dat\u0103 pe s\u0103pt\u0103m\u00e2n\u0103 sau la dou\u0103 s\u0103pt\u0103m\u00e2ni.<br \/>\n\u0218amponul Mycoseb nu trebuie aplicat mai des dec\u00e2t este prescris.<br \/>\nDac\u0103 a\u021bi \u00eenghi\u021bit o cantitate mic\u0103 de \u0219ampon Mycoseb<br \/>\n\u00cen cazul \u00een care \u00eenghi\u021bi\u021bi din gre\u0219eal\u0103 \u0219amponul, adresa\u021bi-v\u0103 imediat medicului dumneavoastr\u0103.<br \/>\nDac\u0103 uita\u021bi s\u0103 aplica\u021bi \u0219amponul Mycoseb<br \/>\nDac\u0103 a\u021bi omis s\u0103 aplica\u021bi \u0219amponul Mycoseb, efectua\u021bi tratamentul c\u00e2t mai cur\u00e2nd posibil. Nu folosi<br \/>\no doz\u0103 dubl\u0103 de medicament pentru a compensa doza omis\u0103.<br \/>\nDac\u0103 ave\u021bi orice \u00eentreb\u0103ri suplimentare cu privire la utilizarea acestui medicament, adresa\u021bi-v\u0103 medicului dumneavoastr\u0103 sau farmacistului.<br \/>\n4. REAC\u021aI ADVERSE POSIBILE<br \/>\nMedicamentul \u0219ampon Mycoseb, ca \u0219i alte medicamente, poate provoca reac\u021bii adverse, de\u0219i acestea pot s\u0103 nu se manifeste<br \/>\ncu toata lumea.<br \/>\nInforma\u021bi medicul sau farmacistul dac\u0103 observa\u021bi sau suspecta\u021bi oricare dintre urm\u0103toarele reac\u021bii adverse<br \/>\nactiuni:<br \/>\nReac\u021bii adverse ocazionale (pot ap\u0103rea la p\u00e2n\u0103 la 1 din 100 de pacien\u021bi care iau medicamentul):<br \/>\ninfec\u021bii ale r\u0103d\u0103cinii p\u0103rului, produc\u021bie crescut\u0103 de lacrimi, c\u0103derea neobi\u0219nuit\u0103 a p\u0103rului sau r\u0103rirea p\u0103rului, piele uscat\u0103,<br \/>\nrujeol\u0103, senza\u021bie de arsur\u0103 a pielii, ro\u0219ea\u021b\u0103 a pielii la locul aplic\u0103rii, irita\u021bie la locul aplic\u0103rii, m\u00e2nc\u0103rime \u0219i reac\u021bii<br \/>\nla locul aplic\u0103rii \u0219amponului.<br \/>\nNum\u0103r decizie: 515-01-02705-14-001 din 18 iunie 2015. pentru medicamentul Mycoseb\u00ae<br \/>\n; \u015fampon; 20 mg\/g; sticla de plastic, 1x100 ml<br \/>\n5 din 6<br \/>\nReac\u021bii adverse rare (pot ap\u0103rea la p\u00e2n\u0103 la 1 din 1000 de pacien\u021bi care iau medicamentul):<br \/>\nhipersensibilitate, tulbur\u0103ri ale gustului, irita\u021bie ocular\u0103, acnee, inflama\u021bie a pielii, descuamare a pielii, hipersensibilitate \u0219i modific\u0103ri<br \/>\npe pielea plin\u0103 cu con\u021binut purulent.<br \/>\nEfecte adverse cu frecven\u021b\u0103 necunoscut\u0103 (frecven\u021ba nu poate fi estimat\u0103 din cele disponibile<br \/>\ndate): umflarea vaselor de s\u00e2nge, urticarie, modific\u0103ri ale culorii p\u0103rului<br \/>\nRaportarea reac\u021biilor adverse<br \/>\nDac\u0103 ave\u021bi orice reac\u021bie nedorit\u0103, trebuie s\u0103 v\u0103 informa\u021bi medicul sau farmacistul sau<br \/>\nasistent medical. Aceasta include orice posibile efecte secundare care nu sunt enumerate \u00een acest ghid.<br \/>\nPrin raportarea reac\u021biilor adverse, pute\u021bi contribui la evaluarea siguran\u021bei acestui medicament. \u00cendoial\u0103<br \/>\nPute\u021bi raporta reac\u021biile adverse Agen\u021biei pentru Medicamente \u0219i Dispozitive Medicale din Serbia (ALIMS):<br \/>\nAgen\u021bia pentru Medicamente \u0219i Dispozitive Medicale din Serbia<br \/>\nCentrul Na\u021bional de Farmacovigilen\u021b\u0103<br \/>\nVojvode Stepe 458, 11221 Belgrad<br \/>\nRepublica Serbia<br \/>\nsite: www.alims.gov.rs<br \/>\ne-mail: nezeljene.reakcije@alims.gov.rs<br \/>\n5. CUM SE P\u0102STREAZ\u0102 MYCOSEB<br \/>\nA nu se l\u0103sa la \u00eendem\u00e2na \u0219i vederea copiilor!<br \/>\nData expir\u0103rii:<br \/>\n2 (doi) ani.<br \/>\nPerioada de valabilitate dup\u0103 prima deschidere: p\u00e2n\u0103 la sf\u00e2r\u0219itul perioadei de valabilitate a medicamentului finit, dac\u0103 medicamentul este depozitat \u00een<br \/>\ntemperatura de pana la 30\u00b0C in ambalajul original.<br \/>\nDepozitare:<br \/>\nA se p\u0103stra medicamentul la o temperatur\u0103 de p\u00e2n\u0103 la 30\u00b0C \u00een ambalajul original, pentru a fi protejat de lumin\u0103.<br \/>\nMedicamentele nu trebuie aruncate \u00een canalizare sau \u00een gunoiul menajer. \u00centreba\u021bi-v\u0103 farmacistul cum s\u0103 elimina\u021bi medicamentele care<br \/>\nNu mai ai nevoie de ele. Aceste m\u0103suri ajut\u0103 la conservarea mediului.<br \/>\nMedicamentul neutilizat este distrus \u00een conformitate cu reglement\u0103rile \u00een vigoare.<br \/>\n6. INFORMA\u021aII SUPLIMENTARE<br \/>\nCe con\u021bine Mycoseb<br \/>\nSubstanta activa:<br \/>\nSubstan\u021ba activ\u0103 este ketoconazolul. Un gram de \u0219ampon con\u021bine 20 mg de ketoconazol.<br \/>\nNum\u0103r decizie: 515-01-02705-14-001 din 18 iunie 2015. pentru medicamentul Mycoseb\u00ae<br \/>\n; \u015fampon; 20 mg\/g; sticla de plastic, 1x100 ml<br \/>\n6 din 6<br \/>\nAlte ingrediente sunt:<br \/>\nTexapon NSO (laureth sulfat de sodiu 27%); Texapon SB 3 KC (laureth sulfosuccinat disodic 40%);<br \/>\nComperlan COD (Cocamide DEA 80,5%); Tagat L2 (PEG-20 gliceril laurat); Lamequat L\/NP (Lauryldimonium Hydroxypropyl Hydrolyzed Colagen 35%); Blue Edition, Dragaco 0256194; Nipagin M sodiu<br \/>\n(Metilparahidroxibenzoat de sodiu); Acid clorhidric, concentrat; sulfit de sodiu, anhidru;<br \/>\nCitrat de sodiu, pentasquihidrat; Eritrozin\u0103 E127 CI 45430; Ap\u0103, purificat\u0103.<br \/>\nCum arat\u0103 Mycoseb \u0219i con\u021binutul ambalajului<br \/>\nSolu\u021bie v\u00e2scoas\u0103, de culoare roz-portocaliu, cu un u\u0219or miros de parfum.<br \/>\nFlacon din plastic (HDPE) de 100 ml cu picurator din polietilen\u0103 de joas\u0103 densitate (LDPE), \u00eenchis cu un plastic<br \/>\nobturator. O cutie de carton pliabil\u0103 con\u021bine 1 flacon \u0219i 1 Ghid de medicamente.<\/p>\n<p>Licen\u021biat \u0219i produc\u0103tor<br \/>\nTitularul licen\u021bei:<br \/>\nHEMOFARM AD VR\u0160AC, Beogradski pus bb, Vr\u0161ac<br \/>\nProduc\u0103tor:<br \/>\nHEMOFARM AD VR\u0160AC, Beogradski put bb, Vr\u0161ac, Republica Serbia<br \/>\nAceast\u0103 instruc\u021biune a fost aprobat\u0103 ultima dat\u0103:<br \/>\nmartie, 2015<br \/>\nMod de administrare a medicamentului:<br \/>\nMedicamentul este eliberat f\u0103r\u0103 prescrip\u021bie medical\u0103.<br \/>\nNum\u0103rul \u0219i data licen\u021bei:<br \/>\n515-01-02705-14-001 din 18.06.2015.<\/p>","protected":false},"featured_media":5723,"template":"","meta":[],"product_brand":[],"product_cat":[80],"product_tag":[878,887],"class_list":{"0":"post-5722","1":"product","2":"type-product","3":"status-publish","4":"has-post-thumbnail","6":"product_cat-koza-kosa-i-nokti","7":"product_tag-perut","8":"product_tag-protiv-peruti","9":"pa_brend-hemofarm","11":"first","12":"instock","13":"shipping-taxable","14":"product-type-simple"},"ams_default_variation_id":0,"ams_product_points_reward":[],"ams_product_discount_percentage":0,"ams_price_to_display":0,"ams_acf":[],"jetpack_sharing_enabled":true,"_links":{"self":[{"href":"https:\/\/apotekar-online.rs\/ro\/wp-json\/wp\/v2\/product\/5722","targetHints":{"allow":["GET"]}}],"collection":[{"href":"https:\/\/apotekar-online.rs\/ro\/wp-json\/wp\/v2\/product"}],"about":[{"href":"https:\/\/apotekar-online.rs\/ro\/wp-json\/wp\/v2\/types\/product"}],"wp:featuredmedia":[{"embeddable":true,"href":"https:\/\/apotekar-online.rs\/ro\/wp-json\/wp\/v2\/media\/5723"}],"wp:attachment":[{"href":"https:\/\/apotekar-online.rs\/ro\/wp-json\/wp\/v2\/media?parent=5722"}],"wp:term":[{"taxonomy":"product_brand","embeddable":true,"href":"https:\/\/apotekar-online.rs\/ro\/wp-json\/wp\/v2\/product_brand?post=5722"},{"taxonomy":"product_cat","embeddable":true,"href":"https:\/\/apotekar-online.rs\/ro\/wp-json\/wp\/v2\/product_cat?post=5722"},{"taxonomy":"product_tag","embeddable":true,"href":"https:\/\/apotekar-online.rs\/ro\/wp-json\/wp\/v2\/product_tag?post=5722"}],"curies":[{"name":"wp","href":"https:\/\/api.w.org\/{rel}","templated":true}]}}