{"id":5731,"date":"2024-02-27T10:44:09","date_gmt":"2024-02-27T12:44:09","guid":{"rendered":"https:\/\/apotekar-online.rs\/?post_type=product&#038;p=5731"},"modified":"2026-03-05T08:35:03","modified_gmt":"2026-03-05T10:35:03","slug":"livsane-brusnica-plus-30-kapsula","status":"publish","type":"product","link":"https:\/\/apotekar-online.rs\/ro\/p\/livsane-brusnica-plus-30-kapsula\/","title":{"rendered":"Livsane Brusnica plus 30 capsule"},"content":{"rendered":"","protected":false},"excerpt":{"rendered":"<p>Proantocijanidini iz brusnice poma\u017eu u spre\u010davanju adhezije odre\u0111enih sojeva E\u0161erihije\u00a0koli u urinarnom traktu. E. koli je jedan od naj\u010de\u0161\u0107ih izaziva\u010da urinarnih infekcija, poput cistitisa. Ekstrakt brusnice sadr\u017ei prirodne antioksidanse\u00a0koji doprinose za\u0161titi \u0107elija od oksidativnog stresa. Vitamin B2 doprinosi odr\u017eavanju normalnih mukoznih membrana. Livsane kapsule smanjuju\u00a0rekurentne infekcije urinarnog trakta,\u00a0koncentraciju E\u0161erihije koli i spre\u010davaju prijanjanje bakterija za zidove sluznica u organizmu.<\/p>\n<h5>Dozaj \u0219i mod de administrare<\/h5>\n<p>Deca starija od 6 godina i odrasli treba da popiju dve kapsule dnevno, uz dovoljnu koli\u010dinu vode.<\/p>\n<h5>Compozi\u0163ie<\/h5>\n<p>Suvi ekstrakt brusnice, vitamini B2 i C, selen. Pogodno\u00a0za vegeterijanski i veganski re\u017eim ishrane.<\/p>","protected":false},"featured_media":5732,"template":"","meta":[],"product_brand":[],"product_cat":[132],"product_tag":[1039,2270,2268,359,2269],"class_list":{"0":"post-5731","1":"product","2":"type-product","3":"status-publish","4":"has-post-thumbnail","6":"product_cat-preparati-za-urinarne-infekcije-i-kamen-u-bubregu","7":"product_tag-brusnica","8":"product_tag-cistitis","9":"product_tag-eserihija-coli","10":"product_tag-super-petak","11":"product_tag-urinarna-infekcije","12":"pa_brend-livsane","14":"first","15":"instock","16":"shipping-taxable","17":"product-type-simple"},"ams_default_variation_id":0,"ams_product_points_reward":[],"ams_product_discount_percentage":0,"ams_price_to_display":0,"ams_acf":[],"jetpack_sharing_enabled":true,"_links":{"self":[{"href":"https:\/\/apotekar-online.rs\/ro\/wp-json\/wp\/v2\/product\/5731","targetHints":{"allow":["GET"]}}],"collection":[{"href":"https:\/\/apotekar-online.rs\/ro\/wp-json\/wp\/v2\/product"}],"about":[{"href":"https:\/\/apotekar-online.rs\/ro\/wp-json\/wp\/v2\/types\/product"}],"wp:featuredmedia":[{"embeddable":true,"href":"https:\/\/apotekar-online.rs\/ro\/wp-json\/wp\/v2\/media\/5732"}],"wp:attachment":[{"href":"https:\/\/apotekar-online.rs\/ro\/wp-json\/wp\/v2\/media?parent=5731"}],"wp:term":[{"taxonomy":"product_brand","embeddable":true,"href":"https:\/\/apotekar-online.rs\/ro\/wp-json\/wp\/v2\/product_brand?post=5731"},{"taxonomy":"product_cat","embeddable":true,"href":"https:\/\/apotekar-online.rs\/ro\/wp-json\/wp\/v2\/product_cat?post=5731"},{"taxonomy":"product_tag","embeddable":true,"href":"https:\/\/apotekar-online.rs\/ro\/wp-json\/wp\/v2\/product_tag?post=5731"}],"curies":[{"name":"wp","href":"https:\/\/api.w.org\/{rel}","templated":true}]}}