{"id":581,"date":"2022-07-12T09:37:12","date_gmt":"2022-07-12T09:37:12","guid":{"rendered":"https:\/\/apotekar-online.rs\/product\/bulardi-probiotik-junior-10-kesica\/"},"modified":"2026-05-03T09:49:18","modified_gmt":"2026-05-03T11:49:18","slug":"bulardi-probiotic-junior-10-bag","status":"publish","type":"product","link":"https:\/\/apotekar-online.rs\/ro\/p\/bulardi-probiotik-junior-10-kesica\/","title":{"rendered":"Bulardi Probiotic Junior, 10 pungi"},"content":{"rendered":"","protected":false},"excerpt":{"rendered":"<p>Bulardi Probiotik Junior este utilizat \u00een diareea acut\u0103 \u0219i cronic\u0103 cu antibiotice \u0219i \u00een diareea cu antibiotice, \u00een diareea c\u0103l\u0103torului, pentru reglarea florei intestinale \u0219i \u00eent\u0103rirea imunit\u0103\u021bii, \u00een bolile inflamatorii ale intestinului \u0219i sindromul colonului iritabil, al\u0103turi de terapie \u0219i pentru a preveni reapari\u021bia infec\u021biilor cu Clostridium difficile, cu terapia standard de Helicobacter Pylori. O doz\u0103 eficient\u0103 dovedit\u0103 de 5 miliarde de celule vii ale ciupercii probiotice Saccharomyces Boulardii contribuie la stoparea diareei tuturor copiilor cu utilizarea simultan\u0103 cu un antibiotic. Tehnologia de ambalare a-TECH a fost introdus\u0103 cu scopul de a proteja suplimentar produsul \u0219i de a asigura calitatea.<\/p>\n<p><strong>Dozaj \u0219i mod de utilizare<\/strong><br \/>\n1-2 plicuri pe zi.<\/p>\n<p><strong>Not\u0103:<\/strong>\u00a0Ne str\u0103duim s\u0103 fim c\u00e2t mai precisi \u00een descrierea tuturor produselor, dar nu putem garanta c\u0103 toate descrierile sunt complete \u0219i f\u0103r\u0103 erori. Multumesc pentru intelegere.<br \/>\nToate articolele afi\u0219ate pe site fac parte din oferta noastr\u0103, dar nu \u00eenseamn\u0103 c\u0103 sunt disponibile \u00een orice moment.<\/p>","protected":false},"featured_media":582,"template":"","meta":[],"product_brand":[3145],"product_cat":[340,3054],"product_tag":[1709,1592,1597],"class_list":{"0":"post-581","1":"product","2":"type-product","3":"status-publish","4":"has-post-thumbnail","6":"product_brand-abela","7":"product_cat-deciji-program","8":"product_cat-akcija","9":"product_tag-betty","10":"product_tag-probiotik-za-decu","11":"product_tag-saccharomyces-boulardii","13":"first","14":"instock","15":"sale","16":"purchasable","17":"product-type-simple"},"ams_default_variation_id":0,"ams_product_points_reward":[],"ams_product_discount_percentage":15,"ams_price_to_display":850.42,"ams_acf":[],"jetpack_sharing_enabled":true,"_links":{"self":[{"href":"https:\/\/apotekar-online.rs\/ro\/wp-json\/wp\/v2\/product\/581","targetHints":{"allow":["GET"]}}],"collection":[{"href":"https:\/\/apotekar-online.rs\/ro\/wp-json\/wp\/v2\/product"}],"about":[{"href":"https:\/\/apotekar-online.rs\/ro\/wp-json\/wp\/v2\/types\/product"}],"wp:featuredmedia":[{"embeddable":true,"href":"https:\/\/apotekar-online.rs\/ro\/wp-json\/wp\/v2\/media\/582"}],"wp:attachment":[{"href":"https:\/\/apotekar-online.rs\/ro\/wp-json\/wp\/v2\/media?parent=581"}],"wp:term":[{"taxonomy":"product_brand","embeddable":true,"href":"https:\/\/apotekar-online.rs\/ro\/wp-json\/wp\/v2\/product_brand?post=581"},{"taxonomy":"product_cat","embeddable":true,"href":"https:\/\/apotekar-online.rs\/ro\/wp-json\/wp\/v2\/product_cat?post=581"},{"taxonomy":"product_tag","embeddable":true,"href":"https:\/\/apotekar-online.rs\/ro\/wp-json\/wp\/v2\/product_tag?post=581"}],"curies":[{"name":"wp","href":"https:\/\/api.w.org\/{rel}","templated":true}]}}