{"id":5862,"date":"2024-03-25T06:39:44","date_gmt":"2024-03-25T08:39:44","guid":{"rendered":"https:\/\/apotekar-online.rs\/?post_type=product&#038;p=5862"},"modified":"2026-03-05T08:08:42","modified_gmt":"2026-03-05T10:08:42","slug":"febricet-comprimate-12x500mg","status":"publish","type":"product","link":"https:\/\/apotekar-online.rs\/ro\/p\/febricet-tablete-12x500mg\/","title":{"rendered":"Febricet comprimate 12x500mg"},"content":{"rendered":"","protected":false},"excerpt":{"rendered":"<p style=\"font-weight: 400;\"><b><strong>Distribu\u021bia acestui medicament pe Internet este strict interzis\u0103 \u0219i reglementat\u0103 de legile Republicii Serbia, \u00een timp ce prezentarea lui pe Internet este permis\u0103, exclusiv \u00een scopul inform\u0103rii publicului larg \u0219i profesional cu privire la scopul s\u0103u \u0219i o mai bun\u0103 familiarizare cu caracteristicile de baz\u0103 ale medicamentului \u00een sine.<\/strong><\/b><\/p>\n<p style=\"font-weight: 400;\">PUTE\u021aI VIZIONA REGULAMENTUL PRIVIND METODA MEDICAMENTULUI PUBLICIT\u0102\u021aI, PRIVIND MEDICINA (\u201eSl. Gl. RS\u201d, nr. 79\/2010)\u00a0<a href=\"http:\/\/www.alims.gov.rs\/ciril\/files\/2012\/06\/p-oglasavanje-79-2010.pdf\">AICI<\/a>.<\/p>\n<p style=\"font-weight: 400;\">Febricet\u00ae comprimate, 500 mg INN: paracetamol<br \/>\n<b><strong>Citi\u021bi cu aten\u021bie acest manual, deoarece con\u021bine informa\u021bii care sunt importante pentru dvs.<\/strong><\/b><br \/>\nAcest medicament poate fi ob\u021binut f\u0103r\u0103 prescrip\u021bie medical\u0103. Cu toate acestea, este necesar s\u0103 utiliza\u021bi Febricet cu aten\u021bie pentru a ob\u021bine cele mai bune rezultate din acesta.<br \/>\nSalva\u021bi instruc\u021biunile. Este posibil s\u0103 fie nevoie s\u0103-l citi\u021bi din nou. Dac\u0103 mai ave\u021bi \u00eentreb\u0103ri, adresa\u021bi-v\u0103 farmacistului.<br \/>\nDac\u0103 simptomele dumneavoastr\u0103 se agraveaz\u0103 sau nu v\u0103 sim\u021bi\u021bi mai bine dup\u0103 3 zile, trebuie s\u0103 v\u0103 adresa\u021bi medicului dumneavoastr\u0103.<br \/>\nDac\u0103 vreo reac\u021bie advers\u0103 devine grav\u0103 sau observa\u021bi orice reac\u021bie advers\u0103 care nu este men\u021bionat\u0103 \u00een acest ghid, v\u0103 rug\u0103m s\u0103 v\u0103 informa\u021bi medicul sau farmacistul.<\/p>\n<p style=\"font-weight: 400;\"><b><strong>\u00cen acest ghid ve\u021bi citi:<\/strong><\/b><br \/>\n1. Ce este medicamentul Febricet \u0219i pentru ce este destinat<br \/>\n2. Ce trebuie s\u0103 \u015fti\u0163i \u00eenainte de a lua Febricet<br \/>\n3. Cum se utilizeaz\u0103 medicamentul Febricet<br \/>\n4. Reac\u021bii adverse posibile<br \/>\n5. Cum se p\u0103streaz\u0103 Febricet<br \/>\n6. Informa\u021bii suplimentare<\/p>\n<ol>\n<li style=\"font-weight: 400;\"><b><strong> CE ESTE FEBRICETUL SI LA CE ESTE?<\/strong><\/b><br \/>\nMedicamentul Febricet con\u021bine substan\u021ba activ\u0103 paracetamol, care apar\u021bine grupului de analgezice \u0219i antipiretice. Analgezicele sunt medicamente care amelioreaz\u0103 durerea, iar antipireticele sunt medicamente care scad temperatura crescut\u0103 a corpului. Febricet este utilizat \u00een tratamentul durerilor u\u0219oare p\u00e2n\u0103 la moderate precum dureri de cap, migrene, nevralgie, dureri de din\u021bi, g\u00e2t uscat, dureri menstruale, ameliorarea simptomatic\u0103 a entorsei, entorselor \u0219i durerilor reumatice \u0219i gripei, febr\u0103 \u0219i r\u0103celi \u00eenso\u021bite de temperatur\u0103 ridicat\u0103.<\/li>\n<li style=\"font-weight: 400;\"><b><strong> CE TREBUIE S\u0102 \u0218TI\u021aI \u00ceNAINTE DE A LUA FEBRICET<\/strong><\/b><br \/>\nNu trebuie s\u0103 utiliza\u021bi medicamentul Febricet: Nu trebuie s\u0103 lua\u021bi comprimate Febricet dac\u0103 ave\u021bi o alergie (hipersensibilitate) la paracetamol sau la oricare dintre ingredientele medicamentului (vezi \u201eCon\u021binutul excipien\u021bilor\u201d).<br \/>\nDe asemenea, nu trebuie s\u0103 le lua\u021bi dac\u0103 utiliza\u021bi deja un preparat care con\u021bine paracetamol.<\/li>\n<\/ol>\n<p style=\"font-weight: 400;\"><b><strong>C\u00e2nd lua\u021bi Febricet, ave\u021bi grij\u0103 deosebit\u0103:<\/strong><\/b><br \/>\nDac\u0103 ave\u021bi boal\u0103 hepatic\u0103 sau renal\u0103 sever\u0103, inclusiv boal\u0103 hepatic\u0103 indus\u0103 de alcool sau deficit de G-6-PD (o boal\u0103 mo\u0219tenit\u0103 care provoac\u0103 un num\u0103r sc\u0103zut de globule ro\u0219ii)<\/p>\n<p style=\"font-weight: 400;\"><b><strong>Administrarea altor medicamente<\/strong><\/b><br \/>\nSpune\u021bi medicului dumneavoastr\u0103 sau farmacistului dac\u0103 lua\u021bi sau a\u021bi luat recent orice alte medicamente, inclusiv dintre cele eliberate f\u0103r\u0103 prescrip\u021bie medical\u0103.<br \/>\nAcest lucru se aplic\u0103 \u00een special la utilizarea urm\u0103toarelor medicamente:<br \/>\nmetoclopramid\u0103 sau domperidon\u0103 (pentru a trata grea\u021ba sau v\u0103rs\u0103turile)<br \/>\ncolestiramin\u0103 (pentru a trata nivelul ridicat al colesterolului)<br \/>\nanticoagulante (medicamente care previn coagularea s\u00e2ngelui, de exemplu warfarina)<br \/>\ncloramfenicol (pentru tratarea infec\u021biilor bacteriene)<\/p>\n<p style=\"font-weight: 400;\"><b><strong>Luarea Febricet cu alimente sau b\u0103uturi<\/strong><\/b><br \/>\nConsumul cronic de alcool cre\u0219te riscul de afectare a ficatului la pacien\u021bii care iau paracetamol.<\/p>\n<p style=\"font-weight: 400;\"><b><strong>Utilizarea Febricet \u00een timpul sarcinii \u0219i al\u0103pt\u0103rii<\/strong><\/b><br \/>\n\u00cenainte de a \u00eencepe s\u0103 lua\u021bi orice medicament, consulta\u021bi medicul sau farmacistul.<br \/>\nPute\u021bi lua comprimate Febricet dac\u0103 sunte\u021bi \u00eens\u0103rcinat\u0103 sau al\u0103pta\u021bi, dar ca \u0219i \u00een cazul altor medicamente, trebuie s\u0103 v\u0103 consulta\u021bi medicul. Dac\u0103 ave\u021bi \u00eentreb\u0103ri, adresa\u021bi-v\u0103 medicului dumneavoastr\u0103.<\/p>\n<p style=\"font-weight: 400;\"><b><strong>Influen\u021ba medicamentului Febricet asupra conducerii autovehiculelor \u0219i a func\u021bion\u0103rii ma\u0219inilor<\/strong><\/b><br \/>\nNu exist\u0103 date privind efectul medicamentului asupra abilit\u0103\u021bilor psihofizice atunci c\u00e2nd conduce\u021bi un autovehicul \u0219i folosi\u021bi utilaje.<\/p>\n<p style=\"font-weight: 400;\"><b><strong>Informa\u021bii importante despre unele componente ale Febricet<\/strong><\/b><br \/>\nMedicamentul Febricet comprimate con\u021bine ulei de ricin, care poate provoca probleme cu stomacul \u0219i diaree.<\/p>\n<ol start=\"3\">\n<li style=\"font-weight: 400;\"><b><strong> CUM S\u0102 UTILIZA\u021aI MEDICAMENTUL FEBRIT<\/strong><\/b><br \/>\nComprimatele Febricet se administreaz\u0103 pe cale oral\u0103.<br \/>\nAdul\u021bi (inclusiv v\u00e2rstnici) \u0219i copii peste 12 ani 2 comprimate la fiecare 4-6 ore, p\u00e2n\u0103 la maximum 8 comprimate pe zi.<br \/>\nCopii de la 6 p\u00e2n\u0103 la 12 ani \u00bd-1 comprimat la fiecare 4-6 ore, p\u00e2n\u0103 la maximum 4 comprimate pe zi.<br \/>\nCopii sub 6 ani Comprimatele Febricet nu sunt potrivite copiilor sub 6 ani.<br \/>\nNu aplica\u021bi mai mult de 3 zile f\u0103r\u0103 consultarea prealabil\u0103 a medicului sau farmacistului.<\/li>\n<\/ol>\n<p style=\"font-weight: 400;\"><b><strong>Dac\u0103 a\u0163i luat mai mult dec\u00e2t trebuie din Febricet<\/strong><\/b><br \/>\nDac\u0103 a\u021bi luat o doz\u0103 de comprimate Febricet mai mare dec\u00e2t ar trebui, informa\u021bi imediat medicul sau farmacistul! \u00cen caz de supradozaj, este necesar s\u0103 consulta\u021bi imediat un medic, chiar dac\u0103 v\u0103 sim\u021bi\u021bi bine, deoarece exist\u0103 riscul unor leziuni hepatice severe.<\/p>\n<p style=\"font-weight: 400;\"><b><strong>Dac\u0103 uita\u0163i s\u0103 lua\u0163i Febricet<\/strong><\/b><br \/>\nNu lua\u021bi niciodat\u0103 o doz\u0103 dubl\u0103 pentru a compensa doza omis\u0103! Dac\u0103 a\u021bi omis o doz\u0103, lua\u021bi-o c\u00e2t mai cur\u00e2nd posibil. Cu toate acestea, dac\u0103 se apropie timpul pentru administrarea urm\u0103toarei doze, continua\u021bi s\u0103 lua\u021bi medicamentul conform regimului recomandat.<\/p>\n<p style=\"font-weight: 400;\"><b><strong>Dac\u0103 \u00eenceta\u021bi brusc s\u0103 lua\u021bi Febricet<\/strong><\/b><br \/>\nMedicul dumneavoastr\u0103 v\u0103 va sf\u0103tui c\u00e2nd s\u0103 opri\u021bi terapia.<\/p>\n<ol start=\"4\">\n<li style=\"font-weight: 400;\"><b><strong> POSIBILE EFECTE ADVERSE<\/strong><\/b><br \/>\nCa \u0219i alte medicamente, medicamentul Febricet poate provoca reac\u021bii nedorite, de\u0219i acestea nu pot ap\u0103rea la toat\u0103 lumea.<br \/>\nEfectele adverse ale paracetamolului sunt clasificate \u00een func\u021bie de frecven\u021ba de apari\u021bie:<br \/>\nRare (la 1-10 din 10.000 de pacien\u021bi care iau medicamentul): sl\u0103biciune, sc\u0103dere a tensiunii arteriale, cre\u0219terea nivelului enzimelor hepatice (transaminaze)<br \/>\nFoarte rare (mai pu\u021bin de 1 din 10.000 de pacien\u021bi care iau medicamentul): reac\u021bii de hipersensibilitate, sc\u0103derea num\u0103rului de trombocite, sc\u0103derea num\u0103rului de globule albe, sc\u0103derea num\u0103rului de globule albe (neutrofile)<br \/>\nAu fost raportate cazuri foarte rare de reac\u021bii de hipersensibilitate, de la simpl\u0103 erup\u021bie cutanat\u0103 sau urticarie (urticarie) p\u00e2n\u0103 la \u0219oc anafilactic, care necesit\u0103 \u00eentreruperea tratamentului.<br \/>\nAu fost raportate cazuri de ro\u0219ea\u021b\u0103, m\u00e2nc\u0103rime, b\u0103t\u0103i rapide ale inimii \u0219i bufeuri.<\/li>\n<li style=\"font-weight: 400;\"><b><strong> CUM SE P\u0102STREAZ\u0102 MEDICAMENTUL FEBRICET<\/strong><\/b><br \/>\nA nu se l\u0103sa la \u00eendem\u00e2na \u0219i vederea copiilor!<br \/>\nPerioada de valabilitate: 3 (trei) ani. Nu utiliza\u021bi Febricet dup\u0103 data de expirare indicat\u0103 pe ambalaj.<br \/>\nTermenul de utilizare expir\u0103 \u00een ultima zi a lunii specificate.<br \/>\nDepozitare: A se pastra la o temperatura de pana la 25o C, in ambalajul original, ferit de lumina.<br \/>\nMedicamentele nu trebuie aruncate \u00een canalizare sau \u00een gunoiul menajer. \u00centreba\u021bi-v\u0103 farmacistul cum s\u0103 elimina\u021bi medicamentele de care nu mai ave\u021bi nevoie.<br \/>\nAceste m\u0103suri ajut\u0103 la conservarea mediului. Medicamentul neutilizat este distrus \u00een conformitate cu reglement\u0103rile \u00een vigoare.<\/li>\n<li style=\"font-weight: 400;\"><b><strong> INFORMA\u021aII SUPLIMENTARE<\/strong><\/b><br \/>\nCe con\u021bine Febricet?<br \/>\nSubstan\u021bele active sunt: 1 comprimat con\u021bine: paracetamol 500 mg<br \/>\nAlte ingrediente sunt: gelatin\u0103, Macrogol 6000, talc, croscarmeloz\u0103 sodic\u0103, ulei de ricin, hidrogenat, celuloz\u0103, microcristalin\u0103, stearat de magneziu.<\/li>\n<\/ol>\n<p style=\"font-weight: 400;\"><b><strong>Cum arat\u0103 medicamentul Febricet \u0219i con\u021binutul ambalajului<\/strong><\/b><br \/>\nTablete albe, rotunde. Ambalaj interior: 2 benzi AL\/PE cu c\u00e2te 6 comprimate, 12 comprimate \u00een total. Ambalajul exterior este o cutie de carton pliabil\u0103.<\/p>\n<p style=\"font-weight: 400;\"><b><strong>\u00cenainte de utilizare, studia\u021bi instruc\u021biunile \u00een detaliu. Consulta\u021bi-v\u0103 medicul sau farmacistul despre indica\u021bii, precau\u021bii \u0219i reac\u021bii adverse la medicamente.<\/strong><\/b><\/p>","protected":false},"featured_media":5863,"template":"","meta":[],"product_brand":[],"product_cat":[778],"product_tag":[2260,492,781],"class_list":{"0":"post-5862","1":"product","2":"type-product","3":"status-publish","4":"has-post-thumbnail","6":"product_cat-lekovi-protiv-bolova","7":"product_tag-bolove","8":"product_tag-paracetamol","9":"product_tag-temperatura","10":"pa_brend-hemofarm","12":"first","13":"instock","14":"shipping-taxable","15":"product-type-simple"},"ams_default_variation_id":0,"ams_product_points_reward":[],"ams_product_discount_percentage":0,"ams_price_to_display":0,"ams_acf":[],"jetpack_sharing_enabled":true,"_links":{"self":[{"href":"https:\/\/apotekar-online.rs\/ro\/wp-json\/wp\/v2\/product\/5862","targetHints":{"allow":["GET"]}}],"collection":[{"href":"https:\/\/apotekar-online.rs\/ro\/wp-json\/wp\/v2\/product"}],"about":[{"href":"https:\/\/apotekar-online.rs\/ro\/wp-json\/wp\/v2\/types\/product"}],"wp:featuredmedia":[{"embeddable":true,"href":"https:\/\/apotekar-online.rs\/ro\/wp-json\/wp\/v2\/media\/5863"}],"wp:attachment":[{"href":"https:\/\/apotekar-online.rs\/ro\/wp-json\/wp\/v2\/media?parent=5862"}],"wp:term":[{"taxonomy":"product_brand","embeddable":true,"href":"https:\/\/apotekar-online.rs\/ro\/wp-json\/wp\/v2\/product_brand?post=5862"},{"taxonomy":"product_cat","embeddable":true,"href":"https:\/\/apotekar-online.rs\/ro\/wp-json\/wp\/v2\/product_cat?post=5862"},{"taxonomy":"product_tag","embeddable":true,"href":"https:\/\/apotekar-online.rs\/ro\/wp-json\/wp\/v2\/product_tag?post=5862"}],"curies":[{"name":"wp","href":"https:\/\/api.w.org\/{rel}","templated":true}]}}