{"id":5871,"date":"2024-03-25T07:03:11","date_gmt":"2024-03-25T09:03:11","guid":{"rendered":"https:\/\/apotekar-online.rs\/?post_type=product&#038;p=5871"},"modified":"2026-03-05T08:08:42","modified_gmt":"2026-03-05T10:08:42","slug":"herbion-sirup-islandski-lisaj-150ml","status":"publish","type":"product","link":"https:\/\/apotekar-online.rs\/ro\/p\/herbion-sirup-islandski-lisaj-150ml\/","title":{"rendered":"Sirop Herbion lichen islandez 150ml"},"content":{"rendered":"","protected":false},"excerpt":{"rendered":"<p><strong>V\u00e2nzarea acestui medicament prin internet este interzis\u0103 de legea Republicii Serbia, \u00een timp ce publicitatea acestuia prin internet este permis\u0103 doar ca reamintire \u0219i are scop informativ.<\/strong><\/p>\n<p>&nbsp;<\/p>\n<p>Herbion\uf0d2<br \/>\nsirup od islandskog li\u0161aja, sirup<br \/>\nCiti\u021bi cu aten\u021bie acest prospect \u00eenainte de a \u00eencepe s\u0103 lua\u021bi acest medicament deoarece con\u021bine informa\u021bii<br \/>\ncare sunt importante pentru tine.<br \/>\nLua\u021bi \u00eentotdeauna acest medicament exact a\u0219a cum este men\u021bionat \u00een acest prospect sau a\u0219a cum v-a explicat medicul dumneavoastr\u0103<br \/>\nsau un farmacist.<br \/>\n\uf02d Salva\u021bi instruc\u021biunile. Este posibil s\u0103 fie nevoie s\u0103-l citi\u021bi din nou.<br \/>\n\uf02d Dac\u0103 ave\u021bi \u00eentreb\u0103ri suplimentare sau ave\u021bi nevoie de sfaturi, contacta\u021bi-v\u0103 farmacistul.<br \/>\n\uf02d Dac\u0103 prezenta\u0163i orice reac\u0163ii adverse, adresa\u0163i-v\u0103 medicului dumneavoastr\u0103 sau farmacistului. Acest<br \/>\ninclude orice reac\u021bii adverse care nu sunt enumerate \u00een acest ghid. Vezi sec\u021biunea 4.<br \/>\n\uf02d Dac\u0103 nu v\u0103 sim\u021bi\u021bi mai bine sau v\u0103 sim\u021bi\u021bi mai r\u0103u dup\u0103 7 zile, trebuie s\u0103 v\u0103 adresa\u021bi medicului dumneavoastr\u0103.<br \/>\n\u00cen acest ghid ve\u021bi citi:<br \/>\n1. \u0160ta je lek Herbion sirup od islandskog li\u0161aja i \u010demu je namenjen<br \/>\n2. \u0160ta treba da znate pre nego \u0161to uzmete lek Herbion sirup od islandskog li\u0161aja<br \/>\n3. Kako se uzima lek Herbion sirup od islandskog li\u0161aja<br \/>\n4. Reac\u021bii adverse posibile<br \/>\n5. Kako \u010duvati lek Herbion sirup od islandskog li\u0161aja<br \/>\n6. Con\u021binutul pachetului \u0219i alte informa\u021bii<br \/>\n2 din 4<br \/>\n1. \u0160ta je lek Herbion sirup od islandskog li\u0161aja i \u010demu je namenjen<br \/>\nLek Herbion sirup od islandskog li\u0161aja sadr\u017ei meki ekstrakt talusa islandskog li\u0161aja.<br \/>\nTo je tradicionalni biljni lek koji se preporu\u010duje za simptomatsko ubla\u017eavanje nadra\u017eenosti sluzoko\u017ee usne<br \/>\nduplje i \u017edrela i prate\u0107eg suvog ka\u0161lja.<br \/>\nEkstrakt islandskog li\u0161aja sadr\u017ei sluzi za koje se pretpostavlja da prekrivaju, \u0161tite i vla\u017ee sluzoko\u017eu usne<br \/>\nduplje i \u017edrela, ubla\u017eavaju\u0107i na taj na\u010din iritaciju i suv ka\u0161alj.<br \/>\nUpotreba u navedenim indikacijama se zasniva isklju\u010divo na dugotrajnom iskustvu.<br \/>\nTrebuie s\u0103 v\u0103 adresa\u021bi medicului dumneavoastr\u0103 dac\u0103 nu v\u0103 sim\u021bi\u021bi mai bine sau dac\u0103 v\u0103 sim\u021bi\u021bi mai r\u0103u dup\u0103 7 zile.<br \/>\n2. \u0160ta treba da znate pre nego \u0161to uzmete lek Herbion sirup od islandskog li\u0161aja<br \/>\nLek Herbion sirup od islandskog li\u0161aja ne smete uzimati:<br \/>\n&#8211; ako ste alergi\u010dni (preosetljivi) na ekstrakt islandskog li\u0161aja ili na bilo koju od pomo\u0107nih supstanci<br \/>\novog leka (navedene u odeljku 6).<br \/>\nAvertismente \u0219i precau\u021bii<br \/>\nRazgovarajte sa svojim lekarom ili farmaceutom pre nego \u0161to uzmete lek Herbion sirup od islandskog li\u0161aja:<br \/>\n&#8211; ukoliko imate probleme sa disajnim putevima, koje prate ote\u017eano disanje, povi\u0161enu telesnu<br \/>\ntemperaturu, hroni\u010dni ka\u0161alj ili krv u ispljuvku, morate odmah posetiti svog lekara,<br \/>\n&#8211; ukoliko se simptomi bolesti ne pobolj\u0161aju nakon 7 dana le\u010denja ili se pogor\u0161aju tokom le\u010denja<br \/>\npotrebno je posetiti lekara.<br \/>\nCopii si adolescenti<br \/>\nLek Herbion sirup od islandskog li\u0161aja je namenjen za upotrebu kod odraslih i dece starije od 4 godine.<br \/>\nPre primene leka kod dece uzrasta od 2 do 4 godine treba se posavetovati sa lekarom.<br \/>\nDrugi lekovi i Herbion sirup od islandskog li\u0161aja<br \/>\nObavestite svog lekara ili farmaceuta ako uzimate, donedavno ste uzimali ili \u0107ete mo\u017eda uzimati bilo koje<br \/>\nalte medicamente, inclusiv cele care pot fi ob\u021binute f\u0103r\u0103 prescrip\u021bie medical\u0103.<br \/>\nSirup mo\u017ee, zbog sadr\u017eaja sluzi, da uspori resorpciju lekova u slu\u010daju da se primenjuje istovremeno.<br \/>\nZbog toga se preporu\u010duje da se lek uzima pola sata do 1 sat pre ili posle uzimanja drugih lekova.<br \/>\nPotrebno je izbegavati istovremenu primenu leka Herbion sirup od islandskog li\u0161aja i varfarina (lek koji<br \/>\nspre\u010dava zgru\u0161avanje krvi), zbog mogu\u0107e farmakodinamske interakcije koja mo\u017ee dovesti do smanjenja<br \/>\nresorpcije varfarina iz gastrointestinalnog trakta.<br \/>\nSarcina \u0219i al\u0103ptarea<br \/>\nDac\u0103 sunte\u021bi gravid\u0103 sau al\u0103pta\u021bi, crede\u021bi c\u0103 sunte\u021bi gravid\u0103 sau inten\u021biona\u021bi s\u0103 r\u0103m\u00e2ne\u021bi gravid\u0103, adresa\u021bi-v\u0103 medicului dumneavoastr\u0103 sau<br \/>\nfarmacistului pentru sfaturi \u00eenainte de a lua acest medicament.<br \/>\nNe preporu\u010duje se upotreba leka Herbion sirup od islandskog li\u0161aja tokom trudno\u0107e i dojenja zbog<br \/>\nnedovoljnih podataka o upotrebi ekstrakta islandskog li\u0161aja kod trudnica i majki koje doje decu.<br \/>\nConducerea vehiculelor \u0219i operarea ma\u0219inilor<br \/>\nNije utvr\u0111eno da lek Herbion sirup od islandskog li\u0161aja uti\u010de na sposobnost upravljanja vozilima i rukovanja<br \/>\nmasini.<br \/>\nLek Herbion sirup od islandskog li\u0161aja sadr\u017ei sorbitol, te\u010dni, nekristali\u0161u\u0107i (E420) i etanol<br \/>\nLek Herbion sirup od islandskog li\u0161aja sadr\u017ei 760 mg sorbitola, te\u010dnog, nekristali\u0161u\u0107eg (E420) u jednom<br \/>\nmililitru. U slu\u010daju intolerancije na pojedine \u0161e\u0107ere, obratite se Va\u0161em lekaru pre upotrebe ovog leka.<br \/>\nSorbitol deluje blago laksativno. Kalorijska vrednost je 2,6 kcal\/g sorbitola.<br \/>\nOvaj lek sadr\u017ei manje koli\u010dine etanola (alkohola), manje od 100 mg po dozi.<br \/>\n3 din 4<br \/>\n3. Kako se uzima lek Herbion sirup od islandskog li\u0161aja<br \/>\nLua\u021bi \u00eentotdeauna acest medicament exact a\u0219a cum este men\u021bionat \u00een acest prospect sau a\u0219a cum v-a explicat medicul dumneavoastr\u0103<br \/>\nsau un farmacist. Dac\u0103 nu sunte\u021bi sigur, consulta\u021bi medicul sau farmacistul.<br \/>\nUobi\u010dajena doza za odrasle i adolescente starije od 16 godina je 15 mL sirupa \u010detiri puta dnevno.<br \/>\nUobi\u010dajena doza za decu od 10 do 16 godina je 10 mL sirupa \u010detiri puta dnevno.<br \/>\nUobi\u010dajena doza za decu od 4 do 10 godina je 5 mL sirupa \u010detiri puta dnevno.<br \/>\nUobi\u010dajena doza za decu od 2 do 4 godine: 2,5 mL sirupa \u010detiri puta dnevno.<br \/>\nDeca uzrasta od 2 do 4 godine smeju da primenjuju ovaj lek isklju\u010divo po savetu lekara.<br \/>\nLek Herbion sirup od islandskog li\u0161aja nije namenjen za primenu kod dece mla\u0111e od 2 godine.<br \/>\nNemojte jesti ili piti neposredno posle uzimanja leka Herbion sirup od islandskog li\u0161aja, jer se ovaj lek tako<br \/>\nmo\u017ee prebrzo ukloniti sa sluzoko\u017ee usne duplje i \u017edrela.<br \/>\nPreporu\u010duje se da pijete velike koli\u010dine \u010daja i drugih toplih napitaka dok uzimate lek Herbion sirup od<br \/>\nislandskog li\u0161aja, ali ne neposredno po uzimanju ovog leka.<br \/>\nAko se simptomi pogor\u0161aju ili ne do\u0111e do pobolj\u0161anja nakon 7 dana primene leka, potrebno je da se obratite<br \/>\nlekaru.<br \/>\nPre upotrebe promu\u0107kati bocu.<br \/>\nAko ste uzeli vi\u0161e leka Herbion sirup od islandskog li\u0161aja nego \u0161to treba<br \/>\nNemojte uzimati doze ve\u0107e od preporu\u010denih.<br \/>\nUnos doza ve\u0107ih od preporu\u010denih mo\u017ee delovati iritiraju\u0107e na sluzoko\u017eu \u017eeluca.<br \/>\nAko ste zaboravili da uzmete lek Herbion sirup od islandskog li\u0161aja<br \/>\nNu lua\u021bi o doz\u0103 dubl\u0103 pentru a compensa doza omis\u0103.<br \/>\nDac\u0103 ave\u021bi orice \u00eentreb\u0103ri suplimentare cu privire la utilizarea acestui medicament, adresa\u021bi-v\u0103 medicului dumneavoastr\u0103 sau farmacistului.<br \/>\n4. Reac\u021bii adverse posibile<br \/>\nCa toate medicamentele, acest medicament poate provoca reac\u021bii adverse, cu toate c\u0103 nu apar la toate persoanele.<br \/>\npacien\u0163ii care iau acest medicament.<br \/>\nFrecven\u021b\u0103 necunoscut\u0103 (nu poate fi estimat\u0103 din datele disponibile):<br \/>\n&#8211; reakcija preosetljivosti koja se ispoljava kao svrab, crvenilo na ko\u017ei ili ote\u017eano disanje.<br \/>\nAko se javi alergijska reakcija, prestanite da uzimate ovaj lek i posavetujte se sa lekarom.<br \/>\nRaportarea reac\u021biilor adverse<br \/>\nDac\u0103 ave\u021bi orice reac\u021bie nedorit\u0103, trebuie s\u0103 v\u0103 informa\u021bi medicul sau farmacistul.<br \/>\nAceasta include orice posibile efecte secundare care nu sunt enumerate \u00een acest ghid. Prin \u00eenscriere<br \/>\nreac\u021biile adverse pot ajuta la evaluarea siguran\u021bei acestui medicament. Ei suspecteaz\u0103 reac\u021bii nedorite<br \/>\npute\u021bi raporta la Agen\u021bia pentru Medicamente \u0219i Dispozitive Medicale din Serbia (ALIMS):<br \/>\nAgen\u021bia pentru Medicamente \u0219i Dispozitive Medicale din Serbia<br \/>\nCentrul Na\u021bional de Farmacovigilen\u021b\u0103<br \/>\nVojvode Stepe 458, 11221 Belgrad<br \/>\n4 din 4<br \/>\nRepublica Serbia<br \/>\nsite: www.alims.gov.rs<br \/>\ne-mail: nezeljene.reakcije@alims.gov.rs<br \/>\n5. Kako \u010duvati lek Herbion sirup od islandskog li\u0161aja<br \/>\nNu l\u0103sa\u021bi medicamentul la vederea \u0219i \u00eendem\u00e2na copiilor.<br \/>\nNe smete koristiti lek Herbion sirup od islandskog li\u0161aja posle isteka roka upotrebe nazna\u010denog na<br \/>\nspolja\u0161njem i unutra\u0161njem pakovanju nakon \u201eVa\u017ei do:\u201d. Datum isteka roka upotrebe se odnosi na poslednji<br \/>\ndan navedenog meseca.<br \/>\nNe \u010duvati u fri\u017eideru.<br \/>\nPerioada de valabilitate dup\u0103 prima deschidere: 3 luni.<br \/>\nMedicamentele inutilizabile se predau farmaciei unde se afi\u0219eaz\u0103 anun\u021bul c\u0103 urmeaz\u0103 s\u0103 fie ridicate \u00een farmacia respectiv\u0103.<br \/>\nmedicamente inutilizabile de la cet\u0103\u021beni. Medicamentele inutilizabile nu trebuie aruncate \u00een canalizare sau \u00eempreun\u0103 cu<br \/>\ndeseuri municipale. Aceste m\u0103suri vor ajuta la protejarea mediului.<br \/>\n6. Con\u021binutul pachetului \u0219i alte informa\u021bii<br \/>\n\u0160ta sadr\u017ei lek Herbion sirup od islandskog li\u0161aja<br \/>\n&#8211; Aktivna supstanca je meki ekstrakt talusa islandskog li\u0161aja. 1 mL sirupa sadr\u017ei 6 mg mekog ekstrakta<br \/>\ntalusa islandskog li\u0161aja (Cetraria islandica (L.) Acharius s.l., thallus) (16-18:1), \u0161to odgovara 96-108<br \/>\nmg islandskog li\u0161aja. Rastvara\u010d za ekstrakciju: voda, pre\u010di\u0161\u0107ena.<br \/>\n&#8211; Pomo\u0107ne supstance su: sorbitol, te\u010dni, nekristali\u0161u\u0107i (E420); ksantan guma (E415); natrijum-benzoat<br \/>\n(E211); limunska kiselina, monohidrat (E330) i aroma limuna (sadr\u017ei: ulje limuna, etanol, vodu,<br \/>\npre\u010di\u0161\u0107enu, Citral ex. Litsea cubeba). Vidite odeljak 2 Lek Herbion sirup od islandskog li\u0161aja sadr\u017ei<br \/>\nsorbitol, te\u010dni, nekristali\u0161u\u0107i (E420) i etanol.<br \/>\nKako izgleda lek Herbion sirup od islandskog li\u0161aja i sadr\u017eaj pakovanja<br \/>\nSirup je \u017euto-sme\u0111a do sme\u0111a, slabo opalescentna te\u010dnost, specifi\u010dnog mirisa i ukusa. Mo\u017ee biti prisutan<br \/>\ndiskretan talog specifi\u010dan za prirodne supstance.<br \/>\nUnutra\u0161nje pakovanje leka je boca od tamnog stakla (hidroliti\u010dke otpornosti tip III prema Ph. Eur.) sa<br \/>\nplasti\u010dnim zatvara\u010dem i ka\u0161ikom za doziranje (ka\u0161ika je poluprovidna od polipropilena, zapremine 5 mL,<br \/>\ngraduisana na 1,25 mL i 2,5 mL). Boca sadr\u017ei 150 mL sirupa.<br \/>\nSpolja\u0161nje pakovanje leka je slo\u017eiva kartonska kutija u kojoj se nalazi staklena boca sa 150 mL sirupa,<br \/>\nka\u0161ika za doziranje i Uputstvo za lek.<br \/>\nDe\u021bin\u0103torul licen\u021bei \u0219i produc\u0103torul<br \/>\nDe\u021bin\u0103torul licen\u021bei<br \/>\nKRKA-FARMA DOO BELGRADE, Jurija Gagarina 26\/V\/II, Belgrad<br \/>\nProduc\u0103tor<br \/>\nKRKA DD, NOVO MESTO, \u0160marje\u0161ka cesta 6, Novo mesto, Slovenia<br \/>\nAceast\u0103 instruc\u021biune a fost aprobat\u0103 ultima dat\u0103<br \/>\nApril, 2020.<br \/>\nMod de administrare a medicamentului:<br \/>\nMedicamentul este eliberat f\u0103r\u0103 prescrip\u021bie medical\u0103.<br \/>\nNum\u0103rul \u0219i data licen\u021bei:<br \/>\n515-01-02640-19-001 od 16.04.2020<\/p>","protected":false},"featured_media":5872,"template":"","meta":[],"product_brand":[],"product_cat":[151],"product_tag":[524,1541,1060,1713],"class_list":{"0":"post-5871","1":"product","2":"type-product","3":"status-publish","4":"has-post-thumbnail","6":"product_cat-prehlada-i-kasalj","7":"product_tag-bez-secera","8":"product_tag-islandski-lisaj","9":"product_tag-nadrazajni-kasalj","10":"product_tag-suv-kasalj","11":"pa_brend-krka","13":"first","14":"instock","15":"shipping-taxable","16":"product-type-simple"},"ams_default_variation_id":0,"ams_product_points_reward":[],"ams_product_discount_percentage":0,"ams_price_to_display":0,"ams_acf":[],"jetpack_sharing_enabled":true,"_links":{"self":[{"href":"https:\/\/apotekar-online.rs\/ro\/wp-json\/wp\/v2\/product\/5871","targetHints":{"allow":["GET"]}}],"collection":[{"href":"https:\/\/apotekar-online.rs\/ro\/wp-json\/wp\/v2\/product"}],"about":[{"href":"https:\/\/apotekar-online.rs\/ro\/wp-json\/wp\/v2\/types\/product"}],"wp:featuredmedia":[{"embeddable":true,"href":"https:\/\/apotekar-online.rs\/ro\/wp-json\/wp\/v2\/media\/5872"}],"wp:attachment":[{"href":"https:\/\/apotekar-online.rs\/ro\/wp-json\/wp\/v2\/media?parent=5871"}],"wp:term":[{"taxonomy":"product_brand","embeddable":true,"href":"https:\/\/apotekar-online.rs\/ro\/wp-json\/wp\/v2\/product_brand?post=5871"},{"taxonomy":"product_cat","embeddable":true,"href":"https:\/\/apotekar-online.rs\/ro\/wp-json\/wp\/v2\/product_cat?post=5871"},{"taxonomy":"product_tag","embeddable":true,"href":"https:\/\/apotekar-online.rs\/ro\/wp-json\/wp\/v2\/product_tag?post=5871"}],"curies":[{"name":"wp","href":"https:\/\/api.w.org\/{rel}","templated":true}]}}