{"id":5881,"date":"2024-03-25T07:28:38","date_gmt":"2024-03-25T09:28:38","guid":{"rendered":"https:\/\/apotekar-online.rs\/?post_type=product&#038;p=5881"},"modified":"2026-03-05T08:35:02","modified_gmt":"2026-03-05T10:35:02","slug":"livsane-caj-djumbir-20-filter-kesica","status":"publish","type":"product","link":"https:\/\/apotekar-online.rs\/ro\/p\/livsane-caj-djumbir-20-filter-kesica\/","title":{"rendered":"LIVSANE Ceai de ghimbir 20 pungi filtru"},"content":{"rendered":"","protected":false},"excerpt":{"rendered":"<p>LIVSANE \u0111umbir je me\u0161avina biljnog \u010daja sa aromom limun-limete i \u0111umbira prvog\u00a0kvaliteta, koji sadr\u017ei 25% korena \u0111umbira, 1% arome \u0111umbira, 9% arome limun-limete i koru limuna. \u010caj od \u0111umbira je pogodan u smanjenju bolnih mensturalnih gr\u010deva, a \u0111umbir se \u010desto koristi i protiv mu\u010dnine. Jedno pakovanje sadr\u017ei 20 filter kesica.<\/p>\n<h5>Dozaj \u0219i mod de administrare<\/h5>\n<p>Filter kesicu preliti sa 200 ml klju\u010dale vode i poklopiti. Ostaviti da odstoji 5 minuta. Zasladiti \u010daj i\/ili dodati limunov sok, po \u017eelji.<\/p>\n<h5>Compozi\u0163ie<\/h5>\n<p>Koren \u0111umbira 25%, plod jabuke, plod \u0161ipka, aroma limun-limeta 9%, list slatke kupine, limunska kiselina 6%, list melise, aroma \u0111umbira 1%.<\/p>","protected":false},"featured_media":5882,"template":"","meta":[],"product_brand":[],"product_cat":[1014],"product_tag":[1018,1756,181,2301,359],"class_list":{"0":"post-5881","1":"product","2":"type-product","3":"status-publish","4":"has-post-thumbnail","6":"product_cat-cajevi","7":"product_tag-caj","8":"product_tag-djumbir","9":"product_tag-prehlada","10":"product_tag-protiv-mucnine","11":"product_tag-super-petak","12":"pa_brend-livsane","14":"first","15":"instock","16":"shipping-taxable","17":"purchasable","18":"product-type-simple"},"ams_default_variation_id":0,"ams_product_points_reward":[],"ams_product_discount_percentage":0,"ams_price_to_display":173,"ams_acf":[],"jetpack_sharing_enabled":true,"_links":{"self":[{"href":"https:\/\/apotekar-online.rs\/ro\/wp-json\/wp\/v2\/product\/5881","targetHints":{"allow":["GET"]}}],"collection":[{"href":"https:\/\/apotekar-online.rs\/ro\/wp-json\/wp\/v2\/product"}],"about":[{"href":"https:\/\/apotekar-online.rs\/ro\/wp-json\/wp\/v2\/types\/product"}],"wp:featuredmedia":[{"embeddable":true,"href":"https:\/\/apotekar-online.rs\/ro\/wp-json\/wp\/v2\/media\/5882"}],"wp:attachment":[{"href":"https:\/\/apotekar-online.rs\/ro\/wp-json\/wp\/v2\/media?parent=5881"}],"wp:term":[{"taxonomy":"product_brand","embeddable":true,"href":"https:\/\/apotekar-online.rs\/ro\/wp-json\/wp\/v2\/product_brand?post=5881"},{"taxonomy":"product_cat","embeddable":true,"href":"https:\/\/apotekar-online.rs\/ro\/wp-json\/wp\/v2\/product_cat?post=5881"},{"taxonomy":"product_tag","embeddable":true,"href":"https:\/\/apotekar-online.rs\/ro\/wp-json\/wp\/v2\/product_tag?post=5881"}],"curies":[{"name":"wp","href":"https:\/\/api.w.org\/{rel}","templated":true}]}}