{"id":5889,"date":"2024-03-25T07:57:32","date_gmt":"2024-03-25T09:57:32","guid":{"rendered":"https:\/\/apotekar-online.rs\/?post_type=product&#038;p=5889"},"modified":"2026-03-05T08:08:41","modified_gmt":"2026-03-05T10:08:41","slug":"imunobeta-b-glucan-capsule-a30","status":"publish","type":"product","link":"https:\/\/apotekar-online.rs\/ro\/p\/imunobeta-b-glucan-capsule-a30\/","title":{"rendered":"Imunobeta b-glucan capsula a30"},"content":{"rendered":"","protected":false},"excerpt":{"rendered":"<div class=\"entry-content article-product-content\">\n<p><strong>Imuno\u03b2eta \u03b2-glukan kapsule<\/strong>\u00a0u svom sastavu sadr\u017ee potpuno prirodan bioaktivni \u03b2-(1,3\/1,6)-D-glukan izolovan iz bukova\u010de (<em>Pleurotus ostreatus<\/em>), vitamin C i lipozomalni cink u obliku ultra finih partikula, formulisanih na bazi inovativne NDS tehnologije (eng. Super Dispersion Nutritional Delivery System) koja obezbe\u0111uje ve\u0107u bioiskoristljivost i konstantno osloba\u0111anje aktivnih principa u organizmu. Zahvaljuju\u0107i ovoj kombinaciji sastojaka,\u00a0<strong>Imuno\u03b2eta \u03b2-glukan kapsule<\/strong>\u00a0doprinose pobolj\u0161anju imunog odgovora i odbrambenih reakcija na viruse, bakterije,\u00a0 gljivice i toksine koji predstavljaju pretnju po zdravlje organizma. Preporu\u010duju se kod oslabljenog imuniteta, \u010destih infekcija respiratornog trakta i hroni\u010dnih upala, pre svega za prevenciju, ali i kada se infekcija ve\u0107 razvije jer zna\u010dajno skra\u0107uju vreme oporavka. Poma\u017eu kod poja\u010danog stresa, umora i iscrpljenosti, kao i kod alergijskih reakcija koje su poslednjih godina sve u\u010destalije.<\/p>\n<p>Preporu\u010duje se uzimanje 1-2 kapsule dnevno, za decu stariju od 7 godina i odrasle.<\/p>\n<\/div>\n<div class=\"summary entry-summary\"><\/div>\n<div class=\"woocommerce-tabs wc-tabs-wrapper\">\n<p>Compozi\u0163ie:<\/p>\n<ul>\n<li>suvi ekstrakt gljive bukova\u010de (standardizovan na minimum 35% beta-D-glukana)<\/li>\n<li>vitamin C (u obliku L-askorbinske kiseline)<\/li>\n<li>cink (u obliku cink-oksida)<\/li>\n<\/ul>\n<p><strong>\u03b2-glukan<\/strong>\u00a0pripada grupi dijetnih vlakana rastvorljivih u vodi, i ima mnogobrojne povoljne efekte na ljudsko zdravlje. Stimulacijom imunskog sistema (imunomodulatorna aktivnost), doprinosi za\u0161titi od razli\u010ditih infekcija. Potvr\u0111en je i uticaj na smanjenje nivoa ukupnog i LDL- holesterola, pobolj\u0161anje funkcije GIT-a i normalizovanje glikemije. \u03b2-glukan je jako zna\u010dajan i za smanjenje simptoma alergijskih reakcija, ima izra\u017een antioksidativni potencijal i deluje kao dobra prevencija nastanka kancerskih oboljenja.<\/p>\n<p><strong>Vitamina C<\/strong>\u00a0doprinosi pravilnoj funkciji imunog sistema, za\u0161titi \u0107elija od oksidativnog stresa, kao i smanjenju umora i iscrpljenosti. Direktno uti\u010de na smanjenje trajanja simptoma koji se javljaju kod infekcija virusima i bakterijama.<\/p>\n<p><strong>Zinc\u00a0<\/strong>se koristi u prevenciji prehlade i gripa kao i kod hroni\u010dnih infekcija, jer podsti\u010de imunski sistem i ima antioksidativnu ulogu. U Imuno\u03b2eta \u03b2-glukan kapsulama nalazi se u obliku partikula koje omogu\u0107avaju dobru resorpciju i veliku bioraspolo\u017eivost cinka u organizmu a samim tim i jako izra\u017eeno delovanje i pru\u017eanje svih efekata koje cink ima na ljudsko zdravlje.<\/p>\n<p><strong>Recomandate sunt:<\/strong><\/p>\n<ul>\n<li>za ja\u010danje svih imunolo\u0161kih funkcija<\/li>\n<li>za smanjenje intenziteta i vremena trajanja alergijskih reakcija kao i osetljivosti organizma na alergene<\/li>\n<li>za pobolj\u0161anje op\u0161te otpornosti organizma i u rekonvalescenciji (oporavku nakon bolesti)<\/li>\n<li>kod u\u010destalih virusnih i bakterijskih infekcija, stresa, lo\u0161e i neredovne ishrane<\/li>\n<li>za redukciju ukupnog holesterola, LDL-a i serumskih triglicerida<\/li>\n<li>kao pomo\u0107 kod odr\u017eavanja fiziolo\u0161kog glikemijskog profila kod osoba koje imaju odre\u0111ene probleme u metabolizmu glukoze<\/li>\n<li>kao vrlo mo\u0107an antioksidans<\/li>\n<\/ul>\n<p>&nbsp;<\/p>\n<\/div>","protected":false},"featured_media":5890,"template":"","meta":[],"product_brand":[],"product_cat":[77],"product_tag":[2305,179,2306,245],"class_list":{"0":"post-5889","1":"product","2":"type-product","3":"status-publish","4":"has-post-thumbnail","6":"product_cat-imunitet","7":"product_tag-b-glukan","8":"product_tag-imunitet","9":"product_tag-lipozomalni-cink","10":"product_tag-vitamin-c","12":"first","13":"instock","14":"shipping-taxable","15":"purchasable","16":"product-type-simple"},"ams_default_variation_id":0,"ams_product_points_reward":[],"ams_product_discount_percentage":0,"ams_price_to_display":1728,"ams_acf":[],"jetpack_sharing_enabled":true,"_links":{"self":[{"href":"https:\/\/apotekar-online.rs\/ro\/wp-json\/wp\/v2\/product\/5889","targetHints":{"allow":["GET"]}}],"collection":[{"href":"https:\/\/apotekar-online.rs\/ro\/wp-json\/wp\/v2\/product"}],"about":[{"href":"https:\/\/apotekar-online.rs\/ro\/wp-json\/wp\/v2\/types\/product"}],"wp:featuredmedia":[{"embeddable":true,"href":"https:\/\/apotekar-online.rs\/ro\/wp-json\/wp\/v2\/media\/5890"}],"wp:attachment":[{"href":"https:\/\/apotekar-online.rs\/ro\/wp-json\/wp\/v2\/media?parent=5889"}],"wp:term":[{"taxonomy":"product_brand","embeddable":true,"href":"https:\/\/apotekar-online.rs\/ro\/wp-json\/wp\/v2\/product_brand?post=5889"},{"taxonomy":"product_cat","embeddable":true,"href":"https:\/\/apotekar-online.rs\/ro\/wp-json\/wp\/v2\/product_cat?post=5889"},{"taxonomy":"product_tag","embeddable":true,"href":"https:\/\/apotekar-online.rs\/ro\/wp-json\/wp\/v2\/product_tag?post=5889"}],"curies":[{"name":"wp","href":"https:\/\/api.w.org\/{rel}","templated":true}]}}