{"id":5891,"date":"2024-03-25T10:12:20","date_gmt":"2024-03-25T12:12:20","guid":{"rendered":"https:\/\/apotekar-online.rs\/?post_type=product&#038;p=5891"},"modified":"2026-03-05T08:08:41","modified_gmt":"2026-03-05T10:08:41","slug":"kaltex-advanced-libido-l-arginin-30-kapsula","status":"publish","type":"product","link":"https:\/\/apotekar-online.rs\/ro\/p\/kaltex-advanced-libido-l-arginin-30-kapsula\/","title":{"rendered":"Kaltex Advanced Libido + L-Arginina 30 capsule"},"content":{"rendered":"","protected":false},"excerpt":{"rendered":"<p>Advanced Libido tablete ja\u010daju prokrvljenost krvnih sudova \u0161to omogu\u0107ava bolje funkcionisanje svakog organa u telu. Obnavlja energiju, vitalnost i plodnost, povoljno deluje na perifernu cirkulaciju i seksualnu mo\u0107,\u00a0na seksualnu funkciju i op\u0161te zdravstveno stanje. Pobolj\u0161ava izdr\u017eljivost organizma, smanjuje oksidativni stres, pove\u0107ava libido i seksualnu \u017eelju.<\/p>\n<div class=\"way_use_Wrapper\">\n<p class=\"mainTitle oswald\"><strong>Mod de utilizare<\/strong><\/p>\n<div class=\"text\">Preporu\u010duje se uzimanje 2 kapsule dnevno, ujutru pre doru\u010dka.<\/div>\n<\/div>\n<div class=\"composition_Wrapper\">\n<p class=\"mainTitle oswald\"><strong>Compozi\u0163ie<\/strong><\/p>\n<div class=\"text\">\n<p>U dve kapusle:<\/p>\n<div>-l-arginin 400mg<\/div>\n<div>-suvi ekstrakt korena make 250mg<\/div>\n<div>-suvi ektrakt stabljike i lista azijskog \u017een-\u0161ena 120mg<\/div>\n<\/div>\n<\/div>","protected":false},"featured_media":5892,"template":"","meta":[],"product_brand":[],"product_cat":[84,85],"product_tag":[2312,2311,2308,2310,741,2309,1189],"class_list":{"0":"post-5891","1":"product","2":"type-product","3":"status-publish","4":"has-post-thumbnail","6":"product_cat-zdravlje-muskaraca","7":"product_cat-zdravlje-zena","8":"product_tag-azijski-zensen","9":"product_tag-l-arginine","10":"product_tag-libido","11":"product_tag-maka","12":"product_tag-plodnost","13":"product_tag-seksualna-moc","14":"product_tag-vitalnost","15":"pa_brend-kaltex","17":"first","18":"outofstock","19":"shipping-taxable","20":"purchasable","21":"product-type-simple"},"ams_default_variation_id":0,"ams_product_points_reward":[],"ams_product_discount_percentage":0,"ams_price_to_display":1296,"ams_acf":[],"jetpack_sharing_enabled":true,"_links":{"self":[{"href":"https:\/\/apotekar-online.rs\/ro\/wp-json\/wp\/v2\/product\/5891","targetHints":{"allow":["GET"]}}],"collection":[{"href":"https:\/\/apotekar-online.rs\/ro\/wp-json\/wp\/v2\/product"}],"about":[{"href":"https:\/\/apotekar-online.rs\/ro\/wp-json\/wp\/v2\/types\/product"}],"wp:featuredmedia":[{"embeddable":true,"href":"https:\/\/apotekar-online.rs\/ro\/wp-json\/wp\/v2\/media\/5892"}],"wp:attachment":[{"href":"https:\/\/apotekar-online.rs\/ro\/wp-json\/wp\/v2\/media?parent=5891"}],"wp:term":[{"taxonomy":"product_brand","embeddable":true,"href":"https:\/\/apotekar-online.rs\/ro\/wp-json\/wp\/v2\/product_brand?post=5891"},{"taxonomy":"product_cat","embeddable":true,"href":"https:\/\/apotekar-online.rs\/ro\/wp-json\/wp\/v2\/product_cat?post=5891"},{"taxonomy":"product_tag","embeddable":true,"href":"https:\/\/apotekar-online.rs\/ro\/wp-json\/wp\/v2\/product_tag?post=5891"}],"curies":[{"name":"wp","href":"https:\/\/api.w.org\/{rel}","templated":true}]}}