{"id":5894,"date":"2024-03-25T10:17:40","date_gmt":"2024-03-25T12:17:40","guid":{"rendered":"https:\/\/apotekar-online.rs\/?post_type=product&#038;p=5894"},"modified":"2026-04-01T00:00:09","modified_gmt":"2026-04-01T02:00:09","slug":"super-colagen-c-60-tablete","status":"publish","type":"product","link":"https:\/\/apotekar-online.rs\/ro\/p\/super-collagen-c-60-tableta\/","title":{"rendered":"Super Colagen + C (60 tablete)"},"content":{"rendered":"","protected":false},"excerpt":{"rendered":"<p><strong>Colagen<\/strong>\u00a0este proteina de baz\u0103 a corpului uman, 30% al corpului este alc\u0103tuit\u0103 din fibre de colagen, din care tipul I \u0219i III alc\u0103tuiesc 90% din toate fibrele de colagen. Ca atare, colagenul este esen\u021bial pentru cre\u0219terea, dezvoltarea \u0219i regenerarea mu\u0219chilor, ligamentelor, tendoanelor \u0219i oaselor.<\/p>\n<p>Colagenul este un complex de proteine structurale care men\u021bin rezisten\u021ba \u0219i flexibilitatea tuturor \u021besuturilor din organism. De-a lungul anilor, odat\u0103 cu \u00eemb\u0103tr\u00e2nirea, lipsa de colagen devine vizibil\u0103 la nivelul pielii, mu\u0219chilor, tendoanelor, ligamentelor \u0219i oaselor, precum \u0219i \u00een unghii \u0219i p\u0103r. Sc\u0103derea sintezei de colagen \u00een corpul nostru scade \u00een mod natural \u00een mod continuu cu o rat\u0103 de 1,51 TP3T pe an dup\u0103 v\u00e2rsta de 25 de ani.<\/p>\n<h2>Frumuse\u021bea este \u00een colagen<\/h2>\n<p><strong>Super Colagen + C tablete<\/strong>\u00a0sunt acolo pentru a ajuta la \u00eenlocuirea colagenului pierdut. Acest preparat pe baz\u0103 de colagen, care se g\u0103se\u0219te \u00een mod natural \u00een organism, ofer\u0103 simultan o mare\u00a0<strong>ajut\u0103 la revitalizarea articula\u021biilor<\/strong>. Poate fi folosit pentru \u00eent\u0103rirea \u0219i regenerarea oaselor, mu\u0219chilor, articula\u021biilor, tendoanelor \u0219i ligamentelor.<\/p>\n<p><strong>Super Colagen + C<\/strong>\u00a0con\u021bine p\u00e2n\u0103 la 19 aminoacizi care sunt inclu\u0219i \u00een compozi\u021bie\u00a0<strong>colagen tip I \u0219i III<\/strong>\u00a0si suplimentare\u00a0<strong>vitamina C<\/strong>\u00a0care afecteaz\u0103 foarte mult \u00eentinerirea pielii \u0219i a corpului.<\/p>\n<p>Atunci c\u00e2nd este administrat oral, 90% este absorbit\u00a0<strong>Super Colagen + C<\/strong>\u00a0ajunge \u00een circula\u021bia sistemic\u0103 sub form\u0103 de aminoacizi constituen\u021bi care formeaz\u0103 peptide, iar ace\u0219tia stimuleaz\u0103 fibroblastele pentru sinteza \u0219i restructurarea \u021besutului conjunctiv din oase, mu\u0219chi, tendoane \u0219i ligamente - noi fibre de colagen care m\u0103resc rezisten\u021ba mecanic\u0103 a \u021besutului conjunctiv \u0219i \u00eent\u0103resc matricei extracelulare.<\/p>\n<h2>Colagenul \u00eentinere\u0219te organismul<\/h2>\n<p>Colagenul este o protein\u0103 extrem de important\u0103 \u00een organism \u0219i doar una\u00a0<strong>tableta Super Colagen + C<\/strong>\u00a0care se absoarbe rapid, poate aduce schimb\u0103ri care se simt cu adev\u0103rat.<\/p>\n<p><strong>Super Colagen + C<\/strong>\u00a0const\u0103 din ingrediente active care se absorb rapid \u0219i astfel au un efect rapid asupra st\u0103rii pielii \u0219i a corpului. Cu ajutorul colagenului, organismul este intinerit si toate functiile sale devin mai puternice si mai rezistente la influentele externe.<\/p>\n<p>Reducerea colagenului este un proces natural care are loc \u00een timpul \u00eemb\u0103tr\u00e2nirii, care este cel mai evident \u00een modific\u0103rile pielii. Ca urmare a sc\u0103derii produc\u021biei de colagen \u00een celule, apar ridurile, p\u0103rul \u0219i unghiile devin slabe, exist\u0103 sl\u0103biciune \u00een oase \u0219i mu\u0219chi \u0219i sunt posibile alte modific\u0103ri ale pielii, cum ar fi pete, pierderea str\u0103lucirii, pierderea elasticit\u0103\u021bii, \u0219i altele asemenea.<\/p>\n<h2>Utilizarea colagenului<\/h2>\n<p>Produsul este sigur pentru utilizare \u0219i nu con\u021bine substan\u021be d\u0103un\u0103toare pentru organism \u0219i mediu, iar acesta este unul dintre cele mai mari avantaje ale acestui preparat puternic. Un comprimat se consum\u0103 de dou\u0103 ori pe zi cu o jum\u0103tate de or\u0103 \u00eenainte de mas\u0103.<\/p>\n<div><\/div>\n<p><strong>Super Colagen + C<\/strong>\u00a0cu numeroasele sale beneficii \u0219i compozi\u021bia sa armonioas\u0103 de colagen \u0219i biotin\u0103, hr\u0103ne\u0219te frumuse\u021bea din interior, la nivel celular.<\/p>\n<p><strong>Super Colagen + C<\/strong>\u00a0se recomanda cate un comprimat de doua ori pe zi cu jumatate de ora inainte de masa.<\/p>\n<p>Doza zilnic\u0103 recomandat\u0103 nu trebuie dep\u0103\u0219it\u0103. Acesta \u0219i suplimentele similare nu pot \u00eenlocui o diet\u0103 s\u0103n\u0103toas\u0103 \u0219i echilibrat\u0103.<\/p>\n<p>Ambalare:\u00a0<strong>60 de tablete<\/strong><\/p>\n<p>&nbsp;<\/p>","protected":false},"featured_media":5895,"template":"","meta":[],"product_brand":[],"product_cat":[82,3054],"product_tag":[1709,1063,2012,272,1699,1898,245],"class_list":{"0":"post-5894","1":"product","2":"type-product","3":"status-publish","4":"has-post-thumbnail","6":"product_cat-kosti-zglobovi-i-neuropatski-bol","7":"product_cat-akcija","8":"product_tag-betty","9":"product_tag-kolagen","10":"product_tag-ligamenti","11":"product_tag-misici","12":"product_tag-super-kolagen","13":"product_tag-tetiva","14":"product_tag-vitamin-c","15":"pa_brend-aleksandar-mn","17":"first","18":"instock","19":"sale","20":"shipping-taxable","21":"purchasable","22":"product-type-simple"},"ams_default_variation_id":0,"ams_product_points_reward":[],"ams_product_discount_percentage":15,"ams_price_to_display":2519.7,"ams_acf":[],"jetpack_sharing_enabled":true,"_links":{"self":[{"href":"https:\/\/apotekar-online.rs\/ro\/wp-json\/wp\/v2\/product\/5894","targetHints":{"allow":["GET"]}}],"collection":[{"href":"https:\/\/apotekar-online.rs\/ro\/wp-json\/wp\/v2\/product"}],"about":[{"href":"https:\/\/apotekar-online.rs\/ro\/wp-json\/wp\/v2\/types\/product"}],"wp:featuredmedia":[{"embeddable":true,"href":"https:\/\/apotekar-online.rs\/ro\/wp-json\/wp\/v2\/media\/5895"}],"wp:attachment":[{"href":"https:\/\/apotekar-online.rs\/ro\/wp-json\/wp\/v2\/media?parent=5894"}],"wp:term":[{"taxonomy":"product_brand","embeddable":true,"href":"https:\/\/apotekar-online.rs\/ro\/wp-json\/wp\/v2\/product_brand?post=5894"},{"taxonomy":"product_cat","embeddable":true,"href":"https:\/\/apotekar-online.rs\/ro\/wp-json\/wp\/v2\/product_cat?post=5894"},{"taxonomy":"product_tag","embeddable":true,"href":"https:\/\/apotekar-online.rs\/ro\/wp-json\/wp\/v2\/product_tag?post=5894"}],"curies":[{"name":"wp","href":"https:\/\/api.w.org\/{rel}","templated":true}]}}