{"id":5904,"date":"2024-03-28T05:28:52","date_gmt":"2024-03-28T07:28:52","guid":{"rendered":"https:\/\/apotekar-online.rs\/?post_type=product&#038;p=5904"},"modified":"2026-04-04T16:47:27","modified_gmt":"2026-04-04T18:47:27","slug":"waya-15-kapsula","status":"publish","type":"product","link":"https:\/\/apotekar-online.rs\/ro\/p\/waya-15-kapsula\/","title":{"rendered":"Waya biotic forte 15 kapsula"},"content":{"rendered":"","protected":false},"excerpt":{"rendered":"<p>Waya forte kapsule predstavljaju inovativni probiotik koji sadr\u017ei najispitivaniju probiotsku kulturu Lactobacillus rhamnosus LGG. Efikasno re\u0161avaju akutnu dijareju i dijareju uzrokovanu primenom antibiotika. Koristi se kod dece od 2. godine i odraslih. Mikroinkapsuliran je, tako da omogu\u0107ava 5x ve\u0107u koncentraciju na mestu dejstva i pove\u0107ava efikasnost proizvoda. Primenjuje se 1 kapsula dnevno.<\/p>\n<div class=\"way_use_Wrapper\">\n<p class=\"mainTitle oswald\"><strong>Mod de utilizare<\/strong><\/p>\n<div class=\"text\">Deca od 2. godine i odrasli: 1 kapsula dnevno.<\/div>\n<\/div>\n<div class=\"effect_Wrapper\">\n<p class=\"mainTitle oswald\"><strong>Ac\u021biune<\/strong><\/p>\n<div class=\"text\">Reguli\u0161e crevnu mikrofloru, spre\u010dava dijareju i dijareju uzrokovanu antibioticima.<\/div>\n<\/div>\n<div class=\"composition_Wrapper\">\n<p class=\"mainTitle oswald\"><strong>Compozi\u0163ie<\/strong><\/p>\n<div class=\"text\">Lactobacillus rhamnosus GG (ukupno 10 milijardi LGG u jednoj kapsuli).<\/div>\n<\/div>","protected":false},"featured_media":5905,"template":"","meta":[],"product_brand":[3093],"product_cat":[81,3054,105,107],"product_tag":[2324,1596,1709,2323,255,1595,532,337,2322],"class_list":{"0":"post-5904","1":"product","2":"type-product","3":"status-publish","4":"has-post-thumbnail","6":"product_brand-waya","7":"product_cat-probiotici-i-enzimi","8":"product_cat-akcija","9":"product_cat-dijareja-i-rehidratacija","10":"product_cat-probiotici-za-decu","11":"product_tag-5x-veca-koncentracija","12":"product_tag-antibiotska-terapija","13":"product_tag-betty","14":"product_tag-deca-od-2-godine","15":"product_tag-dijareja","16":"product_tag-lactobacillus-rhamnosus","17":"product_tag-odrasli","18":"product_tag-probiotik","19":"product_tag-waya","20":"pa_brend-medis","22":"first","23":"instock","24":"sale","25":"shipping-taxable","26":"purchasable","27":"product-type-simple"},"ams_default_variation_id":0,"ams_product_points_reward":[],"ams_product_discount_percentage":6.09,"ams_price_to_display":841.1,"ams_acf":[],"jetpack_sharing_enabled":true,"_links":{"self":[{"href":"https:\/\/apotekar-online.rs\/ro\/wp-json\/wp\/v2\/product\/5904","targetHints":{"allow":["GET"]}}],"collection":[{"href":"https:\/\/apotekar-online.rs\/ro\/wp-json\/wp\/v2\/product"}],"about":[{"href":"https:\/\/apotekar-online.rs\/ro\/wp-json\/wp\/v2\/types\/product"}],"wp:featuredmedia":[{"embeddable":true,"href":"https:\/\/apotekar-online.rs\/ro\/wp-json\/wp\/v2\/media\/5905"}],"wp:attachment":[{"href":"https:\/\/apotekar-online.rs\/ro\/wp-json\/wp\/v2\/media?parent=5904"}],"wp:term":[{"taxonomy":"product_brand","embeddable":true,"href":"https:\/\/apotekar-online.rs\/ro\/wp-json\/wp\/v2\/product_brand?post=5904"},{"taxonomy":"product_cat","embeddable":true,"href":"https:\/\/apotekar-online.rs\/ro\/wp-json\/wp\/v2\/product_cat?post=5904"},{"taxonomy":"product_tag","embeddable":true,"href":"https:\/\/apotekar-online.rs\/ro\/wp-json\/wp\/v2\/product_tag?post=5904"}],"curies":[{"name":"wp","href":"https:\/\/api.w.org\/{rel}","templated":true}]}}