{"id":5941,"date":"2024-04-04T13:34:23","date_gmt":"2024-04-04T15:34:23","guid":{"rendered":"https:\/\/apotekar-online.rs\/?post_type=product&#038;p=5941"},"modified":"2026-03-05T08:08:41","modified_gmt":"2026-03-05T10:08:41","slug":"bivits-activa-immunity-booster-30-kesica","status":"publish","type":"product","link":"https:\/\/apotekar-online.rs\/ro\/p\/bivits-activa-immunity-booster-30-kesica\/","title":{"rendered":"BiVits Activa Imunitate Booster, 30 plicuri"},"content":{"rendered":"","protected":false},"excerpt":{"rendered":"<p>Formulacija koja u jednoj kesici omogu\u0107ava uravnote\u017eeni sinergisti\u010dki efekat svih neophodnih vitamina, antioksidanasa, minerala i fitonutrijenata koji pru\u017eaju idealnu pod\u0161ku imunom sistemu odraslih i omogu\u0107avaju bolju za\u0161titu organizma i vi\u0161e energije. BiVits\u00ae ACTIVA Immunity Booster je komforan za primenu, prijatnog ukusa limuna gde svaki gutljaj omogu\u0107ava dnevno preporu\u010dene doze mikronutijenta u kompleksnom sastavu \u2013 12 vitamina, 9 minerala i 3 fitonutrijenta. Da bi zadovoljili posebno pove\u0107ane potrebe za mikronutrijentima, preporu\u010dujemo da se BiVits\u00ae ACTIVA Immunity Booster uzima dugoro\u010dno.<\/p>\n<p>Beewits<sup>\u00ae<\/sup>\u00a0ACTIVA Immunity BOOSTER je u\u00a0<strong>formi pra\u0161ka za pripremu napitka sa ukusom limuna.\u00a0<\/strong><\/p>\n<p><strong>Dozaj \u0219i mod de utilizare:<\/strong> 1 kesicu dnevno rastvoriti u \u010da\u0161i vode (200-300ml) i popiti<br \/>\nOdrasli i\u00a0<strong>stariji od 18 godina<\/strong><\/p>","protected":false},"featured_media":5942,"template":"","meta":[],"product_brand":[],"product_cat":[77,78],"product_tag":[2336,2339,643,2338,654,304],"class_list":{"0":"post-5941","1":"product","2":"type-product","3":"status-publish","4":"has-post-thumbnail","6":"product_cat-imunitet","7":"product_cat-vitamini-i-minerali","8":"product_tag-bivits","9":"product_tag-booster","10":"product_tag-jacanje-imuniteta","11":"product_tag-povecanje-energije","12":"product_tag-ukus-limuna","13":"product_tag-vitamini","14":"pa_brend-bivits","16":"first","17":"instock","18":"shipping-taxable","19":"purchasable","20":"product-type-simple"},"ams_default_variation_id":0,"ams_product_points_reward":[],"ams_product_discount_percentage":0,"ams_price_to_display":7000,"ams_acf":[],"jetpack_sharing_enabled":true,"_links":{"self":[{"href":"https:\/\/apotekar-online.rs\/ro\/wp-json\/wp\/v2\/product\/5941","targetHints":{"allow":["GET"]}}],"collection":[{"href":"https:\/\/apotekar-online.rs\/ro\/wp-json\/wp\/v2\/product"}],"about":[{"href":"https:\/\/apotekar-online.rs\/ro\/wp-json\/wp\/v2\/types\/product"}],"wp:featuredmedia":[{"embeddable":true,"href":"https:\/\/apotekar-online.rs\/ro\/wp-json\/wp\/v2\/media\/5942"}],"wp:attachment":[{"href":"https:\/\/apotekar-online.rs\/ro\/wp-json\/wp\/v2\/media?parent=5941"}],"wp:term":[{"taxonomy":"product_brand","embeddable":true,"href":"https:\/\/apotekar-online.rs\/ro\/wp-json\/wp\/v2\/product_brand?post=5941"},{"taxonomy":"product_cat","embeddable":true,"href":"https:\/\/apotekar-online.rs\/ro\/wp-json\/wp\/v2\/product_cat?post=5941"},{"taxonomy":"product_tag","embeddable":true,"href":"https:\/\/apotekar-online.rs\/ro\/wp-json\/wp\/v2\/product_tag?post=5941"}],"curies":[{"name":"wp","href":"https:\/\/api.w.org\/{rel}","templated":true}]}}