{"id":5960,"date":"2024-04-08T18:20:47","date_gmt":"2024-04-08T20:20:47","guid":{"rendered":"https:\/\/apotekar-online.rs\/?post_type=product&#038;p=5960"},"modified":"2026-03-05T08:08:40","modified_gmt":"2026-03-05T10:08:40","slug":"bivits-activa-vitamin-k2-mk7-180%c2%b5g-60-tableta","status":"publish","type":"product","link":"https:\/\/apotekar-online.rs\/ro\/p\/bivits-activa-vitamin-k2-mk7-180%c2%b5g-60-tableta\/","title":{"rendered":"BiVits Activa Vitamina K2 MK7 180\u00b5g, 60 comprimate"},"content":{"rendered":"","protected":false},"excerpt":{"rendered":"<p>Posebna formula koja u jednoj tableti obezbedjuje 180\u00b5g vitamina K2 koji je doprinosi o\u010duvanju elesti\u010dnosti krvnih sudova i zdravlju srca.BiVits ACTIVA Vitamin K2 MK-7 180\u00b5g\u00a0doprinosi: spre\u010davanju talo\u017eenja kalcijuma na zidovima krvnih sudova, pove\u0107anju elasti\u010dnosti krvnih sudova i zdravlju srca i normalnoj gustini kostiju.<\/p>\n<p>Pachetul contine 60 de tablete<br \/>\nZa odrasle (stariji od 18 godina)<br \/>\n<strong>Dozaj \u0219i mod de utilizare:<\/strong>\u00a01 tablet\u0103 pe zi<\/p>","protected":false},"featured_media":5961,"template":"","meta":[],"product_brand":[],"product_cat":[78,86,79],"product_tag":[2336,638,1132,732,729,326],"class_list":{"0":"post-5960","1":"product","2":"type-product","3":"status-publish","4":"has-post-thumbnail","6":"product_cat-vitamini-i-minerali","7":"product_cat-menopauza","8":"product_cat-srce-krvni-sudovi-i-holesterol","9":"product_tag-bivits","10":"product_tag-kardiovaskularni-sistem","11":"product_tag-menopauza","12":"product_tag-osteoporoza","13":"product_tag-prevencija-osteoporoze","14":"product_tag-vitamin-k2","15":"pa_brend-bivits","17":"first","18":"instock","19":"shipping-taxable","20":"purchasable","21":"product-type-simple"},"ams_default_variation_id":0,"ams_product_points_reward":[],"ams_product_discount_percentage":0,"ams_price_to_display":2685,"ams_acf":[],"jetpack_sharing_enabled":true,"_links":{"self":[{"href":"https:\/\/apotekar-online.rs\/ro\/wp-json\/wp\/v2\/product\/5960","targetHints":{"allow":["GET"]}}],"collection":[{"href":"https:\/\/apotekar-online.rs\/ro\/wp-json\/wp\/v2\/product"}],"about":[{"href":"https:\/\/apotekar-online.rs\/ro\/wp-json\/wp\/v2\/types\/product"}],"wp:featuredmedia":[{"embeddable":true,"href":"https:\/\/apotekar-online.rs\/ro\/wp-json\/wp\/v2\/media\/5961"}],"wp:attachment":[{"href":"https:\/\/apotekar-online.rs\/ro\/wp-json\/wp\/v2\/media?parent=5960"}],"wp:term":[{"taxonomy":"product_brand","embeddable":true,"href":"https:\/\/apotekar-online.rs\/ro\/wp-json\/wp\/v2\/product_brand?post=5960"},{"taxonomy":"product_cat","embeddable":true,"href":"https:\/\/apotekar-online.rs\/ro\/wp-json\/wp\/v2\/product_cat?post=5960"},{"taxonomy":"product_tag","embeddable":true,"href":"https:\/\/apotekar-online.rs\/ro\/wp-json\/wp\/v2\/product_tag?post=5960"}],"curies":[{"name":"wp","href":"https:\/\/api.w.org\/{rel}","templated":true}]}}