{"id":5967,"date":"2024-04-08T18:53:59","date_gmt":"2024-04-08T20:53:59","guid":{"rendered":"https:\/\/apotekar-online.rs\/?post_type=product&#038;p=5967"},"modified":"2026-03-05T08:08:40","modified_gmt":"2026-03-05T10:08:40","slug":"bivits-activa-koenzim-q10-30-mg-60-kapsula","status":"publish","type":"product","link":"https:\/\/apotekar-online.rs\/ro\/p\/bivits-activa-koenzim-q10-30-mg-60-kapsula\/","title":{"rendered":"BiVits Activa Coenzima Q10 30 mg, 60 capsule"},"content":{"rendered":"","protected":false},"excerpt":{"rendered":"<p>Posebna formula koja u jednoj kapsuli obezbe\u0111uje 30mg koenzima Q10, koji je neophodan svakoj \u0107eliji u organizmu za normalnu proizvodnju energije i za\u0161titu od oksidativnog stresa i starenja. Koenzim Q10 doprinosi o\u010duvanju snage mi\u0161i\u0107a i srca.<\/p>\n<p><strong>Beewits<sup>\u00ae<\/sup>\u00a0ACTIVA Koenzim Q10 30mg\u00a0<\/strong>doprinosi:<\/p>\n<ul>\n<li>Normalnoj proizvodnji energije u organizmu<\/li>\n<li>O\u010duvanju snage mi\u0161i\u0107a<\/li>\n<li>Normalnoj funkciji srca<\/li>\n<li>Za\u0161titi \u0107elija od starenja<\/li>\n<\/ul>\n<p>&nbsp;<\/p>\n<p>Pachetul contine 60 de capsule<br \/>\n<strong>Dozaj \u0219i mod de utilizare:<\/strong> 1-2 kapsule dnevno uz obrok<br \/>\nZa odrasle (stariji od 18 godina)<\/p>","protected":false},"featured_media":5968,"template":"","meta":[],"product_brand":[],"product_cat":[79,136],"product_tag":[2336,1994,737,2346,2345],"class_list":{"0":"post-5967","1":"product","2":"type-product","3":"status-publish","4":"has-post-thumbnail","6":"product_cat-srce-krvni-sudovi-i-holesterol","7":"product_cat-stres-depresija-i-miran-san","8":"product_tag-bivits","9":"product_tag-doprinosi-normalnoj-funkciji-srca","10":"product_tag-koenzim-q10","11":"product_tag-ocuvanje-snage-misica","12":"product_tag-stiti-celije-od-starenja","13":"pa_brend-bivits","15":"first","16":"instock","17":"shipping-taxable","18":"purchasable","19":"product-type-simple"},"ams_default_variation_id":0,"ams_product_points_reward":[],"ams_product_discount_percentage":0,"ams_price_to_display":1485,"ams_acf":[],"jetpack_sharing_enabled":true,"_links":{"self":[{"href":"https:\/\/apotekar-online.rs\/ro\/wp-json\/wp\/v2\/product\/5967","targetHints":{"allow":["GET"]}}],"collection":[{"href":"https:\/\/apotekar-online.rs\/ro\/wp-json\/wp\/v2\/product"}],"about":[{"href":"https:\/\/apotekar-online.rs\/ro\/wp-json\/wp\/v2\/types\/product"}],"wp:featuredmedia":[{"embeddable":true,"href":"https:\/\/apotekar-online.rs\/ro\/wp-json\/wp\/v2\/media\/5968"}],"wp:attachment":[{"href":"https:\/\/apotekar-online.rs\/ro\/wp-json\/wp\/v2\/media?parent=5967"}],"wp:term":[{"taxonomy":"product_brand","embeddable":true,"href":"https:\/\/apotekar-online.rs\/ro\/wp-json\/wp\/v2\/product_brand?post=5967"},{"taxonomy":"product_cat","embeddable":true,"href":"https:\/\/apotekar-online.rs\/ro\/wp-json\/wp\/v2\/product_cat?post=5967"},{"taxonomy":"product_tag","embeddable":true,"href":"https:\/\/apotekar-online.rs\/ro\/wp-json\/wp\/v2\/product_tag?post=5967"}],"curies":[{"name":"wp","href":"https:\/\/api.w.org\/{rel}","templated":true}]}}