{"id":5978,"date":"2024-04-08T19:33:39","date_gmt":"2024-04-08T21:33:39","guid":{"rendered":"https:\/\/apotekar-online.rs\/?post_type=product&#038;p=5978"},"modified":"2026-03-05T08:08:40","modified_gmt":"2026-03-05T10:08:40","slug":"bivits-activa-brain-level-up-booster-60-capsule","status":"publish","type":"product","link":"https:\/\/apotekar-online.rs\/ro\/p\/bivits-activa-brain-level-up-booster-60-kapsula\/","title":{"rendered":"BiVits Activa Brain Level Up Booster, 60 de capsule"},"content":{"rendered":"","protected":false},"excerpt":{"rendered":"<p>Brain Level Up apar\u021bine unei noi genera\u021bii de suplimente func\u021bionale. Este un produs complet natural care, prin utilizarea zilnic\u0103, contribuie la ascu\u021birea concentr\u0103rii \u0219i v\u0103 duce la o productivitate mai mare \u00een activit\u0103\u021bile de zi cu zi. Contribu\u021bii la: func\u021bia cognitiv\u0103 normal\u0103, protec\u021bia antioxidant\u0103 a celulelor, reducerea oboselii \u0219i epuiz\u0103rii, o stare de spirit mai bun\u0103 \u0219i protec\u021bie \u00eempotriva stresului cotidian, reducerea timpului necesar pentru a adormi \u0219i func\u021bionarea normal\u0103 a sistemului imunitar.<\/p>\n<p>&nbsp;<\/p>\n<p>Pachetul contine 60 de capsule<br \/>\n<strong>Dozaj \u0219i mod de utilizare:<\/strong> 1 capsula pe zi, seara inainte de culcare<br \/>\nMai mare de 18 ani<\/p>","protected":false},"featured_media":5979,"template":"","meta":[],"product_brand":[],"product_cat":[77,168],"product_tag":[2336,2339,1905,705],"class_list":{"0":"post-5978","1":"product","2":"type-product","3":"status-publish","4":"has-post-thumbnail","6":"product_cat-imunitet","7":"product_cat-pamcenje-i-koncentracija","8":"product_tag-bivits","9":"product_tag-booster","10":"product_tag-memorija","11":"product_tag-smanjenje-umora-i-iscrpljenosti","12":"pa_brend-bivits","14":"first","15":"instock","16":"shipping-taxable","17":"purchasable","18":"product-type-simple"},"ams_default_variation_id":0,"ams_product_points_reward":[],"ams_product_discount_percentage":0,"ams_price_to_display":5685,"ams_acf":[],"jetpack_sharing_enabled":true,"_links":{"self":[{"href":"https:\/\/apotekar-online.rs\/ro\/wp-json\/wp\/v2\/product\/5978","targetHints":{"allow":["GET"]}}],"collection":[{"href":"https:\/\/apotekar-online.rs\/ro\/wp-json\/wp\/v2\/product"}],"about":[{"href":"https:\/\/apotekar-online.rs\/ro\/wp-json\/wp\/v2\/types\/product"}],"wp:featuredmedia":[{"embeddable":true,"href":"https:\/\/apotekar-online.rs\/ro\/wp-json\/wp\/v2\/media\/5979"}],"wp:attachment":[{"href":"https:\/\/apotekar-online.rs\/ro\/wp-json\/wp\/v2\/media?parent=5978"}],"wp:term":[{"taxonomy":"product_brand","embeddable":true,"href":"https:\/\/apotekar-online.rs\/ro\/wp-json\/wp\/v2\/product_brand?post=5978"},{"taxonomy":"product_cat","embeddable":true,"href":"https:\/\/apotekar-online.rs\/ro\/wp-json\/wp\/v2\/product_cat?post=5978"},{"taxonomy":"product_tag","embeddable":true,"href":"https:\/\/apotekar-online.rs\/ro\/wp-json\/wp\/v2\/product_tag?post=5978"}],"curies":[{"name":"wp","href":"https:\/\/api.w.org\/{rel}","templated":true}]}}