{"id":6013,"date":"2024-04-09T18:17:49","date_gmt":"2024-04-09T20:17:49","guid":{"rendered":"https:\/\/apotekar-online.rs\/?post_type=product&#038;p=6013"},"modified":"2026-03-05T08:08:39","modified_gmt":"2026-03-05T10:08:39","slug":"byphasse-hidrantna-krema-za-telo-vanila-500-ml","status":"publish","type":"product","link":"https:\/\/apotekar-online.rs\/ro\/p\/byphasse-hidrantna-krema-za-telo-vanila-500-ml\/","title":{"rendered":"BYPHASSE hidrantna krema za telo Vanila, 500 ml"},"content":{"rendered":"","protected":false},"excerpt":{"rendered":"<p>Hidrantna krema za telo sa Ekstraktom Vanile, Glicerinom i Vitaminom E. Tekstura musa, je istovremeno kremasta i penasta, vrlo lako se upija i ostavlja bar\u0161unastu, glatku i meku ko\u017eu. Emolijensi u sastavu \u0161titi ko\u017eunu barijeru i imaju hranljivo dejstvo. Tako dugoro\u010dno pove\u0107avaju elasti\u010dnost i vla\u017enost ko\u017ee. Ekonomi\u010dno pakovanje.<\/p>\n<p><strong>Compozi\u0163ie:<\/strong> AQUA \/ WATER &#8211; PARAFFINUM LIQUIDUM &#8211; GLYCERIN &#8211; GLYCERYL STEARATE &#8211; CETEARYL ALCOHOL &#8211; CETEARETH-20 &#8211; BUTYROSPERMUM PARKII BUTTER &#8211; TOCOPHERYL ACETATE PANTHENOL &#8211; VANILLA PLANIFOLIA FRUIT EXTRACT &#8211; DIMETHICONE &#8211; CETEARETH-12 &#8211; CETYL PALMITATE &#8211; ACRYLATES\/C10-30 ALKYL ACRYLATE CROSSPOLYMER &#8211; TRIETHANOLAMINE &#8211; PARFUM &#8211; TOCOPHERYL ACETATE &#8211; DISODIUM EDTA &#8211; ETHYLHEXYLGLYCERIN &#8211; PANTHENOL &#8211; DISODIUM EDTA &#8211; PROPYLENE GLYCOL &#8211; CITRIC ACID &#8211; PHENOXYETHANOL &#8211; ETHYLHEXYLGLYCERIN &#8211; POTASSIUM SORBATE &#8211; BENZYL ALCOHOL<\/p>\n<p><strong>Mod de utilizare<\/strong>: Naneti na suvu i \u010distu ko\u017eu tela. Masirati kru\u017enim pokretima dok ko\u017ea ne upije optimalnu koli\u010dinu proizvoda.<\/p>\n<p><strong>Ambalare:<\/strong> 500ml<\/p>","protected":false},"featured_media":6014,"template":"","meta":[],"product_brand":[],"product_cat":[547],"product_tag":[2355,194,1607,1930,995,209],"class_list":{"0":"post-6013","1":"product","2":"type-product","3":"status-publish","4":"has-post-thumbnail","6":"product_cat-kozmetika-i-nega-za-odrasle","7":"product_tag-byphasse","8":"product_tag-glicerin","9":"product_tag-hidratantna-krema","10":"product_tag-telo","11":"product_tag-vanila","12":"product_tag-vitamin-e","13":"pa_brend-byphasse","15":"first","16":"instock","17":"shipping-taxable","18":"purchasable","19":"product-type-simple"},"ams_default_variation_id":0,"ams_product_points_reward":[],"ams_product_discount_percentage":0,"ams_price_to_display":500,"ams_acf":[],"jetpack_sharing_enabled":true,"_links":{"self":[{"href":"https:\/\/apotekar-online.rs\/ro\/wp-json\/wp\/v2\/product\/6013","targetHints":{"allow":["GET"]}}],"collection":[{"href":"https:\/\/apotekar-online.rs\/ro\/wp-json\/wp\/v2\/product"}],"about":[{"href":"https:\/\/apotekar-online.rs\/ro\/wp-json\/wp\/v2\/types\/product"}],"wp:featuredmedia":[{"embeddable":true,"href":"https:\/\/apotekar-online.rs\/ro\/wp-json\/wp\/v2\/media\/6014"}],"wp:attachment":[{"href":"https:\/\/apotekar-online.rs\/ro\/wp-json\/wp\/v2\/media?parent=6013"}],"wp:term":[{"taxonomy":"product_brand","embeddable":true,"href":"https:\/\/apotekar-online.rs\/ro\/wp-json\/wp\/v2\/product_brand?post=6013"},{"taxonomy":"product_cat","embeddable":true,"href":"https:\/\/apotekar-online.rs\/ro\/wp-json\/wp\/v2\/product_cat?post=6013"},{"taxonomy":"product_tag","embeddable":true,"href":"https:\/\/apotekar-online.rs\/ro\/wp-json\/wp\/v2\/product_tag?post=6013"}],"curies":[{"name":"wp","href":"https:\/\/api.w.org\/{rel}","templated":true}]}}