{"id":6100,"date":"2024-04-23T05:31:55","date_gmt":"2024-04-23T07:31:55","guid":{"rendered":"https:\/\/apotekar-online.rs\/?post_type=product&#038;p=6100"},"modified":"2026-03-05T08:08:38","modified_gmt":"2026-03-05T10:08:38","slug":"collacare-sa-ukusom-voca-500ml","status":"publish","type":"product","link":"https:\/\/apotekar-online.rs\/ro\/p\/collacare-sa-ukusom-voca-500ml\/","title":{"rendered":"Collacare cu arom\u0103 de fructe 500ml"},"content":{"rendered":"","protected":false},"excerpt":{"rendered":"<p>Proizvod Collacare predstavlja dodatak ishrani sa ukusom vo\u0107a koji sadr\u017ei hidrolizovani kolagen, hijaluronsku kiselinu i kombinaciju vitamina i minerala.\u00a0Kolagen je sastavni deo mnogih tkiva u ljudskom organizmu, uklju\u010duju\u0107i kosti, hrskavicu, ko\u017eu, tetive, krvne sudove, desni i zube, i neophodan je za odr\u017eavanje njihove normalne strukture i funkcije.\u00a0Hijaluronska kiselina, isto tako, je zna\u010dajan sastavni deo vezivnih tkiva, epitelnih tkiva i ko\u017ee i odr\u017eava njihovu elasti\u010dnost. Prisutna je u sinovijalnoj te\u010dnosti koja slu\u017ei za podmazivanje zglobova.\u00a0Kombinacija vitamina i minerala oboga\u0107uje sastav i dopunjuje dejstva proizvoda. Vitamin C doprinosi normalnom formiranju kolagena za normalnu funkciju hrskavice, kostiju, krvnih sudova, ko\u017ee, zuba i desni.\u00a0Vitamin D doprinosi odr\u017eavanju normalnih kostiju i zuba.\u00a0Vitamin B2, niacin, biotin i bakar doprinose odr\u017eavanju normalne ko\u017ee, kao i normalnom funkcionisanju nervnog sistema.\u00a0Cink doprinosi odr\u017eavanju normalne ko\u017ee, kostiju, zuba i noktiju.\u00a0Bakar doprinosi odr\u017eavanju normalnog vezivnog tkiva.\u00a0Vitamini C, A, D, B6, cink i bakar doprinose normalnoj funkciji imunog sistema.\u00a0Vitamini C, B2, cink i bakar doprinose za\u0161titi \u0107elija od oksidativnog stresa.\u00a0Vitamini C, B2, B6, pantotenska kiselina doprinose smanjenju umora i iscrpljenosti.<\/p>\n<p><strong>Dozaj \u0219i mod de utilizare<\/strong><\/p>\n<p>Odrasli: Jednom dnevno po jedna doza od 30 ml.<br \/>\nUzima se nerastvoreno ili se po potrebi mo\u017ee rastvoriti u pola \u010da\u0161e vode. Pre upotrebe dobro promu\u0107kati.<\/p>\n<p><strong>Compozi\u0163ie<\/strong><\/p>\n<p>U jednoj dozi sadr\u017ei:\u00a0Kolagen 10 000 mg,\u00a0Vitamin C 80 mg,\u00a0Natrijum hijaluronat 50 mg,\u00a0Vitamin B3 16 mg 100,\u00a0Cink 10 mg,\u00a0Vitamin B5 6 mg,\u00a0Vitamin B2\u00a01,4 mg,\u00a0Vitamin B6 1,4 mg,\u00a0Bakar 1 mg,\u00a0Vitamin A 800 \u03bcg,\u00a0Biotin 50 \u03bcg,\u00a0Vitamin D3 5 \u03bcg.<\/p>","protected":false},"featured_media":6101,"template":"","meta":[],"product_brand":[],"product_cat":[82,80],"product_tag":[2392,541,513,267,286,270,2294,2391,304],"class_list":{"0":"post-6100","1":"product","2":"type-product","3":"status-publish","4":"has-post-thumbnail","6":"product_cat-kosti-zglobovi-i-neuropatski-bol","7":"product_cat-koza-kosa-i-nokti","8":"product_tag-desni","9":"product_tag-hijaluronska-kiselina","10":"product_tag-hrskavica","11":"product_tag-kosti","12":"product_tag-koza","13":"product_tag-minerali","14":"product_tag-tecni-kolagen","15":"product_tag-ukusom-voca","16":"product_tag-vitamini","17":"pa_brend-alkaloid","19":"first","20":"instock","21":"shipping-taxable","22":"purchasable","23":"product-type-simple"},"ams_default_variation_id":0,"ams_product_points_reward":[],"ams_product_discount_percentage":0,"ams_price_to_display":4128,"ams_acf":[],"jetpack_sharing_enabled":true,"_links":{"self":[{"href":"https:\/\/apotekar-online.rs\/ro\/wp-json\/wp\/v2\/product\/6100","targetHints":{"allow":["GET"]}}],"collection":[{"href":"https:\/\/apotekar-online.rs\/ro\/wp-json\/wp\/v2\/product"}],"about":[{"href":"https:\/\/apotekar-online.rs\/ro\/wp-json\/wp\/v2\/types\/product"}],"wp:featuredmedia":[{"embeddable":true,"href":"https:\/\/apotekar-online.rs\/ro\/wp-json\/wp\/v2\/media\/6101"}],"wp:attachment":[{"href":"https:\/\/apotekar-online.rs\/ro\/wp-json\/wp\/v2\/media?parent=6100"}],"wp:term":[{"taxonomy":"product_brand","embeddable":true,"href":"https:\/\/apotekar-online.rs\/ro\/wp-json\/wp\/v2\/product_brand?post=6100"},{"taxonomy":"product_cat","embeddable":true,"href":"https:\/\/apotekar-online.rs\/ro\/wp-json\/wp\/v2\/product_cat?post=6100"},{"taxonomy":"product_tag","embeddable":true,"href":"https:\/\/apotekar-online.rs\/ro\/wp-json\/wp\/v2\/product_tag?post=6100"}],"curies":[{"name":"wp","href":"https:\/\/api.w.org\/{rel}","templated":true}]}}