{"id":6102,"date":"2024-04-23T05:42:10","date_gmt":"2024-04-23T07:42:10","guid":{"rendered":"https:\/\/apotekar-online.rs\/?post_type=product&#038;p=6102"},"modified":"2026-04-30T00:00:02","modified_gmt":"2026-04-30T02:00:02","slug":"proculin-soft-lens-360ml","status":"publish","type":"product","link":"https:\/\/apotekar-online.rs\/ro\/p\/proculin-soft-lens-360ml\/","title":{"rendered":"Lentila moale Proculin 360 ml"},"content":{"rendered":"","protected":false},"excerpt":{"rendered":"<p><b>VI\u0160ENAMENSKI RASTVOR ZA MEKA SO\u010cIVA SA HIJALURONSKOM KISELINOM\u00a0<\/b><\/p>\n<p>Proculin soft lens je vi\u0161en\u0430menski r\u0430stvor z\u0430 dezinfekciju, \u010duv\u0430nje, \u010di\u0161\u0107enje, hidr\u0430t\u0430ciju, podm\u0430ziv\u0430nje, ispir\u0430nje i z\u0430 otkl\u0430nj\u0430nje proteinskih n\u0430sl\u0430g\u0430, z\u0430 sve vrste kont\u0430ktnih so\u010div\u0430 uklju\u010duju\u0107i i silikonsk\u0430 so\u010div\u0430 s\u0430 hidrogelom.\u00a0Zahvaljuju\u0107i\u00a0<b>hijaluronskoj kiselini<\/b>, rastvor podmazuje kontaktna so\u010diva, \u0161to pobolj\u0161ava udobnost prilikom dugotrajnog no\u0161enja.<\/p>\n<p><b>Preporu\u010duje se osetljivim osobama koje su sklone suvo\u0107i o\u010diju.<\/b><\/p>\n<p><b>Ingrediente active:<\/b><\/p>\n<ul>\n<li>Polikvaternijum<\/li>\n<li>N\u0430trijum hij\u0430luron\u0430t<\/li>\n<\/ul>\n<p><b>conservant:<\/b><\/p>\n<ul>\n<li>Poliheks\u0430metilen bigv\u0430nid (0,0002 %)<\/li>\n<\/ul>\n<p><b>Mod de aplicare:<\/b><br \/>\nUkloniti so\u010divo iz oka, staviti na dlan ruke, dodati malo rastvora i ne\u017eno protrljati obe strane so\u010diva. Zatim isprati dodatnom koli\u010dinom rastvora da bi se odstranile sve naslage. Za dezinfekciju,so\u010diva ostaviti u rastvoru najmanje 4 sata, ili, jo\u0161 bolje,tokom \u010ditave no\u0107i.<\/p>\n<p><b>Ambalare<\/b>:<\/p>\n<ul>\n<li>boca od\u00a0 360ml,<\/li>\n<li>kutija za so\u010diva<\/li>\n<\/ul>\n<p>Not\u0103:<br \/>\nNakon prvog otvaranja, proizvod treba iskoristiti u roku od\u00a090 dana.<\/p>","protected":false},"featured_media":6103,"template":"","meta":[],"product_brand":[3149],"product_cat":[139,3054],"product_tag":[1709,1000,2395,312,2396,541,2394,2393,2397],"class_list":{"0":"post-6102","1":"product","2":"type-product","3":"status-publish","4":"has-post-thumbnail","6":"product_brand-alkaloid","7":"product_cat-vitamini-za-oci-i-vestacke-suze","8":"product_cat-akcija","9":"product_tag-betty","10":"product_tag-ciscenje","11":"product_tag-cuvanje","12":"product_tag-dezinfekcija","13":"product_tag-hijaluron","14":"product_tag-hijaluronska-kiselina","15":"product_tag-ispiranje","16":"product_tag-sve-vrste-kontaktnih-sociva","17":"product_tag-visenamenska-rastvor","18":"pa_brend-alkaloid","20":"first","21":"instock","22":"shipping-taxable","23":"purchasable","24":"product-type-simple"},"ams_default_variation_id":0,"ams_product_points_reward":[],"ams_product_discount_percentage":0,"ams_price_to_display":855,"ams_acf":[],"jetpack_sharing_enabled":true,"_links":{"self":[{"href":"https:\/\/apotekar-online.rs\/ro\/wp-json\/wp\/v2\/product\/6102","targetHints":{"allow":["GET"]}}],"collection":[{"href":"https:\/\/apotekar-online.rs\/ro\/wp-json\/wp\/v2\/product"}],"about":[{"href":"https:\/\/apotekar-online.rs\/ro\/wp-json\/wp\/v2\/types\/product"}],"wp:featuredmedia":[{"embeddable":true,"href":"https:\/\/apotekar-online.rs\/ro\/wp-json\/wp\/v2\/media\/6103"}],"wp:attachment":[{"href":"https:\/\/apotekar-online.rs\/ro\/wp-json\/wp\/v2\/media?parent=6102"}],"wp:term":[{"taxonomy":"product_brand","embeddable":true,"href":"https:\/\/apotekar-online.rs\/ro\/wp-json\/wp\/v2\/product_brand?post=6102"},{"taxonomy":"product_cat","embeddable":true,"href":"https:\/\/apotekar-online.rs\/ro\/wp-json\/wp\/v2\/product_cat?post=6102"},{"taxonomy":"product_tag","embeddable":true,"href":"https:\/\/apotekar-online.rs\/ro\/wp-json\/wp\/v2\/product_tag?post=6102"}],"curies":[{"name":"wp","href":"https:\/\/api.w.org\/{rel}","templated":true}]}}