{"id":611,"date":"2022-07-12T09:37:50","date_gmt":"2022-07-12T09:37:50","guid":{"rendered":"https:\/\/apotekar-online.rs\/product\/centrum-a-z-lutein-30-tableta\/"},"modified":"2026-03-31T00:00:09","modified_gmt":"2026-03-31T02:00:09","slug":"centrum-az-lutein-30-tablete","status":"publish","type":"product","link":"https:\/\/apotekar-online.rs\/ro\/p\/centrum-a-z-lutein-30-tableta\/","title":{"rendered":"Centrum AZ + lutein\u0103 30 comprimate"},"content":{"rendered":"","protected":false},"excerpt":{"rendered":"<p>Centrum A to Z este un complex de vitamine \u0219i minerale pentru adul\u021bi \u0219i ofer\u0103 o compozi\u021bie complet\u0103 de vitamine, minerale importante \u0219i microelemente esen\u021biale. Folosind Centrum, completa\u021bi cantitatea zilnic\u0103 de vitamine \u0219i minerale absorbit\u0103 cu alimente.<br \/>\nCentrum de la A la Z este potrivit at\u00e2t pentru persoanele care nu au intoleran\u021b\u0103 la gluten, c\u00e2t \u0219i pentru diabetici.<\/p>\n<p><strong>Dozaj \u0219i mod de utilizare<\/strong><br \/>\n1 tablet\u0103 pe zi.<\/p>\n<p><strong>Not\u0103:<\/strong>\u00a0Ne str\u0103duim s\u0103 fim c\u00e2t mai precisi \u00een descrierea tuturor produselor, dar nu putem garanta c\u0103 toate descrierile sunt complete \u0219i f\u0103r\u0103 erori. Multumesc pentru intelegere.<br \/>\nToate articolele afi\u0219ate pe site fac parte din oferta noastr\u0103, dar nu \u00eenseamn\u0103 c\u0103 sunt disponibile \u00een orice moment.<\/p>","protected":false},"featured_media":8815,"template":"","meta":[],"product_brand":[3215],"product_cat":[3054,78],"product_tag":[3000,179,643,1243],"class_list":{"0":"post-611","1":"product","2":"type-product","3":"status-publish","4":"has-post-thumbnail","6":"product_brand-centrum","7":"product_cat-akcija","8":"product_cat-vitamini-i-minerali","9":"product_tag-centrum","10":"product_tag-imunitet","11":"product_tag-jacanje-imuniteta","12":"product_tag-vitamini-i-minerali","13":"pa_brend-centrum","14":"pa_brend-whitehall","16":"first","17":"instock","18":"purchasable","19":"product-type-simple"},"ams_default_variation_id":0,"ams_product_points_reward":[],"ams_product_discount_percentage":0,"ams_price_to_display":1359,"ams_acf":[],"jetpack_sharing_enabled":true,"_links":{"self":[{"href":"https:\/\/apotekar-online.rs\/ro\/wp-json\/wp\/v2\/product\/611","targetHints":{"allow":["GET"]}}],"collection":[{"href":"https:\/\/apotekar-online.rs\/ro\/wp-json\/wp\/v2\/product"}],"about":[{"href":"https:\/\/apotekar-online.rs\/ro\/wp-json\/wp\/v2\/types\/product"}],"wp:featuredmedia":[{"embeddable":true,"href":"https:\/\/apotekar-online.rs\/ro\/wp-json\/wp\/v2\/media\/8815"}],"wp:attachment":[{"href":"https:\/\/apotekar-online.rs\/ro\/wp-json\/wp\/v2\/media?parent=611"}],"wp:term":[{"taxonomy":"product_brand","embeddable":true,"href":"https:\/\/apotekar-online.rs\/ro\/wp-json\/wp\/v2\/product_brand?post=611"},{"taxonomy":"product_cat","embeddable":true,"href":"https:\/\/apotekar-online.rs\/ro\/wp-json\/wp\/v2\/product_cat?post=611"},{"taxonomy":"product_tag","embeddable":true,"href":"https:\/\/apotekar-online.rs\/ro\/wp-json\/wp\/v2\/product_tag?post=611"}],"curies":[{"name":"wp","href":"https:\/\/api.w.org\/{rel}","templated":true}]}}