{"id":6117,"date":"2026-01-16T07:41:57","date_gmt":"2026-01-16T09:41:57","guid":{"rendered":"https:\/\/apotekar-online.rs\/?post_type=product&#038;p=6117"},"modified":"2026-03-05T08:27:39","modified_gmt":"2026-03-05T10:27:39","slug":"livsane-arnika-gel-120-ml","status":"publish","type":"product","link":"https:\/\/apotekar-online.rs\/ro\/p\/livsane-arnika-gel-120-ml\/","title":{"rendered":"Livsane Arnika gel 120 ml"},"content":{"rendered":"","protected":false},"excerpt":{"rendered":"<p>Livsane arnika gel neguje i revitalizuje ko\u017eu,\u00a0prijatno je opu\u0161taju\u0107i\u00a0svojim sastojcima sa dokazanim efektom. Dermatolo\u0161ki ispitan proizvod.<\/p>\n<h5>Dozaj \u0219i mod de administrare<\/h5>\n<p>Naneti ve\u0107u koli\u010dinu gela na ko\u017eu i sa\u010dekati da upije. Izbegavati kontakt sa o\u010dima i sluzoko\u017eom. Proizvod nije pogodan za upotrebu kod dece.<\/p>\n<h5>Compozi\u0163ie<\/h5>\n<p>Aqua, Isopropyl alcohol, Polysorbate-20, Arnica montana extract, Menthol, Carbomer, Parfum, Eugenol, Benzyl salicylate, Butylphenyl methylpropional, Coumarin, Limonene<\/p>","protected":false},"featured_media":8344,"template":"","meta":[],"product_brand":[3090],"product_cat":[80,177],"product_tag":[2515,299],"class_list":{"0":"post-6117","1":"product","2":"type-product","3":"status-publish","4":"has-post-thumbnail","6":"product_brand-livsane","7":"product_cat-koza-kosa-i-nokti","8":"product_cat-nega-tela","9":"product_tag-livsane","10":"product_tag-nega-koze","12":"first","13":"instock","14":"shipping-taxable","15":"purchasable","16":"product-type-simple"},"ams_default_variation_id":0,"ams_product_points_reward":[],"ams_product_discount_percentage":0,"ams_price_to_display":432,"ams_acf":[],"jetpack_sharing_enabled":true,"_links":{"self":[{"href":"https:\/\/apotekar-online.rs\/ro\/wp-json\/wp\/v2\/product\/6117","targetHints":{"allow":["GET"]}}],"collection":[{"href":"https:\/\/apotekar-online.rs\/ro\/wp-json\/wp\/v2\/product"}],"about":[{"href":"https:\/\/apotekar-online.rs\/ro\/wp-json\/wp\/v2\/types\/product"}],"wp:featuredmedia":[{"embeddable":true,"href":"https:\/\/apotekar-online.rs\/ro\/wp-json\/wp\/v2\/media\/8344"}],"wp:attachment":[{"href":"https:\/\/apotekar-online.rs\/ro\/wp-json\/wp\/v2\/media?parent=6117"}],"wp:term":[{"taxonomy":"product_brand","embeddable":true,"href":"https:\/\/apotekar-online.rs\/ro\/wp-json\/wp\/v2\/product_brand?post=6117"},{"taxonomy":"product_cat","embeddable":true,"href":"https:\/\/apotekar-online.rs\/ro\/wp-json\/wp\/v2\/product_cat?post=6117"},{"taxonomy":"product_tag","embeddable":true,"href":"https:\/\/apotekar-online.rs\/ro\/wp-json\/wp\/v2\/product_tag?post=6117"}],"curies":[{"name":"wp","href":"https:\/\/api.w.org\/{rel}","templated":true}]}}