{"id":6361,"date":"2024-04-26T11:16:10","date_gmt":"2024-04-26T13:16:10","guid":{"rendered":"https:\/\/apotekar-online.rs\/?post_type=product&#038;p=6361"},"modified":"2026-03-05T08:07:44","modified_gmt":"2026-03-05T10:07:44","slug":"kansen-comprimate-vaginale-3x200mg","status":"publish","type":"product","link":"https:\/\/apotekar-online.rs\/ro\/p\/kansen-vaginalne-tablete-3x200mg\/","title":{"rendered":"Kansen comprimate vaginale, 3x200 mg"},"content":{"rendered":"","protected":false},"excerpt":{"rendered":"<p><strong>V\u00e2nzarea acestui medicament prin internet este interzis\u0103 de legea Republicii Serbia, \u00een timp ce publicitatea acestuia prin internet este permis\u0103 exclusiv<\/strong>\u00a0<strong>ca reamintire si are scopul de a informa.<\/strong><\/p>\n<p>Kansen\u00ae<br \/>\n, 200 mg, comprimate vaginale<br \/>\nclotrimazol<br \/>\nCiti\u021bi cu aten\u021bie aceast\u0103 instruc\u021biune \u00eenainte de a \u00eencepe s\u0103 utiliza\u021bi acest medicament, deoarece con\u021bine<br \/>\ninforma\u021bii care sunt importante pentru dvs.<br \/>\nUtiliza\u021bi \u00eentotdeauna acest medicament exact a\u0219a cum este men\u021bionat \u00een aceste instruc\u021biuni sau a\u0219a cum v-a explicat medicul dumneavoastr\u0103<br \/>\nmedic sau farmacist.<br \/>\n\uf02d Salva\u021bi instruc\u021biunile. Este posibil s\u0103 fie nevoie s\u0103-l citi\u021bi din nou.<br \/>\n\uf02d Dac\u0103 ave\u021bi \u00eentreb\u0103ri suplimentare sau ave\u021bi nevoie de sfaturi, contacta\u021bi-v\u0103 farmacistul.<br \/>\n\uf02d Dac\u0103 prezenta\u0163i orice reac\u0163ii adverse, adresa\u0163i-v\u0103 medicului dumneavoastr\u0103 sau farmacistului. Acest<br \/>\ninclude orice reac\u021bii adverse care nu sunt enumerate \u00een acest ghid. Vezi sec\u021biunea 4.<br \/>\n\uf02d Dac\u0103 nu v\u0103 sim\u021bi\u021bi mai bine sau v\u0103 sim\u021bi\u021bi mai r\u0103u dup\u0103 7 zile, trebuie s\u0103 v\u0103 adresa\u021bi medicului dumneavoastr\u0103.<br \/>\n\u00cen acest ghid ve\u021bi citi:<br \/>\n1. Ce este medicamentul Kansen \u0219i pentru ce este?<br \/>\n2. Ce trebuie s\u0103 \u0219ti\u021bi \u00eenainte de a utiliza Kansen<br \/>\n3. Cum se administreaz\u0103 Kansen<br \/>\n4. M<br \/>\ndespre<br \/>\nmai pu\u021bine efecte secundare<br \/>\n5. Cum se p\u0103streaz\u0103 medicamentul Kansen<br \/>\n6. Con\u021binutul pachetului \u0219i alte informa\u021bii<br \/>\n2 din 5<br \/>\n1. Ce este medicamentul Kansen \u0219i pentru ce este?<br \/>\nMedicamentul Kansen con\u021bine substan\u021ba activ\u0103 clotrimazol, care apar\u021bine grupului de medicamente numite antimicotice.<br \/>\n(medicamente pentru tratarea infec\u021biilor fungice).<br \/>\nKansen, un comprimat vaginal este un medicament pentru tratamentul vaginitei candidozei, o infec\u021bie a vaginului cauzat\u0103 de aceasta.<br \/>\nciuperci din genul Candida.<br \/>\nMedicamentul este destinat adul\u021bilor \u0219i copiilor cu v\u00e2rsta peste 12 ani. Pentru utilizare la copii cu v\u00e2rsta cuprins\u0103 \u00eentre 12 \u0219i 16 ani<br \/>\neste necesar s\u0103 consulta\u021bi un medic.<br \/>\n2. Ce trebuie s\u0103 \u0219ti\u021bi \u00eenainte de a utiliza Kansen<br \/>\nNu trebuie s\u0103 utiliza\u021bi Kansen:<br \/>\n\uf0b7 dac\u0103 sunte\u021bi alergic (hipersensibil) la clotrimazol sau la oricare dintre excipien\u021bii acestui medicament<br \/>\n(enumerate \u00een sec\u021biunea 6).<br \/>\nAvertismente \u0219i precau\u021bii<br \/>\nDiscuta\u021bi cu medicul dumneavoastr\u0103 sau cu farmacistul \u00eenainte de a utiliza Kansen comprimate vaginale:<br \/>\n\uf0b7 dac\u0103 ave\u021bi febr\u0103 (temperatura corpului 38 \u00b0C sau mai mare), dureri abdominale inferioare, dureri de spate,<br \/>\nscurgeri vaginale ur\u00e2t mirositoare, grea\u021b\u0103, s\u00e2ngerare vaginal\u0103 \u0219i\/sau durere de um\u0103r.<br \/>\n\uf0b7 dac\u0103 utiliza\u021bi contraceptive din latex precum prezervative \u0219i diafragme, deoarece medicamentul<br \/>\nKansen, comprimatele vaginale \u00een tratament combinat cu crem\u0103 le pot reduce eficacitatea<br \/>\nsi securitate.<br \/>\nNu l\u0103sa\u021bi medicamentul la vederea \u0219i \u00eendem\u00e2na copiilor.<br \/>\nEvita contactul cu ochii. Nu inghiti.<br \/>\nAlte medicamente \u0219i Kansen<br \/>\nInforma\u021bi medicul sau farmacistul dac\u0103 lua\u021bi, a\u021bi luat recent sau pute\u021bi lua oricare<br \/>\nce alte medicamente.<br \/>\nAdministrarea simultan\u0103 a medicamentului Kansen pe cale vaginal\u0103 \u0219i tacrolimus \u0219i sirolimus oral (medicamente utilizate<br \/>\npentru a preveni respingerea organului transplantat) poate duce la o cre\u0219tere a concentra\u021biilor de tacrolimus \u00een<br \/>\nplasm\u0103 \u0219i, \u00een mod similar, sirolimus. Este necesar s\u0103 se monitorizeze cu aten\u021bie apari\u021bia simptomelor de supradozaj cu tacrolimus<br \/>\nsau sirolimus, dac\u0103 este necesar prin determinarea concentra\u021biilor plasmatice.<br \/>\nSarcina \u0219i al\u0103ptarea<br \/>\nDac\u0103 sunte\u021bi gravid\u0103 sau al\u0103pta\u021bi, crede\u021bi c\u0103 sunte\u021bi gravid\u0103 sau inten\u021biona\u021bi s\u0103 r\u0103m\u00e2ne\u021bi gravid\u0103, adresa\u021bi-v\u0103 medicului dumneavoastr\u0103 sau<br \/>\nfarmacistului pentru sfaturi \u00eenainte de a utiliza acest medicament.<br \/>\nSarcina<br \/>\nSe recomand\u0103 evitarea utiliz\u0103rii clotrimazolului \u00een primele trei luni de sarcin\u0103.<br \/>\nAl\u0103ptarea<br \/>\n\u00cen timpul tratamentului cu acest medicament, al\u0103ptarea trebuie oprit\u0103.<br \/>\n3 din 5<br \/>\nConducerea vehiculelor \u0219i operarea ma\u0219inilor<br \/>\nMedicamentul Kansen nu are nicio influen\u021b\u0103 sau are o influen\u021b\u0103 neglijabil\u0103 asupra capacit\u0103\u021bii de a conduce \u0219i de a conduce vehicule<br \/>\nmasini.<br \/>\n3. Cum se administreaz\u0103 Kansen<br \/>\nUtiliza\u021bi \u00eentotdeauna acest medicament exact a\u0219a cum este men\u021bionat \u00een acest Ghid de medicamente sau a\u0219a cum v-a fost explicat<br \/>\nMedicul dumneavoastr\u0103 sau farmacistul. Dac\u0103 nu sunte\u021bi sigur, consulta\u021bi medicul sau farmacistul. Dac\u0103 nu te treze\u0219ti<br \/>\nDac\u0103 urma\u021bi \u00eentocmai instruc\u021biunile, medicamentul nu va func\u021biona corect.<br \/>\nNu utiliza\u021bi tampoane, du\u0219uri intravaginale, spermicide sau altele \u00een timp ce utiliza\u021bi acest medicament<br \/>\nproduse vaginale, precum \u0219i produse din latex (prezervative, diafragme; dac\u0103 folosi\u021bi \u0219i o crem\u0103 pt.<br \/>\nuz extern).<br \/>\nSe recomand\u0103 evitarea actului sexual vaginal \u00een timpul utiliz\u0103rii acestui medicament \u00een caz de infec\u021bie vaginal\u0103<br \/>\ndeoarece infec\u021bia poate fi transmis\u0103 unui partener.<br \/>\nMedicamentul Kansen este destinat uzului vaginal.<br \/>\nTimp de trei seri consecutive, o tablet\u0103 vaginal\u0103 trebuie introdus\u0103 c\u00e2t mai ad\u00e2nc posibil \u00een vagin, \u00eenainte de a merge la culcare, deoarece este<br \/>\neste descris mai jos. Simptomele cauzate de o infec\u021bie cu drojdie a vaginului nu dureaz\u0103 de obicei mai mult de 7 zile.<br \/>\nDac\u0103 semnele de infec\u021bie nu dispar complet, starea se agraveaz\u0103 sau simptomele reapar \u00een perioada de la<br \/>\n2 luni, consulta\u021bi un medic.<br \/>\nDac\u0103 labiile \u0219i zona din jurul lor sunt infectate \u00een acela\u0219i timp, \u00een afar\u0103 de aplicarea medicamentului \u00een vagin (crem\u0103 sau<br \/>\ntableta vaginala) este necesar si un tratament suplimentar cu o crema de uz extern (tratament combinat).<br \/>\nDac\u0103 partenerul dumneavoastr\u0103 are simptome, de ex. m\u00e2nc\u0103rime, inflama\u021bie, ar trebui s\u0103 \u00eenceap\u0103 \u0219i tratamentul.<br \/>\nUtilizarea comprimatelor vaginale \u00een timpul menstrua\u021biei nu este recomandat\u0103. Tratamentul trebuie finalizat \u00eenainte de a \u00eencepe<br \/>\nciclu menstrual.<br \/>\nInstruc\u021biuni pentru utilizarea corect\u0103 a Kansen, comprimate vaginale:<br \/>\nTableta vaginal\u0103 trebuie introdus\u0103 seara, \u00eenainte de culcare, cu m\u00e2inile sp\u0103late c\u00e2t mai ad\u00e2nc \u00een vagin. Cel mai bine e s\u0103<br \/>\n\u00een timp ce stai \u00eentins pe spate cu picioarele \u00eendoite \u00een sus.<br \/>\nPentru ca tabletele vaginale s\u0103 se dizolve complet \u00een vagin, au nevoie de umiditate. Altfel nedizolvat<br \/>\nbuc\u0103\u021bi de tablet\u0103 vaginal\u0103 pot fi zdrobite din vagin. Buc\u0103\u021bi de tablete vaginale nedizolvate sunt \u00een general<br \/>\napar la femeile cu usc\u0103ciune vaginal\u0103. Pentru a evita acest lucru, este necesar s\u0103 fie vaginal<br \/>\ntableta se aplica cat mai adanc in vagin, seara inainte de culcare. Dac\u0103 tableta vaginal\u0103 nu se dizolv\u0103 \u00een<br \/>\ncomplet \u00eentr-o noapte, consulta\u021bi medicul sau farmacistul despre posibilitatea de utilizare<br \/>\ncrema vaginala.<br \/>\nAplicare la copii \u0219i adolescen\u021bi<br \/>\nMedicamentul este destinat adul\u021bilor \u0219i copiilor cu v\u00e2rsta peste 12 ani. Pentru utilizare la copii cu v\u00e2rsta cuprins\u0103 \u00eentre 12 \u0219i 16 ani<br \/>\neste necesar s\u0103 consulta\u021bi un medic.<br \/>\nDac\u0103 uita\u021bi s\u0103 utiliza\u021bi Kansen<br \/>\nDac\u0103 a\u021bi uitat s\u0103 aplica\u021bi medicamentul seara, o pute\u021bi face a doua zi diminea\u021b\u0103, adic\u0103 imediat ce v\u0103 aminti\u021bi. Nu<br \/>\nadministra\u021bi o doz\u0103 dubl\u0103 pentru a compensa doza omis\u0103.<br \/>\n4 din 5<br \/>\nDac\u0103 \u00eenceta\u021bi brusc s\u0103 utiliza\u021bi Kansen<br \/>\nDac\u0103 dori\u021bi s\u0103 vindeca\u021bi complet infec\u021bia cu drojdie \u0219i s\u0103 preveni\u021bi reapari\u021bia acesteia, nu trebuie s\u0103 opri\u021bi tratamentul<br \/>\nf\u0103r\u0103 a consulta un medic. Dac\u0103 o faci, risca\u021bi ca boala s\u0103 reapar\u0103. Tratamentul nu<br \/>\npute\u021bi opri imediat dup\u0103 dispari\u021bia simptomelor de infec\u021bie, dar trebuie s\u0103 continua\u021bi timp de 3 zile consecutiv, cum ar fi<br \/>\ncea prescris\u0103 \u00een aceast\u0103 instruc\u021biune.<br \/>\nDac\u0103 ave\u021bi orice \u00eentreb\u0103ri suplimentare cu privire la utilizarea acestui medicament, adresa\u021bi-v\u0103 medicului dumneavoastr\u0103 sau farmacistului.<br \/>\n4. Reac\u021bii adverse posibile<br \/>\nCa toate medicamentele, acest medicament poate provoca reac\u021bii adverse, cu toate c\u0103 nu apar la toate persoanele.<br \/>\npacien\u0163ii care iau acest medicament.<br \/>\nReac\u021bii adverse au fost identificate \u00een perioada de dup\u0103 punerea pe pia\u021b\u0103 a clotrimazolului. Din moment ce acestea<br \/>\nreac\u021biile raportate voluntar de la o popula\u021bie a c\u0103rei dimensiune exact\u0103 nu este cunoscut\u0103, nu este \u00eentotdeauna posibil\u0103 \u00een mod fiabil<br \/>\ndetermina frecventa acestora.<br \/>\nTulbur\u0103ri ale sistemului imunitar: reac\u021bii alergice (pierderea brusc\u0103 a con\u0219tien\u021bei pe termen scurt, sc\u0103derea tensiunii arteriale,<br \/>\ndificult\u0103\u021bi de respira\u021bie, urticarie).<br \/>\nTulbur\u0103ri ale sistemului reproduc\u0103tor \u0219i ale s\u00e2nilor: descuamare genital\u0103, m\u00e2nc\u0103rime, erup\u021bii cutanate, umfl\u0103turi, ro\u0219ea\u021b\u0103, disconfort,<br \/>\narsuri, irita\u021bii, dureri pelvine, s\u00e2nger\u0103ri vaginale.<br \/>\nTulbur\u0103ri gastro-intestinale: dureri abdominale.<br \/>\nRaportarea reac\u021biilor adverse<br \/>\nDac\u0103 ave\u021bi orice reac\u021bie nedorit\u0103, trebuie s\u0103 v\u0103 informa\u021bi medicul sau farmacistul.<br \/>\nAceasta include orice posibile efecte secundare care nu sunt enumerate \u00een acest ghid. Prin \u00eenscriere<br \/>\nreac\u021biile adverse pot ajuta la evaluarea siguran\u021bei acestui medicament. Ei suspecteaz\u0103 reac\u021bii nedorite<br \/>\npute\u021bi raporta la Agen\u021bia pentru Medicamente \u0219i Dispozitive Medicale din Serbia (ALIMS):<br \/>\nAgen\u021bia pentru Medicamente \u0219i Dispozitive Medicale din Serbia<br \/>\nCentrul Na\u021bional de Farmacovigilen\u021b\u0103<br \/>\nVojvode Stepe 458, 11221 Belgrad<br \/>\nRepublica Serbia<br \/>\nsite: www.alims.gov.rs<br \/>\ne-mail: nezeljene.reakcije@alims.gov.rs<br \/>\n5. Cum se p\u0103streaz\u0103 medicamentul Kansen<br \/>\nNu l\u0103sa\u021bi medicamentul la vederea \u0219i \u00eendem\u00e2na copiilor.<br \/>\nNu trebuie s\u0103 utiliza\u021bi medicamentul Kansen dup\u0103 data de expirare indicat\u0103 pe ambalaj dup\u0103 \u201eValabil p\u00e2n\u0103 la:\u201d. Data<br \/>\ndata de expirare se refer\u0103 la ultima zi a lunii specificate.<br \/>\nA se p\u0103stra la o temperatur\u0103 de p\u00e2n\u0103 la 25 \u00b0C, \u00een ambalajul original, pentru a fi protejat de lumin\u0103 \u0219i umiditate.<br \/>\nMedicamentele inutilizabile se predau farmaciei unde se afi\u0219eaz\u0103 anun\u021bul c\u0103 urmeaz\u0103 s\u0103 fie ridicate \u00een farmacia respectiv\u0103.<br \/>\nmedicamente inutilizabile de la cet\u0103\u021beni. Medicamentele inutilizabile nu trebuie aruncate \u00een canalizare sau \u00eempreun\u0103 cu<br \/>\ndeseuri municipale. Aceste m\u0103suri vor ajuta la protejarea mediului.<br \/>\n5 din 5<br \/>\n6. Con\u021binutul pachetului \u0219i alte informa\u021bii<br \/>\nCe con\u021bine Kansen<br \/>\n\uf02d Substan\u021ba activ\u0103 este clotrimazolul.<br \/>\nUn comprimat vaginal con\u021bine 200 mg clotrimazol.<br \/>\n\uf02d Substantele auxiliare sunt: lactoza, monohidrat; amidon, porumb; acid adipic; dioxid de siliciu,<br \/>\ncoloidal, anhidru; polisorbat 80; bicarbonat de sodiu; povidona K-30; stearat de magneziu.<br \/>\nCum arat\u0103 medicamentul Kansen \u0219i con\u021binutul ambalajului<br \/>\nO tablet\u0103 vaginal\u0103 alungit\u0103, \u00eengustat\u0103 la un cap\u0103t, neted\u0103, de culoare alb\u0103.<br \/>\nAmbalajul interior al medicamentului este un blister de aluminiu cu 3 comprimate vaginale.<br \/>\nAmbalajul exterior al medicamentului este o cutie de carton pliabil\u0103 care con\u021bine un blister (un total de 3 blistere vaginale).<br \/>\ntablete) \u0219i Instruc\u021biuni pentru medicament.<br \/>\nDe\u021bin\u0103torul licen\u021bei \u0219i produc\u0103torul<br \/>\nTitularul licen\u021bei:<br \/>\nACTAVIS DOO BELGRADE, \u0110or\u0111a Stanojevi\u0107a 12, Belgrad<br \/>\nProduc\u0103tor:<br \/>\nZDRAVLJE AD LESKOVAC, Vlajkova 199, Leskovac, Republica Serbia<br \/>\nAceast\u0103 instruc\u021biune a fost aprobat\u0103 ultima dat\u0103<br \/>\niunie, 2019.<br \/>\nMod de administrare a medicamentului:<br \/>\nMedicamentul este eliberat f\u0103r\u0103 prescrip\u021bie medical\u0103.<br \/>\nNum\u0103rul \u0219i data licen\u021bei:<br \/>\n515-01-04225-18-001 din 14.06.2019<\/p>","protected":false},"featured_media":6362,"template":"","meta":[],"product_brand":[],"product_cat":[88],"product_tag":[2417,1821,2416],"class_list":{"0":"post-6361","1":"product","2":"type-product","3":"status-publish","4":"has-post-thumbnail","6":"product_cat-intimna-nega","7":"product_tag-antimikotik","8":"product_tag-gljivica","9":"product_tag-vaginalne-tablete","10":"pa_brend-zdravlje-lek","12":"first","13":"instock","14":"shipping-taxable","15":"product-type-simple"},"ams_default_variation_id":0,"ams_product_points_reward":[],"ams_product_discount_percentage":0,"ams_price_to_display":0,"ams_acf":[],"jetpack_sharing_enabled":true,"_links":{"self":[{"href":"https:\/\/apotekar-online.rs\/ro\/wp-json\/wp\/v2\/product\/6361","targetHints":{"allow":["GET"]}}],"collection":[{"href":"https:\/\/apotekar-online.rs\/ro\/wp-json\/wp\/v2\/product"}],"about":[{"href":"https:\/\/apotekar-online.rs\/ro\/wp-json\/wp\/v2\/types\/product"}],"wp:featuredmedia":[{"embeddable":true,"href":"https:\/\/apotekar-online.rs\/ro\/wp-json\/wp\/v2\/media\/6362"}],"wp:attachment":[{"href":"https:\/\/apotekar-online.rs\/ro\/wp-json\/wp\/v2\/media?parent=6361"}],"wp:term":[{"taxonomy":"product_brand","embeddable":true,"href":"https:\/\/apotekar-online.rs\/ro\/wp-json\/wp\/v2\/product_brand?post=6361"},{"taxonomy":"product_cat","embeddable":true,"href":"https:\/\/apotekar-online.rs\/ro\/wp-json\/wp\/v2\/product_cat?post=6361"},{"taxonomy":"product_tag","embeddable":true,"href":"https:\/\/apotekar-online.rs\/ro\/wp-json\/wp\/v2\/product_tag?post=6361"}],"curies":[{"name":"wp","href":"https:\/\/api.w.org\/{rel}","templated":true}]}}