{"id":6377,"date":"2024-05-06T10:34:29","date_gmt":"2024-05-06T12:34:29","guid":{"rendered":"https:\/\/apotekar-online.rs\/?post_type=product&#038;p=6377"},"modified":"2026-03-05T08:07:44","modified_gmt":"2026-03-05T10:07:44","slug":"biorela-choco-multi-kids","status":"publish","type":"product","link":"https:\/\/apotekar-online.rs\/ro\/p\/biorela-choco-multi-kids\/","title":{"rendered":"Biorela\u00ae Choco Multi Kids"},"content":{"rendered":"","protected":false},"excerpt":{"rendered":"<h2>Za svakodnevnu za\u0161titu imuniteta dece za zdrav rast i razvoj<\/h2>\n<ul>\n<li>sadr\u017ei 12 vitamina i 3 minerala<\/li>\n<li>nagra\u0111ivani ukus \u2013 ukusna mle\u010dna \u010dokoladica<\/li>\n<li>nutritivna potpora pri polasku deteta u vrti\u0107 ili \u0161kolu<\/li>\n<li>za zdrav apetit i energiju<\/li>\n<li>za normalan kognitivni razvoj za pravilan rast i razvoj de\u010dijih kostiju<\/li>\n<li>kod pove\u0107anih fizi\u010dkih i psihi\u010dkih napora<\/li>\n<li>za decu nakon navr\u0161ene 3 godine \u017eivota<\/li>\n<\/ul>\n<h2><\/h2>\n<p>Biorela<sup>\u00ae<\/sup>\u00a0Choco Multi Kids mo\u017ee se uzimati tokom cele godine, svaki dan, kao podr\u0161ka imunitetu i zdravlju deteta.<\/p>\n<p>Deca starija od 3 godine i odrasli uzimaju jednu \u0161tanglicu dnevno.<\/p>\n<p>Biorela<sup>\u00ae<\/sup>\u00a0Choco Multi Kids dolazi u pakovanju od 20 pojedina\u010dno pakovanih \u010dokoladnih \u0161tanglica od 5 g.<\/p>\n<div class=\"table-responsive\">\n<table class=\"table\">\n<tbody>\n<tr>\n<td><strong>Sadr\u017eaj u dnevnoj dozi<\/strong><\/td>\n<td colspan=\"2\"><strong>Deca &gt;3 god. i odrasli<\/strong><\/td>\n<\/tr>\n<tr>\n<td><\/td>\n<td><strong>1 \u0161tanglica<\/strong><\/td>\n<td><strong>%NRV**<\/strong><\/td>\n<\/tr>\n<tr>\n<td>HOWARU<sup>\u00ae<\/sup>\u00a0<em>Bifidobacterium lactis<\/em>\u00a0HN019&#x2122;<\/td>\n<td>1 milijarda aktivnih bakterija<\/td>\n<td><\/td>\n<\/tr>\n<tr>\n<td>HOWARU<sup>\u00ae<\/sup>\u00a0<em>Lactobacillus rhamnosus\u00a0<\/em>HN001&#x2122;<\/td>\n<td>1 milijarda aktivnih bakterija<\/td>\n<td><\/td>\n<\/tr>\n<tr>\n<td>Vitamina A<\/td>\n<td>400 \u00b5g<\/td>\n<td>50<\/td>\n<\/tr>\n<tr>\n<td>Vitamin B1<\/td>\n<td>0,55 mg<\/td>\n<td>50<\/td>\n<\/tr>\n<tr>\n<td>Vitamin B2<\/td>\n<td>0,7 mg<\/td>\n<td>50<\/td>\n<\/tr>\n<tr>\n<td>Vitamin B3 (niacin)<\/td>\n<td>8 mg<\/td>\n<td>50<\/td>\n<\/tr>\n<tr>\n<td>Vitamina B6<\/td>\n<td>0,7 mg<\/td>\n<td>50<\/td>\n<\/tr>\n<tr>\n<td>Folna kiselina<\/td>\n<td>200 \u00b5g<\/td>\n<td>100<\/td>\n<\/tr>\n<tr>\n<td>Vitamin B12<\/td>\n<td>1,25 \u00b5g<\/td>\n<td>50<\/td>\n<\/tr>\n<tr>\n<td>Biotina<\/td>\n<td>25 \u00b5g<\/td>\n<td>50<\/td>\n<\/tr>\n<tr>\n<td>Acid pantotenic<\/td>\n<td>3 mg<\/td>\n<td>50<\/td>\n<\/tr>\n<tr>\n<td>Vitamina C<\/td>\n<td>40 mg<\/td>\n<td>50<\/td>\n<\/tr>\n<tr>\n<td>Vitamina D<\/td>\n<td>5 \u00b5g<\/td>\n<td>100<\/td>\n<\/tr>\n<tr>\n<td>Vitamina E<\/td>\n<td>6 mg<\/td>\n<td>50<\/td>\n<\/tr>\n<tr>\n<td>Jod<\/td>\n<td>75 \u00b5g<\/td>\n<td>50<\/td>\n<\/tr>\n<tr>\n<td>Gvo\u017e\u0111e<\/td>\n<td>3,5 mg<\/td>\n<td>25<\/td>\n<\/tr>\n<tr>\n<td>Kalcijum<\/td>\n<td>120 mg<\/td>\n<td>15<\/td>\n<\/tr>\n<\/tbody>\n<\/table>\n<\/div>\n<p><small>**preporu\u010deni dnevni unos<\/small><\/p>\n<p>HOWARU<sup>\u00ae\u00a0<\/sup>je za\u0161ti\u0107eni naziv preduze\u0107a IFF ili njegovih preduze\u0107a i Milsing d.o.o. ga koristi uz dozvolu.<\/p>\n<p>HN019&#x2122; i HN001&#x2122; su nazivi Fonterra grupe i koriste se uz dozvolu.<\/p>\n<p><strong>Utilizarea<\/strong>: Preporu\u010dena dnevna doza za decu stariju od 3 godine i odrasle je jedna (1) \u0161tanglica dnevno.<\/p>\n<p>Biorela<sup>\u00ae<\/sup>\u00a0Choco Multi Kids proizvedena je Chocowise<sup>\u00ae<\/sup>\u00a0tehnologijom koja nam omogu\u0107ava da osetljive kulture mikroorganizama uklopimo u ukusnu \u010dokoladu.<\/p>\n<p>\u010cokolada tako\u0111e odli\u010dno \u0161titi \u017eive kulture od uticaja \u017eivotne sredine \u0161to doprinosi stabilnosti proizvoda, ali i pre\u017eivljavanju dobrih* bakterija u probavnom sistemu.1080<\/p>","protected":false},"featured_media":6378,"template":"","meta":[],"product_brand":[],"product_cat":[78],"product_tag":[2423,180,179,304],"class_list":{"0":"post-6377","1":"product","2":"type-product","3":"status-publish","4":"has-post-thumbnail","6":"product_cat-vitamini-i-minerali","7":"product_tag-cokoladice","8":"product_tag-deca","9":"product_tag-imunitet","10":"product_tag-vitamini","12":"first","13":"instock","14":"shipping-taxable","15":"purchasable","16":"product-type-simple"},"ams_default_variation_id":0,"ams_product_points_reward":[],"ams_product_discount_percentage":0,"ams_price_to_display":1080,"ams_acf":[],"jetpack_sharing_enabled":true,"_links":{"self":[{"href":"https:\/\/apotekar-online.rs\/ro\/wp-json\/wp\/v2\/product\/6377","targetHints":{"allow":["GET"]}}],"collection":[{"href":"https:\/\/apotekar-online.rs\/ro\/wp-json\/wp\/v2\/product"}],"about":[{"href":"https:\/\/apotekar-online.rs\/ro\/wp-json\/wp\/v2\/types\/product"}],"wp:featuredmedia":[{"embeddable":true,"href":"https:\/\/apotekar-online.rs\/ro\/wp-json\/wp\/v2\/media\/6378"}],"wp:attachment":[{"href":"https:\/\/apotekar-online.rs\/ro\/wp-json\/wp\/v2\/media?parent=6377"}],"wp:term":[{"taxonomy":"product_brand","embeddable":true,"href":"https:\/\/apotekar-online.rs\/ro\/wp-json\/wp\/v2\/product_brand?post=6377"},{"taxonomy":"product_cat","embeddable":true,"href":"https:\/\/apotekar-online.rs\/ro\/wp-json\/wp\/v2\/product_cat?post=6377"},{"taxonomy":"product_tag","embeddable":true,"href":"https:\/\/apotekar-online.rs\/ro\/wp-json\/wp\/v2\/product_tag?post=6377"}],"curies":[{"name":"wp","href":"https:\/\/api.w.org\/{rel}","templated":true}]}}