{"id":6515,"date":"2024-05-25T06:41:10","date_gmt":"2024-05-25T08:41:10","guid":{"rendered":"https:\/\/apotekar-online.rs\/?post_type=product&#038;p=6515"},"modified":"2026-03-05T08:07:40","modified_gmt":"2026-03-05T10:07:40","slug":"mixa-hyaluronic-intenzivno-hidratantni-losion-za-telo-za-normalnu-do-suvu-kozu-400ml","status":"publish","type":"product","link":"https:\/\/apotekar-online.rs\/ro\/p\/mixa-hyaluronic-intenzivno-hidratantni-losion-za-telo-za-normalnu-do-suvu-kozu-400ml\/","title":{"rendered":"Mixa Hyaluronic intenzivno hidratantni losion za telo za normalnu do suvu ko\u017eu 400ml"},"content":{"rendered":"","protected":false},"excerpt":{"rendered":"<p align=\"justify\">Trenutna hidratacija. Intenzivna 48-\u010dasovna hidratacija.*<\/p>\n<p align=\"justify\">Tekstura je lagana i nemasna, upija se za 10 sekundi.**<\/p>\n<p align=\"justify\">Testirano pod medicinskom kontrolom. Klini\u010dki dokazani rezultati. Hipoalergena formula. Testirano na 100% osetljivoj ko\u017ei.<\/p>\n<p align=\"justify\">*Instrumentalni test, 24 ispitanika. **Potro\u0161a\u010dki test, 54 \u017eene, 4 nedelje.<br \/>\nUputstvo za upotrebu: Ne\u017enim pokretima utrljajte losion na telo.<\/p>\n<p align=\"justify\">Pakovanje sadr\u017ei 400ml.<\/p>","protected":false},"featured_media":6516,"template":"","meta":[],"product_brand":[],"product_cat":[177],"product_tag":[954,1889,959,227],"class_list":{"0":"post-6515","1":"product","2":"type-product","3":"status-publish","4":"has-post-thumbnail","6":"product_cat-nega-tela","7":"product_tag-losion-za-telo","8":"product_tag-mixa","9":"product_tag-normalna-koza","10":"product_tag-suva-koza","11":"pa_brend-mixa","13":"first","14":"instock","15":"shipping-taxable","16":"purchasable","17":"product-type-simple"},"ams_default_variation_id":0,"ams_product_points_reward":[],"ams_product_discount_percentage":0,"ams_price_to_display":630,"ams_acf":[],"jetpack_sharing_enabled":true,"_links":{"self":[{"href":"https:\/\/apotekar-online.rs\/ro\/wp-json\/wp\/v2\/product\/6515","targetHints":{"allow":["GET"]}}],"collection":[{"href":"https:\/\/apotekar-online.rs\/ro\/wp-json\/wp\/v2\/product"}],"about":[{"href":"https:\/\/apotekar-online.rs\/ro\/wp-json\/wp\/v2\/types\/product"}],"wp:featuredmedia":[{"embeddable":true,"href":"https:\/\/apotekar-online.rs\/ro\/wp-json\/wp\/v2\/media\/6516"}],"wp:attachment":[{"href":"https:\/\/apotekar-online.rs\/ro\/wp-json\/wp\/v2\/media?parent=6515"}],"wp:term":[{"taxonomy":"product_brand","embeddable":true,"href":"https:\/\/apotekar-online.rs\/ro\/wp-json\/wp\/v2\/product_brand?post=6515"},{"taxonomy":"product_cat","embeddable":true,"href":"https:\/\/apotekar-online.rs\/ro\/wp-json\/wp\/v2\/product_cat?post=6515"},{"taxonomy":"product_tag","embeddable":true,"href":"https:\/\/apotekar-online.rs\/ro\/wp-json\/wp\/v2\/product_tag?post=6515"}],"curies":[{"name":"wp","href":"https:\/\/api.w.org\/{rel}","templated":true}]}}