{"id":6545,"date":"2024-05-31T04:38:02","date_gmt":"2024-05-31T06:38:02","guid":{"rendered":"https:\/\/apotekar-online.rs\/?post_type=product&#038;p=6545"},"modified":"2026-03-05T08:07:37","modified_gmt":"2026-03-05T10:07:37","slug":"livsane-omega-3-vitamin-e-60-kapsula","status":"publish","type":"product","link":"https:\/\/apotekar-online.rs\/ro\/p\/livsane-omega-3-vitamin-e-60-kapsula\/","title":{"rendered":"Livsane Omega 3 + vitamina E 60 capsule"},"content":{"rendered":"","protected":false},"excerpt":{"rendered":"<p>Omega-3 + Vitamin E\u00a0kapsule\u00a0su\u00a0dijetetski suplement sa ribljim uljem, koji predstavlja dopunski izvor omega-3 masnih kiselina i vitamina E, namenjen za srce. EPA i DHA doprinose normalnoj funkciji srca. Vitamin E doprinosi za\u0161titi \u0107elija od oksidativnog stresa.\u00a0Omega-3 masne kiseline su glavni sastojci \u0107elijske membrane i va\u017ene su za ljudski organizam. Telo ih ne mo\u017ee stvoriti samo, ve\u0107 se moraju uneti hranom ili dodacima ishrani. Esencijalne masne kiseline su va\u017ene za srce, krv (npr. prevencija tromboze), sintezu proteina, metabolizam \u0107elija, prevenciju upala, formiranje endogene obrane i za\u0161titu od zaraznih bolesti.<\/p>\n<h5>Dozaj \u0219i mod de administrare<\/h5>\n<p>Koristan efekat se posti\u017ee minimalnim unosom od 250,0 mg EPA i DHA dnevno.<\/p>\n<h5>Compozi\u0163ie<\/h5>\n<p>Po kapsuli (% NRV*)<br \/>\nVitamin E 12 mg \u03b1-TE (100)<br \/>\nRiblje ulje<br \/>\n&#8211; od kojih eikozapentaenska kiselina (EPA)<br \/>\n&#8211; od kojih dokozaheksaenska kiselina (DHA) 1000 mg<br \/>\n260 mg<br \/>\n170 mg<\/p>","protected":false},"featured_media":6546,"template":"","meta":[],"product_brand":[3090],"product_cat":[79],"product_tag":[2490,2489,2491,339,446,1907,209],"class_list":{"0":"post-6545","1":"product","2":"type-product","3":"status-publish","4":"has-post-thumbnail","6":"product_brand-livsane","7":"product_cat-srce-krvni-sudovi-i-holesterol","8":"product_tag-dha","9":"product_tag-epa","10":"product_tag-funkcije-srca","11":"product_tag-holesterol","12":"product_tag-omega-3","13":"product_tag-trigliceridi","14":"product_tag-vitamin-e","15":"pa_brend-livsane","17":"first","18":"instock","19":"shipping-taxable","20":"purchasable","21":"product-type-simple"},"ams_default_variation_id":0,"ams_product_points_reward":[],"ams_product_discount_percentage":0,"ams_price_to_display":912,"ams_acf":[],"jetpack_sharing_enabled":true,"_links":{"self":[{"href":"https:\/\/apotekar-online.rs\/ro\/wp-json\/wp\/v2\/product\/6545","targetHints":{"allow":["GET"]}}],"collection":[{"href":"https:\/\/apotekar-online.rs\/ro\/wp-json\/wp\/v2\/product"}],"about":[{"href":"https:\/\/apotekar-online.rs\/ro\/wp-json\/wp\/v2\/types\/product"}],"wp:featuredmedia":[{"embeddable":true,"href":"https:\/\/apotekar-online.rs\/ro\/wp-json\/wp\/v2\/media\/6546"}],"wp:attachment":[{"href":"https:\/\/apotekar-online.rs\/ro\/wp-json\/wp\/v2\/media?parent=6545"}],"wp:term":[{"taxonomy":"product_brand","embeddable":true,"href":"https:\/\/apotekar-online.rs\/ro\/wp-json\/wp\/v2\/product_brand?post=6545"},{"taxonomy":"product_cat","embeddable":true,"href":"https:\/\/apotekar-online.rs\/ro\/wp-json\/wp\/v2\/product_cat?post=6545"},{"taxonomy":"product_tag","embeddable":true,"href":"https:\/\/apotekar-online.rs\/ro\/wp-json\/wp\/v2\/product_tag?post=6545"}],"curies":[{"name":"wp","href":"https:\/\/api.w.org\/{rel}","templated":true}]}}