{"id":6569,"date":"2024-05-31T07:35:11","date_gmt":"2024-05-31T09:35:11","guid":{"rendered":"https:\/\/apotekar-online.rs\/?post_type=product&#038;p=6569"},"modified":"2026-03-05T08:07:36","modified_gmt":"2026-03-05T10:07:36","slug":"pic-termogel-extracomfort-10x26cm-gel-jastuk-za-topli-hladni-tretman-za-ublazavanje-bolova","status":"publish","type":"product","link":"https:\/\/apotekar-online.rs\/ro\/p\/pic-termogel-extracomfort-10x26cm-gel-jastuk-za-topli-hladni-tretman-za-ublazavanje-bolova\/","title":{"rendered":"Pic Termogel Extracomfort 10x26cm, perna de gel pentru tratament la cald si la rece, pentru ameliorarea durerii"},"content":{"rendered":"","protected":false},"excerpt":{"rendered":"<p>Pic Termogel extracomfort 10x26cm, gel jastuk za vi\u0161ekratnu upotrebnu, za topli ili hladni tretman koji se mo\u017ee primeniti direktno na dodru\u010dje koje se tretira. Pic Termogel extracomfort 10x26cm, gel jastuk, obezbe\u0111uje stabilno osloba\u0111anje toplote ili hladno\u0107e u udobnoj pakovanju i postavljaju se direktno na mesto kome je potreban tretman. Pogodan za celu porodicu, \u010dak i za najmla\u0111e.<\/p>\n<p>U hladnom obliku se mo\u017ee koristiti kao pomo\u0107 kod saniranja manjih modrica, opekotina, glavobolja, ujede insekata, zubobolja i povreda poput istegnu\u0107a mi\u0161i\u0107a, i\u0161\u010da\u0161enja i sl.<\/p>\n<p>U toplom obliku se mo\u017ee koristiti za ubla\u017eavanje bolova kod lumbaga, i\u0161ijasa, bolova mi\u0161i\u0107a i stomaka (lo\u0161e varenje i menstrualni ciklus), uko\u010denih zglobova i reumatskih bolova.<\/p>\n<p>Pic Termogel extracomfort 10x26cm, gel jastuk \u00a0ima omota\u010d od netkanog materijala I \u010dini ga prijatnim na dodir. Pakovanje uklju\u010duje navlaku koja \u0161titi gel od spoljnog kontakta, za optimalnu primenu po celom telu. Poseduje rastegljivu, \u010dvrstu elesta\u010dnu traku koja obezbe\u0111uje da gel jastuk uvek ostane na tretiranom podru\u010dju.<\/p>\n<p>&nbsp;<\/p>\n<p>Utilizarea:<\/p>\n<p>Pentru un tratament la rece, pune gelul la frigider pentru minim 2 ore, apoi aseaza-l pe partea dureroasa a corpului.<\/p>\n<p>Pentru un tratament cald, pune gelul \u00een ap\u0103 fierbinte (max. 60<sup>despre<\/sup>, 10 min) sau \u00eentr-un recipient adecvat \u0219i turna\u021bi ap\u0103 fierbinte peste el.<\/p>\n<p>Pakovanje: 1 gel-jastuk 10x26cm<\/p>","protected":false},"featured_media":6570,"template":"","meta":[],"product_brand":[],"product_cat":[176],"product_tag":[2506,2504,2494,2502,2505,2503],"class_list":{"0":"post-6569","1":"product","2":"type-product","3":"status-publish","4":"has-post-thumbnail","6":"product_cat-medicinska-oprema-i-materijal","7":"product_tag-gel-jastuk","8":"product_tag-hladni-tretman","9":"product_tag-pic","10":"product_tag-termogel","11":"product_tag-topli-tretman","12":"product_tag-ublazavanje-bolova","13":"pa_brend-pic","15":"first","16":"instock","17":"shipping-taxable","18":"product-type-simple"},"ams_default_variation_id":0,"ams_product_points_reward":[],"ams_product_discount_percentage":0,"ams_price_to_display":0,"ams_acf":[],"jetpack_sharing_enabled":true,"_links":{"self":[{"href":"https:\/\/apotekar-online.rs\/ro\/wp-json\/wp\/v2\/product\/6569","targetHints":{"allow":["GET"]}}],"collection":[{"href":"https:\/\/apotekar-online.rs\/ro\/wp-json\/wp\/v2\/product"}],"about":[{"href":"https:\/\/apotekar-online.rs\/ro\/wp-json\/wp\/v2\/types\/product"}],"wp:featuredmedia":[{"embeddable":true,"href":"https:\/\/apotekar-online.rs\/ro\/wp-json\/wp\/v2\/media\/6570"}],"wp:attachment":[{"href":"https:\/\/apotekar-online.rs\/ro\/wp-json\/wp\/v2\/media?parent=6569"}],"wp:term":[{"taxonomy":"product_brand","embeddable":true,"href":"https:\/\/apotekar-online.rs\/ro\/wp-json\/wp\/v2\/product_brand?post=6569"},{"taxonomy":"product_cat","embeddable":true,"href":"https:\/\/apotekar-online.rs\/ro\/wp-json\/wp\/v2\/product_cat?post=6569"},{"taxonomy":"product_tag","embeddable":true,"href":"https:\/\/apotekar-online.rs\/ro\/wp-json\/wp\/v2\/product_tag?post=6569"}],"curies":[{"name":"wp","href":"https:\/\/api.w.org\/{rel}","templated":true}]}}