{"id":6587,"date":"2024-06-05T10:40:54","date_gmt":"2024-06-05T12:40:54","guid":{"rendered":"https:\/\/apotekar-online.rs\/?post_type=product&#038;p=6587"},"modified":"2026-03-05T08:07:36","modified_gmt":"2026-03-05T10:07:36","slug":"balsam-de-buze-livsane-protectie-solara-48-g","status":"publish","type":"product","link":"https:\/\/apotekar-online.rs\/ro\/p\/livsane-balzam-za-usne-sun-protect-48-g\/","title":{"rendered":"Balsam de buze Livsane Sun Protect 4,8 g"},"content":{"rendered":"","protected":false},"excerpt":{"rendered":"<p>Balsamul de buze Livsane Sun Protect este conceput pentru a proteja buzele de efectele nocive ale radia\u021biilor solare (SPF 30). Se aplic\u0103 \u00eenainte de expunerea pielii la soare. \u00cen timpul \u0219ederii la soare, este necesar s\u0103 \u00eel aplica\u021bi des \u0219i \u00een strat mai gros, pentru a men\u021bine protec\u021bia. Toleran\u021ba cutanat\u0103 a fost confirmat\u0103 prin teste dermatologice. Evita\u021bi expunerea excesiv\u0103 la soare dup\u0103-amiaza.<\/p>\n<h5>Dozaj \u0219i mod de administrare<\/h5>\n<p>Se aplica pe buze de mai multe ori pe parcursul zilei, intr-un strat mai gros.<\/p>\n<h5>Compozi\u0163ie<\/h5>\n<p>Cear\u0103 de albine, cear\u0103 vegetal\u0103, ulei de avocado, ulei de portocale \u0219i vitamina E<\/p>","protected":false},"featured_media":6588,"template":"","meta":[],"product_brand":[3090],"product_cat":[121],"product_tag":[2513,556,2514,548],"class_list":{"0":"post-6587","1":"product","2":"type-product","3":"status-publish","4":"has-post-thumbnail","6":"product_brand-livsane","7":"product_cat-higijena-usta-i-zuba","8":"product_tag-balsam-za-usne","9":"product_tag-spf-30","10":"product_tag-sun-protect","11":"product_tag-zastita","12":"pa_brend-livsane","14":"first","15":"instock","16":"shipping-taxable","17":"purchasable","18":"product-type-simple"},"ams_default_variation_id":0,"ams_product_points_reward":[],"ams_product_discount_percentage":0,"ams_price_to_display":238.8,"ams_acf":[],"jetpack_sharing_enabled":true,"_links":{"self":[{"href":"https:\/\/apotekar-online.rs\/ro\/wp-json\/wp\/v2\/product\/6587","targetHints":{"allow":["GET"]}}],"collection":[{"href":"https:\/\/apotekar-online.rs\/ro\/wp-json\/wp\/v2\/product"}],"about":[{"href":"https:\/\/apotekar-online.rs\/ro\/wp-json\/wp\/v2\/types\/product"}],"wp:featuredmedia":[{"embeddable":true,"href":"https:\/\/apotekar-online.rs\/ro\/wp-json\/wp\/v2\/media\/6588"}],"wp:attachment":[{"href":"https:\/\/apotekar-online.rs\/ro\/wp-json\/wp\/v2\/media?parent=6587"}],"wp:term":[{"taxonomy":"product_brand","embeddable":true,"href":"https:\/\/apotekar-online.rs\/ro\/wp-json\/wp\/v2\/product_brand?post=6587"},{"taxonomy":"product_cat","embeddable":true,"href":"https:\/\/apotekar-online.rs\/ro\/wp-json\/wp\/v2\/product_cat?post=6587"},{"taxonomy":"product_tag","embeddable":true,"href":"https:\/\/apotekar-online.rs\/ro\/wp-json\/wp\/v2\/product_tag?post=6587"}],"curies":[{"name":"wp","href":"https:\/\/api.w.org\/{rel}","templated":true}]}}