{"id":6599,"date":"2024-06-06T07:20:08","date_gmt":"2024-06-06T09:20:08","guid":{"rendered":"https:\/\/apotekar-online.rs\/?post_type=product&#038;p=6599"},"modified":"2026-03-05T08:07:36","modified_gmt":"2026-03-05T10:07:36","slug":"eucerin-pigment-control-tonirani-fluid-za-zastitu-od-sunca-spf-50-svetli-50-ml","status":"publish","type":"product","link":"https:\/\/apotekar-online.rs\/ro\/p\/eucerin-pigment-control-tonirani-fluid-za-zastitu-od-sunca-spf-50-svetli-50-ml\/","title":{"rendered":"Eucerin Pigment Control Tonirani Fluid za za\u0161titu od sunca SPF 50+ svetli, 50 ml"},"content":{"rendered":"","protected":false},"excerpt":{"rendered":"<div class=\"pdp-wrapper\" data-product-item-id=\"4005800300615\">\n<div class=\"breadcrumb-wrapper\"><\/div>\n<div class=\"action-sticky-fake\"><\/div>\n<div class=\"key-benefits\">\n<div class=\"key-benefit cp-text cp-text--light\">\u00a0Veoma visoka UVA i UVB za\u0161tita od sunca za lice<\/div>\n<div class=\"key-benefit cp-text cp-text--light\">\u00a0Efikasno ubla\u017eava tamne fleke i prevenira njihov ponovni nastanak<\/div>\n<div class=\"key-benefit cp-text cp-text--light\">\u00a0Dve nijanse pigmenata za dvostruki efekat<\/div>\n<\/div>\n<\/div>\n<section class=\"eucerin-cp cp-section cp-container uk-section personalized-skincare-routine\">\n<div class=\"cp-row cp-row-center\">\n<div class=\"cp-section-content\">\n<section class=\"cp-container eucerin-cp cp-text right\">\n<p class=\"hdl-4\">Efikasan preparat za za\u0161titu ko\u017ee lica od sunca namenjen svim tipovima ko\u017ee koji poma\u017ee u prevenciji nastanka hiperpigmentacija izazvanih suncem, a tako\u0111e poseduje i pigmente u boji koji obezbe\u0111uju ujedna\u010den ten ko\u017ee.<\/p>\n<div class=\"text\">\n<p>Eucerin Napredna spektralna tehnologija kombinuje fotostabilne UVA\/UVB filtere \u0161irokog sprektra za visoku UV za\u0161titu sa Likokalkonom A koji neutrali\u0161e slobodne radikale koje izazivaju UV zraci i vidljiva svetlost visoke energije (HEVIS).<\/p>\n<p>Efikasno smanjuje tamne fleke i redovnom upotrebom spre\u010dava njihov ponovni nastanak. Pigmenti u boji preparatu pru\u017eaju dvostruki efekat: trenutno ujedna\u010dava ten i pru\u017ea dodatnu za\u0161titu od tamnih fleka izazvanih vidljivom svetlosti visoke energije (HEVIS).<\/p>\n<p>Eucerin Pigment Control Tonirani Fluid za za\u0161titu od sunca SPF 50+ Tamni ima laganu teksturu koja se brzo upija. Klini\u010dni i dermatolo\u0161ki je dokazano da je ovaj preparat pogodan \u010dak i za osetljivu ko\u017eu.<\/p>\n<\/div>\n<\/section>\n<\/div>\n<\/div>\n<\/section>","protected":false},"featured_media":6600,"template":"","meta":[],"product_brand":[],"product_cat":[2522,80,547],"product_tag":[562,561,299,565],"class_list":{"0":"post-6599","1":"product","2":"type-product","3":"status-publish","4":"has-post-thumbnail","6":"product_cat-preparati-za-suncanje","7":"product_cat-koza-kosa-i-nokti","8":"product_cat-kozmetika-i-nega-za-odrasle","9":"product_tag-anti-age-zastita-koze","10":"product_tag-krema-za-suncanje","11":"product_tag-nega-koze","12":"product_tag-prevencija-pigmentacije","13":"pa_brend-eucerin","15":"first","16":"instock","17":"shipping-taxable","18":"purchasable","19":"product-type-simple"},"ams_default_variation_id":0,"ams_product_points_reward":[],"ams_product_discount_percentage":0,"ams_price_to_display":2800,"ams_acf":[],"jetpack_sharing_enabled":true,"_links":{"self":[{"href":"https:\/\/apotekar-online.rs\/ro\/wp-json\/wp\/v2\/product\/6599","targetHints":{"allow":["GET"]}}],"collection":[{"href":"https:\/\/apotekar-online.rs\/ro\/wp-json\/wp\/v2\/product"}],"about":[{"href":"https:\/\/apotekar-online.rs\/ro\/wp-json\/wp\/v2\/types\/product"}],"wp:featuredmedia":[{"embeddable":true,"href":"https:\/\/apotekar-online.rs\/ro\/wp-json\/wp\/v2\/media\/6600"}],"wp:attachment":[{"href":"https:\/\/apotekar-online.rs\/ro\/wp-json\/wp\/v2\/media?parent=6599"}],"wp:term":[{"taxonomy":"product_brand","embeddable":true,"href":"https:\/\/apotekar-online.rs\/ro\/wp-json\/wp\/v2\/product_brand?post=6599"},{"taxonomy":"product_cat","embeddable":true,"href":"https:\/\/apotekar-online.rs\/ro\/wp-json\/wp\/v2\/product_cat?post=6599"},{"taxonomy":"product_tag","embeddable":true,"href":"https:\/\/apotekar-online.rs\/ro\/wp-json\/wp\/v2\/product_tag?post=6599"}],"curies":[{"name":"wp","href":"https:\/\/api.w.org\/{rel}","templated":true}]}}