{"id":6626,"date":"2024-06-06T11:08:02","date_gmt":"2024-06-06T13:08:02","guid":{"rendered":"https:\/\/apotekar-online.rs\/?post_type=product&#038;p=6626"},"modified":"2026-03-05T07:54:54","modified_gmt":"2026-03-05T09:54:54","slug":"eucerin-atopicontrol-balsam-200-ml","status":"publish","type":"product","link":"https:\/\/apotekar-online.rs\/ro\/p\/eucerin-atopicontrol-balsam-200-ml\/","title":{"rendered":"Eucerin AtopyControl Balsam, 200 ml"},"content":{"rendered":"","protected":false},"excerpt":{"rendered":"<h5><strong>Descriere produs<\/strong><\/h5>\n<p>Eucerin AtopyControl Balsam este un balsam zilnic pentru corp special formulat pentru a calma \u0219i hidrata intens pielea iritat\u0103, cu m\u00e2nc\u0103rimi. Formula u\u0219oar\u0103, dar hr\u0103nitoare, ulei-\u00een-ap\u0103 este \u00eembog\u0103\u021bit\u0103 cu licocalcon\u0103 A lini\u0219titoare, ceramide \u0219i unt de shea pentru a \u00eent\u0103ri func\u021bia de barier\u0103 a pielii \u0219i a ameliora usc\u0103ciunea \u0219i m\u00e2nc\u0103rimea. In faza inflamatorie se foloseste impreuna cu Eucerin AtopyControl Acute Care Cream, Eucerin Anti-Itch Spray si terapia obisnuita prescrisa de medic. Balsamul pentru eczema atopic\u0103 ofer\u0103 hidratare instantanee pentru a face pielea moale \u0219i neted\u0103, iar cu utilizarea regulat\u0103, starea pielii se \u00eembun\u0103t\u0103\u021be\u0219te vizibil. S-a dovedit clinic \u0219i dermatologic c\u0103 acest produs contribuie la un somn bun \u0219i \u00eembun\u0103t\u0103\u021be\u0219te calitatea vie\u021bii persoanelor cu dermatit\u0103 atopic\u0103. Balsamul nu contine parfumuri si are o textura usoara si placuta care se absoarbe rapid si nu este gras sau lipicios. Este potrivit pentru adul\u021bi, copii, bebelu\u0219i \u0219i nou-n\u0103scu\u021bi.<\/p>\n<p><strong>Dozaj \u0219i mod de utilizare<\/strong><\/p>\n<p>Aplica\u021bi zilnic, de c\u00e2te ori este necesar. Pentru cele mai bune rezultate, utiliza\u021bi \u00een combina\u021bie cu ulei de baie Eucerin AtopiControl.<\/p>\n<p><strong>Compozi\u0163ie<\/strong><\/p>\n<p>ap\u0103, glicerin\u0103, unt de butyrospermum parkii, octildodecanol, triglicerid\u0103 caprilic-capric, ulei de semin\u021be de vitis vinifera, fosfat de diamidon, stearat de gliceril, alcool cetearilic, ulei de oenothera biennis, extract de r\u0103d\u0103cin\u0103 de glicyrrhiza inflata, ceramid\u0103 np, tocoferol, glicin\u0103 de sodiu, tocoferol arginin\u0103 hcl, carbomer, acid citric, etilhexilglicerin\u0103, cetearil sulfat de sodiu, citrat de sodiu, caprylil glicol, hidroxid de sodiu, palmitat de ascorbil, edta trisodic, fenoxietanol, benzoat de sodiu<\/p>","protected":false},"featured_media":6627,"template":"","meta":[],"product_brand":[],"product_cat":[177,80,224,547],"product_tag":[2541,558,2543,1407,953,2544],"class_list":{"0":"post-6626","1":"product","2":"type-product","3":"status-publish","4":"has-post-thumbnail","6":"product_cat-nega-tela","7":"product_cat-koza-kosa-i-nokti","8":"product_cat-kozmetika-za-decu","9":"product_cat-kozmetika-i-nega-za-odrasle","10":"product_tag-bez-parfema","11":"product_tag-intenzivna-hidratacija","12":"product_tag-lagana-tekstura","13":"product_tag-za-bebe","14":"product_tag-za-decu-i-za-odrasle","15":"product_tag-za-novorodjencad","16":"pa_brend-eucerin","18":"first","19":"instock","20":"shipping-taxable","21":"purchasable","22":"product-type-simple"},"ams_default_variation_id":0,"ams_product_points_reward":[],"ams_product_discount_percentage":0,"ams_price_to_display":1977,"ams_acf":[],"jetpack_sharing_enabled":true,"_links":{"self":[{"href":"https:\/\/apotekar-online.rs\/ro\/wp-json\/wp\/v2\/product\/6626","targetHints":{"allow":["GET"]}}],"collection":[{"href":"https:\/\/apotekar-online.rs\/ro\/wp-json\/wp\/v2\/product"}],"about":[{"href":"https:\/\/apotekar-online.rs\/ro\/wp-json\/wp\/v2\/types\/product"}],"wp:featuredmedia":[{"embeddable":true,"href":"https:\/\/apotekar-online.rs\/ro\/wp-json\/wp\/v2\/media\/6627"}],"wp:attachment":[{"href":"https:\/\/apotekar-online.rs\/ro\/wp-json\/wp\/v2\/media?parent=6626"}],"wp:term":[{"taxonomy":"product_brand","embeddable":true,"href":"https:\/\/apotekar-online.rs\/ro\/wp-json\/wp\/v2\/product_brand?post=6626"},{"taxonomy":"product_cat","embeddable":true,"href":"https:\/\/apotekar-online.rs\/ro\/wp-json\/wp\/v2\/product_cat?post=6626"},{"taxonomy":"product_tag","embeddable":true,"href":"https:\/\/apotekar-online.rs\/ro\/wp-json\/wp\/v2\/product_tag?post=6626"}],"curies":[{"name":"wp","href":"https:\/\/api.w.org\/{rel}","templated":true}]}}