{"id":6628,"date":"2024-06-06T11:16:21","date_gmt":"2024-06-06T13:16:21","guid":{"rendered":"https:\/\/apotekar-online.rs\/?post_type=product&#038;p=6628"},"modified":"2026-03-05T07:54:54","modified_gmt":"2026-03-05T09:54:54","slug":"eucerin-aquaphor-regenerativna-mast-45-ml","status":"publish","type":"product","link":"https:\/\/apotekar-online.rs\/ro\/p\/eucerin-aquaphor-regenerativna-mast-45-ml\/","title":{"rendered":"Eucerin Aquaphor unguent regenerativ, 45 ml"},"content":{"rendered":"","protected":false},"excerpt":{"rendered":"<h5><strong>Descriere produs<\/strong><\/h5>\n<p>Pielea lucreaz\u0103 din greu pentru a ne proteja corpul, dar, ca urmare, poate deveni foarte uscat\u0103, cr\u0103pat\u0103 \u0219i iritat\u0103. Are nevoie de \u00eengrijire SOS - \u00eengrijire urgent\u0103 pentru o recuperare rapid\u0103. Eucerin Aquaphor Regenerative Unguent ofer\u0103 pielii foarte uscate \u0219i iritate \u00eengrijirea urgent\u0103 de care are nevoie. Formeaz\u0103 o barier\u0103 protectoare care previne pierderea apei \u0219i permite pielii s\u0103 respire, \u00eent\u0103rind astfel func\u021bia natural\u0103 de ap\u0103rare. Glicerina din formul\u0103 leag\u0103 apa \u0219i ajut\u0103 la re\u021binerea acesteia \u00een piele. Func\u021bioneaz\u0103 \u00eempreun\u0103 cu pantenolul care accelereaz\u0103 procesul de regenerare \u0219i re\u00eennoire \u0219i, de asemenea, hidrateaz\u0103 pielea.<\/p>\n<h5><strong>Dozaj \u0219i mod de utilizare<\/strong><\/h5>\n<p>Utiliza\u021bi de c\u00e2te ori este necesar pe zona afectat\u0103. Nu utiliza\u021bi pe r\u0103ni deschise care s\u00e2ngereaz\u0103 \u0219i umede.<\/p>\n<h5><strong>Compozi\u0163ie<\/strong><\/h5>\n<p>paraffinum liquidum, cera microcristallina, ceresin, lanolin\u0103 alcool, pantenol, glicerin\u0103, bisabolol<\/p>","protected":false},"featured_media":6629,"template":"","meta":[],"product_brand":[],"product_cat":[177,80,547],"product_tag":[2545,194,623,2546],"class_list":{"0":"post-6628","1":"product","2":"type-product","3":"status-publish","4":"has-post-thumbnail","6":"product_cat-nega-tela","7":"product_cat-koza-kosa-i-nokti","8":"product_cat-kozmetika-i-nega-za-odrasle","9":"product_tag-brz-oporavak","10":"product_tag-glicerin","11":"product_tag-pantenol","12":"product_tag-za-suvu-i-iritiranu-kozu","13":"pa_brend-eucerin","15":"first","16":"instock","17":"shipping-taxable","18":"purchasable","19":"product-type-simple"},"ams_default_variation_id":0,"ams_product_points_reward":[],"ams_product_discount_percentage":0,"ams_price_to_display":975,"ams_acf":[],"jetpack_sharing_enabled":true,"_links":{"self":[{"href":"https:\/\/apotekar-online.rs\/ro\/wp-json\/wp\/v2\/product\/6628","targetHints":{"allow":["GET"]}}],"collection":[{"href":"https:\/\/apotekar-online.rs\/ro\/wp-json\/wp\/v2\/product"}],"about":[{"href":"https:\/\/apotekar-online.rs\/ro\/wp-json\/wp\/v2\/types\/product"}],"wp:featuredmedia":[{"embeddable":true,"href":"https:\/\/apotekar-online.rs\/ro\/wp-json\/wp\/v2\/media\/6629"}],"wp:attachment":[{"href":"https:\/\/apotekar-online.rs\/ro\/wp-json\/wp\/v2\/media?parent=6628"}],"wp:term":[{"taxonomy":"product_brand","embeddable":true,"href":"https:\/\/apotekar-online.rs\/ro\/wp-json\/wp\/v2\/product_brand?post=6628"},{"taxonomy":"product_cat","embeddable":true,"href":"https:\/\/apotekar-online.rs\/ro\/wp-json\/wp\/v2\/product_cat?post=6628"},{"taxonomy":"product_tag","embeddable":true,"href":"https:\/\/apotekar-online.rs\/ro\/wp-json\/wp\/v2\/product_tag?post=6628"}],"curies":[{"name":"wp","href":"https:\/\/api.w.org\/{rel}","templated":true}]}}