{"id":6646,"date":"2024-06-06T12:15:30","date_gmt":"2024-06-06T14:15:30","guid":{"rendered":"https:\/\/apotekar-online.rs\/?post_type=product&#038;p=6646"},"modified":"2026-03-05T07:54:53","modified_gmt":"2026-03-05T09:54:53","slug":"eucerin-ph5-losion-za-intimnu-higijenu-250-ml","status":"publish","type":"product","link":"https:\/\/apotekar-online.rs\/ro\/p\/eucerin-ph5-losion-za-intimnu-higijenu-250-ml\/","title":{"rendered":"Eucerin pH5 Lotiunea pentru igiena intima, 250 ml"},"content":{"rendered":"","protected":false},"excerpt":{"rendered":"<h5><strong>Descriere produs<\/strong><\/h5>\n<p>Pielea din regiunea intim\u0103 este deosebit de sensibil\u0103 \u0219i dac\u0103 bariera sa natural\u0103 este deteriorat\u0103, devine susceptibil\u0103 la irita\u021bii, disconfort \u0219i infec\u021bii. De aceea are nevoie de un demachiant bl\u00e2nd \u0219i lini\u0219titor. Eucerin Lotiunea pentru igiena intima are o valoare a pH-ului de 4,5, adaptata regiunii intime feminine, si un sistem tensioactiv usor. Formulat cu acidul lactic al pielii \u00een sine, men\u021bine microflora vaginal\u0103 natural\u0103 \u0219i calmeaz\u0103 irita\u021biile. Special formulat pentru regiunea intima, ofera protectie si ajuta la calmarea iritatiilor.<\/p>\n<h5><strong>Dozaj \u0219i mod de administrare<\/strong><\/h5>\n<p>Se foloseste la dus sau baie, zilnic.<\/p>\n<h5><strong>Compozi\u0163ie<\/strong><\/h5>\n<p>ap\u0103, cocoamfoacetat de sodiu, miret sulfat de sodiu, lauril glucozid\u0103, acid lactic, clorur\u0103 de sodiu, bisabolol, pantenol, ulei de ricin hidrogenat peg-40, palmat de gliceril hidrogenat peg-200, policaternium-10, pantolacton\u0103, acid citric, benzoat de sodiu,<\/p>","protected":false},"featured_media":6647,"template":"","meta":[],"product_brand":[],"product_cat":[88,547,177],"product_tag":[2567,2527,2569,2568],"class_list":{"0":"post-6646","1":"product","2":"type-product","3":"status-publish","4":"has-post-thumbnail","6":"product_cat-intimna-nega","7":"product_cat-kozmetika-i-nega-za-odrasle","8":"product_cat-nega-tela","9":"product_tag-losion-za-intimnu-negu","10":"product_tag-ph5","11":"product_tag-stiti-od-infekcija","12":"product_tag-umiruje-iritacije","13":"pa_brend-eucerin","15":"first","16":"instock","17":"shipping-taxable","18":"purchasable","19":"product-type-simple"},"ams_default_variation_id":0,"ams_product_points_reward":[],"ams_product_discount_percentage":0,"ams_price_to_display":824,"ams_acf":[],"jetpack_sharing_enabled":true,"_links":{"self":[{"href":"https:\/\/apotekar-online.rs\/ro\/wp-json\/wp\/v2\/product\/6646","targetHints":{"allow":["GET"]}}],"collection":[{"href":"https:\/\/apotekar-online.rs\/ro\/wp-json\/wp\/v2\/product"}],"about":[{"href":"https:\/\/apotekar-online.rs\/ro\/wp-json\/wp\/v2\/types\/product"}],"wp:featuredmedia":[{"embeddable":true,"href":"https:\/\/apotekar-online.rs\/ro\/wp-json\/wp\/v2\/media\/6647"}],"wp:attachment":[{"href":"https:\/\/apotekar-online.rs\/ro\/wp-json\/wp\/v2\/media?parent=6646"}],"wp:term":[{"taxonomy":"product_brand","embeddable":true,"href":"https:\/\/apotekar-online.rs\/ro\/wp-json\/wp\/v2\/product_brand?post=6646"},{"taxonomy":"product_cat","embeddable":true,"href":"https:\/\/apotekar-online.rs\/ro\/wp-json\/wp\/v2\/product_cat?post=6646"},{"taxonomy":"product_tag","embeddable":true,"href":"https:\/\/apotekar-online.rs\/ro\/wp-json\/wp\/v2\/product_tag?post=6646"}],"curies":[{"name":"wp","href":"https:\/\/api.w.org\/{rel}","templated":true}]}}