{"id":6668,"date":"2024-06-07T08:56:03","date_gmt":"2024-06-07T10:56:03","guid":{"rendered":"https:\/\/apotekar-online.rs\/?post_type=product&#038;p=6668"},"modified":"2026-03-05T08:38:28","modified_gmt":"2026-03-05T10:38:28","slug":"brdjanski-melem-protiv-virusnih-bradavica-50ml","status":"publish","type":"product","link":"https:\/\/apotekar-online.rs\/ro\/p\/brdjanski-melem-protiv-virusnih-bradavica-50ml\/","title":{"rendered":"Balsam Br\u0111anski \u00eempotriva verucilor virale 50 ml"},"content":{"rendered":"","protected":false},"excerpt":{"rendered":"<p>Melem ima izra\u017eeno antivirusno, antibakterijsko i antisepti\u010dko dejstvo. Trajno uklanja virusne bradavice, kondilome, gljivice i bakterije.<\/p>\n<p class=\"mainTitle oswald\">Mod de utilizare<\/p>\n<div class=\"text\">\n<p>Operite ruke sapunom i vodom. Mesto na koje \u0107ete nanositi melem neposredno pre upotrebe operite mlakim rastvorom (\u010dajem) od kamilice. Sve dobro osu\u0161ite \u010distim ubrusom blagim tapkanjem.<\/p>\n<p>Po\u0161to je melem tvr\u0111i od krema, objasni\u0107emo vamkako da ga koristite da bi efekti melema bili maksimalni. Plasti\u010dnom \u0161patulicom zagrebite malo melema i nanesite na jagodicu prsta. Sada jagodicom prsta razma\u017eite u tankom sloju melem na obolelo mesto.<\/p>\n<p>Ako su promene na nogama, posebno ako postoje i glivi\u010dne promene, pre spavanja dobro oprati noge vodom i sapunom i osu\u0161iti \u010distim ubrusom . U tankom sloju namazati melemom, obu\u0107i \u010diste frotirske ili pamu\u010dne \u010darape i ostaviti do ujutro. Ujutro oprati noge i postupak ponavljati svako ve\u010de. Kad infekcija nestane, preventivno ponavljati postupak svakih 7 dana. Ako su bradavice na drugom delu tela, postupak je sli\u010dan, samo \u0161to se ne mogu uvek povr\u0161ine za\u0161titi pamu\u010dnom tkaninom. U tankom sloju namazati melemom i ostaviti do ujutro. Kad infekcija nestane, prevenetivno ponavljati postupak svakih 7 dana.<\/p>\n<p>Obolelo mesto mo\u017eete mazati vi\u0161e puta dnevno, a obavezno pred spavanje. Posle svake upotrebe operite plasti\u010dnu \u0161patulicu vru\u0107om vodom da skinete svu masno\u0107u, i potopite u 70% alkohol u neku zatvorenu posudicu, tako da alkohol pokriva povr\u0161inu \u0161patulice. Ostavite tako do slede\u0107eg kori\u0161\u0107enja. Pred upotrebu isprati \u0161patulicu mlakom vodom.<\/p>\n<\/div>","protected":false},"featured_media":6669,"template":"","meta":[],"product_brand":[3074],"product_cat":[177,3054],"product_tag":[1118,1709,2585,1819],"class_list":{"0":"post-6668","1":"product","2":"type-product","3":"status-publish","4":"has-post-thumbnail","6":"product_brand-brdjanski-melem","7":"product_cat-nega-tela","8":"product_cat-akcija","9":"product_tag-antivirusno","10":"product_tag-betty","11":"product_tag-brdjanski-melem","12":"product_tag-virusne-bradavice","14":"first","15":"instock","16":"shipping-taxable","17":"purchasable","18":"product-type-simple"},"ams_default_variation_id":0,"ams_product_points_reward":[],"ams_product_discount_percentage":0,"ams_price_to_display":1655.52,"ams_acf":[],"jetpack_sharing_enabled":true,"_links":{"self":[{"href":"https:\/\/apotekar-online.rs\/ro\/wp-json\/wp\/v2\/product\/6668","targetHints":{"allow":["GET"]}}],"collection":[{"href":"https:\/\/apotekar-online.rs\/ro\/wp-json\/wp\/v2\/product"}],"about":[{"href":"https:\/\/apotekar-online.rs\/ro\/wp-json\/wp\/v2\/types\/product"}],"wp:featuredmedia":[{"embeddable":true,"href":"https:\/\/apotekar-online.rs\/ro\/wp-json\/wp\/v2\/media\/6669"}],"wp:attachment":[{"href":"https:\/\/apotekar-online.rs\/ro\/wp-json\/wp\/v2\/media?parent=6668"}],"wp:term":[{"taxonomy":"product_brand","embeddable":true,"href":"https:\/\/apotekar-online.rs\/ro\/wp-json\/wp\/v2\/product_brand?post=6668"},{"taxonomy":"product_cat","embeddable":true,"href":"https:\/\/apotekar-online.rs\/ro\/wp-json\/wp\/v2\/product_cat?post=6668"},{"taxonomy":"product_tag","embeddable":true,"href":"https:\/\/apotekar-online.rs\/ro\/wp-json\/wp\/v2\/product_tag?post=6668"}],"curies":[{"name":"wp","href":"https:\/\/api.w.org\/{rel}","templated":true}]}}