{"id":6679,"date":"2024-06-07T16:43:01","date_gmt":"2024-06-07T18:43:01","guid":{"rendered":"https:\/\/apotekar-online.rs\/?post_type=product&#038;p=6679"},"modified":"2026-03-05T07:54:52","modified_gmt":"2026-03-05T09:54:52","slug":"eucerin-antiredness-krema-protiv-crvenila-50-ml","status":"publish","type":"product","link":"https:\/\/apotekar-online.rs\/ro\/p\/eucerin-antiredness-krema-protiv-crvenila-50-ml\/","title":{"rendered":"Eucerin AntiREDNESS Krema protiv crvenila, 50 ml"},"content":{"rendered":"","protected":false},"excerpt":{"rendered":"<h5><strong>Descriere produs<\/strong><\/h5>\n<p>Eucerin AntiRedness\u00a0krema protiv crvenila je posebno razvijena za crvenu, preosetljivu ko\u017eu i ko\u017eu sklonu rozacei\/kuperozi. Nanosi se dva puta dnevno, nakon \u010di\u0161\u0107enja, na lice, vrat i predeo dekoltea, pru\u017eaju\u0107i trenutnu i dugotrajnu za\u0161titu i negu ko\u017ee.\u00a0Efikasno otklanja crvenilo, \u0161tite\u0107i ko\u017eu i umanjuju\u0107i iritaciju tokom vremena. Ova formula kombinuje dva aktivna sastojka: SymSitive\u00a0i likokalkon A. SymSitive\u00a0je inovativni aktivni sastojak koji kao regulator osetljivosti deluje direktno na uzrok poja\u010dane reaktivnosti. On umiruje neprijatne ose\u0107aje i podi\u017ee nivo podno\u0161ljivosti preosetljive ko\u017ee. Likokalkon A je aktivni sastojak iz ekstrakta korena sladi\u0107a (Glycyrrhiza Inflata). On je istovremeno antioksidans, smanjuje crvenilo i ubla\u017eava iritaciju. Da bi se mogu\u0107nost za pojavu intolerancije ili alergijskih reakcija svela na minimum, formulacija je\u00a0pre\u010di\u0161\u0107ena, a pakovanje je dizajnirano tako da zahvaljuju\u0107i sistemu dvostrukog ventila \u0161titi sadr\u017eaj od zaga\u0111enja.<\/p>\n<h5><strong>Dozaj \u0219i mod de administrare<\/strong><\/h5>\n<p>Ne\u017eno umasirati ujutru i uve\u010de na temeljno o\u010di\u0161\u0107enu ko\u017eu lica, vrata i dekoltea.<\/p>\n<h5><strong>Compozi\u0163ie<\/strong><\/h5>\n<p>voda, glycerin, panthenol, butyrospermum parkii butter, cetyl palmitate, methyl palmitate, olus oil, pentylene glycol, methylpropanediol, sodium polyacrylate, 4-t-butylcyclohexanol trans-isomer, glycyrrhiza inflata root extract, caprylyl glycol<\/p>","protected":false},"featured_media":6680,"template":"","meta":[],"product_brand":[],"product_cat":[547,80,178],"product_tag":[2588,2563,2589,2590,2360],"class_list":{"0":"post-6679","1":"product","2":"type-product","3":"status-publish","4":"has-post-thumbnail","6":"product_cat-kozmetika-i-nega-za-odrasle","7":"product_cat-koza-kosa-i-nokti","8":"product_cat-nega-lica","9":"product_tag-krema-protiv-crvenila","10":"product_tag-likokalkon-a","11":"product_tag-symsitive","12":"product_tag-ublazava-iritaciju","13":"product_tag-za-osetljivu-kozu","14":"pa_brend-eucerin","16":"first","17":"instock","18":"shipping-taxable","19":"purchasable","20":"product-type-simple"},"ams_default_variation_id":0,"ams_product_points_reward":[],"ams_product_discount_percentage":0,"ams_price_to_display":2194,"ams_acf":[],"jetpack_sharing_enabled":true,"_links":{"self":[{"href":"https:\/\/apotekar-online.rs\/ro\/wp-json\/wp\/v2\/product\/6679","targetHints":{"allow":["GET"]}}],"collection":[{"href":"https:\/\/apotekar-online.rs\/ro\/wp-json\/wp\/v2\/product"}],"about":[{"href":"https:\/\/apotekar-online.rs\/ro\/wp-json\/wp\/v2\/types\/product"}],"wp:featuredmedia":[{"embeddable":true,"href":"https:\/\/apotekar-online.rs\/ro\/wp-json\/wp\/v2\/media\/6680"}],"wp:attachment":[{"href":"https:\/\/apotekar-online.rs\/ro\/wp-json\/wp\/v2\/media?parent=6679"}],"wp:term":[{"taxonomy":"product_brand","embeddable":true,"href":"https:\/\/apotekar-online.rs\/ro\/wp-json\/wp\/v2\/product_brand?post=6679"},{"taxonomy":"product_cat","embeddable":true,"href":"https:\/\/apotekar-online.rs\/ro\/wp-json\/wp\/v2\/product_cat?post=6679"},{"taxonomy":"product_tag","embeddable":true,"href":"https:\/\/apotekar-online.rs\/ro\/wp-json\/wp\/v2\/product_tag?post=6679"}],"curies":[{"name":"wp","href":"https:\/\/api.w.org\/{rel}","templated":true}]}}