{"id":6696,"date":"2024-06-07T17:36:03","date_gmt":"2024-06-07T19:36:03","guid":{"rendered":"https:\/\/apotekar-online.rs\/?post_type=product&#038;p=6696"},"modified":"2026-03-05T07:54:51","modified_gmt":"2026-03-05T09:54:51","slug":"eucerin-dermatoclean-hyaluron-3u1-micelarna-voda-200-ml","status":"publish","type":"product","link":"https:\/\/apotekar-online.rs\/ro\/p\/eucerin-dermatoclean-hyaluron-3u1-micelarna-voda-200-ml\/","title":{"rendered":"Eucerin DermatoClean [Hyaluron] 3u1 Micelarna voda, 200 ml"},"content":{"rendered":"","protected":false},"excerpt":{"rendered":"<h5><strong>Descriere produs<\/strong><\/h5>\n<p>Eucerin DermatoClean 3 u 1 Micelarni fluid za \u010di\u0161\u0107enje je osve\u017eavaju\u0107i rastvor za \u010di\u0161\u0107enje koji uklanja sve vrste \u0161minke za o\u010di i lice koje su rastvorive u vodi. Poma\u017ee ko\u017ei da lak\u0161e di\u0161e, lak je i pogodan za kori\u0161\u0107enje, testiran i dokazano kompatibilan sa osetljivom ko\u017eom i o\u010dima. Sadr\u017ei inovativnu me\u0161avinu aktivnih sastojaka kao \u0161to su APG kompleks (efikasan i veoma blag kompleks za \u010di\u0161\u0107enje), gliko-glicerol (aktivni sastojak prirodnog porekla koji hidrira), hijaluronska kiselina (aktivni sastojak za negu ko\u017ee sa velikom sposobno\u0161\u0107u vezivanje vlage). Rezultat primene fluida je taj da su o\u010di i ko\u017ea \u010disti i umireni. Ko\u017ea je primetno mek\u0161a i elasti\u010dna, spremnija za obnavljanje.<\/p>\n<h5><strong>Dozaj \u0219i mod de administrare<\/strong><\/h5>\n<p>Nanesite na tupfer i ne\u017eno o\u010distite o\u010di, lice, vrat i dekolte. Ponavljajte sve dok tupfer ne bude \u010dist. Nakon toga nanesite odgovaraju\u0107i preparat za negu.<\/p>\n<h5><strong>Compozi\u0163ie<\/strong><\/h5>\n<p>aqua, poloxamer 124, glyceryl glucoside, glycerin, sodium hyaluronate, decyl glucoside, arginine hcl, sodium cocoamphoacetate, trisodium edta, sodium chloride, 1,2-hexanediol, phenoxyethanol<\/p>","protected":false},"featured_media":6697,"template":"","meta":[],"product_brand":[],"product_cat":[547,80,178],"product_tag":[2599,2549,2550,541,213,900,1127,2600],"class_list":{"0":"post-6696","1":"product","2":"type-product","3":"status-publish","4":"has-post-thumbnail","6":"product_cat-kozmetika-i-nega-za-odrasle","7":"product_cat-koza-kosa-i-nokti","8":"product_cat-nega-lica","9":"product_tag-3u1","10":"product_tag-apg-kompleks","11":"product_tag-gliko-glicerol","12":"product_tag-hijaluronska-kiselina","13":"product_tag-micelarna-voda","14":"product_tag-nega-lica","15":"product_tag-skidanje-sminke","16":"product_tag-za-osetljivu-kozu-i-oci","17":"pa_brend-eucerin","19":"first","20":"instock","21":"shipping-taxable","22":"purchasable","23":"product-type-simple"},"ams_default_variation_id":0,"ams_product_points_reward":[],"ams_product_discount_percentage":0,"ams_price_to_display":1196,"ams_acf":[],"jetpack_sharing_enabled":true,"_links":{"self":[{"href":"https:\/\/apotekar-online.rs\/ro\/wp-json\/wp\/v2\/product\/6696","targetHints":{"allow":["GET"]}}],"collection":[{"href":"https:\/\/apotekar-online.rs\/ro\/wp-json\/wp\/v2\/product"}],"about":[{"href":"https:\/\/apotekar-online.rs\/ro\/wp-json\/wp\/v2\/types\/product"}],"wp:featuredmedia":[{"embeddable":true,"href":"https:\/\/apotekar-online.rs\/ro\/wp-json\/wp\/v2\/media\/6697"}],"wp:attachment":[{"href":"https:\/\/apotekar-online.rs\/ro\/wp-json\/wp\/v2\/media?parent=6696"}],"wp:term":[{"taxonomy":"product_brand","embeddable":true,"href":"https:\/\/apotekar-online.rs\/ro\/wp-json\/wp\/v2\/product_brand?post=6696"},{"taxonomy":"product_cat","embeddable":true,"href":"https:\/\/apotekar-online.rs\/ro\/wp-json\/wp\/v2\/product_cat?post=6696"},{"taxonomy":"product_tag","embeddable":true,"href":"https:\/\/apotekar-online.rs\/ro\/wp-json\/wp\/v2\/product_tag?post=6696"}],"curies":[{"name":"wp","href":"https:\/\/api.w.org\/{rel}","templated":true}]}}