{"id":6699,"date":"2024-06-07T17:50:42","date_gmt":"2024-06-07T19:50:42","guid":{"rendered":"https:\/\/apotekar-online.rs\/?post_type=product&#038;p=6699"},"modified":"2026-03-05T07:54:51","modified_gmt":"2026-03-05T09:54:51","slug":"eucerin-anti-pigment-nocna-krema-50-ml","status":"publish","type":"product","link":"https:\/\/apotekar-online.rs\/ro\/p\/eucerin-anti-pigment-nocna-krema-50-ml\/","title":{"rendered":"Crema de noapte Eucerin Anti-pigment, 50 ml"},"content":{"rendered":"","protected":false},"excerpt":{"rendered":"<h5><strong>Descriere produs<\/strong><\/h5>\n<p align=\"justify\">Eucerin Anti-Pigment No\u0107na krema sadr\u017ei Thiamidol efikasan, patentiran sastojak koji deluje na klju\u010dni uzrok hiperpigmentacija tako \u0161to smanjuje proizvodnju melanina. Za njega je klini\u010dki i dermatolo\u0161ki dokazano da smanjuje tamne fleke i spre\u010dava njihov ponovni nastanak. Prvi rezultati su vidljivi nakon dve nedelje i kontinuirano se pobolj\u0161avaju redovnom upotrebom. No\u0107na krema tako\u0111e sadr\u017ei dekspantenol \u2013 poznati aktivni sastojak koji stimuli\u0161e regeneraciju ko\u017ee tokom no\u0107i. Ko\u017ea je ujedna\u010dena i blistava.<\/p>\n<h5><strong>Dozaj \u0219i mod de administrare<\/strong><\/h5>\n<ul>\n<li>Nanesite uve\u010de na dobro o\u010di\u0161\u0107eno lice, vrat i dekolte<\/li>\n<li>Ne\u017eno utrljajte u ko\u017eu<\/li>\n<li>Izbegavajte kontakt sa o\u010dima<\/li>\n<li>Koristite preparat koji sadr\u017ei Thiamidol najvi\u0161e \u010detiri puta dnevno<\/li>\n<\/ul>\n<h5><strong>Compozi\u0163ie<\/strong><\/h5>\n<p>voda, glycerin, isopropyl palmitate, alcohol denat, cetearyl isononanoate, squalane, panthenol, glyceryl stearate citrate, cetearyl alcohol, hydrogenated coco-glycerides, butyrospermum parkii butter, methylpropanediol, lauroyl lysine, isobutylamido thiazolyl resorcinol, glycyrrhiza inflata root extract, tocopherol, glucosylrutin, carbomer, chondrus crispus extract, sodium hydroxide, isoquercitrin, trisodium edta, phenoxyethanol, parfum<\/p>","protected":false},"featured_media":6700,"template":"","meta":[],"product_brand":[],"product_cat":[547,80,178],"product_tag":[1403,2560,900,193,1262,2601,2561],"class_list":{"0":"post-6699","1":"product","2":"type-product","3":"status-publish","4":"has-post-thumbnail","6":"product_cat-kozmetika-i-nega-za-odrasle","7":"product_cat-koza-kosa-i-nokti","8":"product_cat-nega-lica","9":"product_tag-dekspantenol","10":"product_tag-hiperpigmentacija","11":"product_tag-nega-lica","12":"product_tag-nocna-krema","13":"product_tag-regeneracija-koze","14":"product_tag-smanjuje-tamne-fleke","15":"product_tag-thiamidol","16":"pa_brend-eucerin","18":"first","19":"instock","20":"shipping-taxable","21":"purchasable","22":"product-type-simple"},"ams_default_variation_id":0,"ams_product_points_reward":[],"ams_product_discount_percentage":0,"ams_price_to_display":2995,"ams_acf":[],"jetpack_sharing_enabled":true,"_links":{"self":[{"href":"https:\/\/apotekar-online.rs\/ro\/wp-json\/wp\/v2\/product\/6699","targetHints":{"allow":["GET"]}}],"collection":[{"href":"https:\/\/apotekar-online.rs\/ro\/wp-json\/wp\/v2\/product"}],"about":[{"href":"https:\/\/apotekar-online.rs\/ro\/wp-json\/wp\/v2\/types\/product"}],"wp:featuredmedia":[{"embeddable":true,"href":"https:\/\/apotekar-online.rs\/ro\/wp-json\/wp\/v2\/media\/6700"}],"wp:attachment":[{"href":"https:\/\/apotekar-online.rs\/ro\/wp-json\/wp\/v2\/media?parent=6699"}],"wp:term":[{"taxonomy":"product_brand","embeddable":true,"href":"https:\/\/apotekar-online.rs\/ro\/wp-json\/wp\/v2\/product_brand?post=6699"},{"taxonomy":"product_cat","embeddable":true,"href":"https:\/\/apotekar-online.rs\/ro\/wp-json\/wp\/v2\/product_cat?post=6699"},{"taxonomy":"product_tag","embeddable":true,"href":"https:\/\/apotekar-online.rs\/ro\/wp-json\/wp\/v2\/product_tag?post=6699"}],"curies":[{"name":"wp","href":"https:\/\/api.w.org\/{rel}","templated":true}]}}