{"id":6710,"date":"2024-06-07T18:29:16","date_gmt":"2024-06-07T20:29:16","guid":{"rendered":"https:\/\/apotekar-online.rs\/?post_type=product&#038;p=6710"},"modified":"2026-03-05T07:54:51","modified_gmt":"2026-03-05T09:54:51","slug":"eucerin-dermopure-serum-sa-trostrukim-efektom-40-ml","status":"publish","type":"product","link":"https:\/\/apotekar-online.rs\/ro\/p\/eucerin-dermopure-serum-sa-trostrukim-efektom-40-ml\/","title":{"rendered":"Eucerin DermoPure Serum sa trostrukim efektom, 40 ml"},"content":{"rendered":"","protected":false},"excerpt":{"rendered":"<p><strong>Descriere produs<\/strong><\/p>\n<p>Eucerin DermoPure serum sa trostrukim efektom smanjuje tamne fleke, kontroli\u0161e sjaj i matira ko\u017eu i smanjuje\u00a0tamne tragove nastale\u00a0nakon akni i inflamacija. Patentirani Thiamidol deluje u korenu nastanka hiperpigmentacija i ubla\u017eava uporne tamne fleke od akni i spre\u010dava njihov ponovni nastanak. Salicilna kiselina efikasno spre\u010dava simptome masne i problemati\u010dne ko\u017ee, a Likokalkon A prevenira nastanak novih simptoma. Sebo-regulatorna tehnologija omogu\u0107ava kontrolisanje sebuma i daje dugotrajan efekat matirane i suve ko\u017ee lica. Formulacija je nekomedogena i nemasna.\u00a0Prvi rezultati su vidljivi nekon 2 nedelje i kontinurano se pobolj\u0161avaju redovnom upotrebom preparata.\u00a0Klini\u010dke i dermatolo\u0161ke studije su potvrdile veoma dobru podno\u0161ljivost i efikasnost prilikom primene kod masne i problemati\u010dne ko\u017ee sa tamnim flekama od akni.<\/p>\n<p><strong>Dozaj \u0219i mod de utilizare<\/strong><\/p>\n<p>Za efikasnije rezultate, koristiti dva puta dnevno (ujutro i uve\u010de) u kombinaciji sa DermoPure za\u0161titnim fluidom SPF 30.\u00a0\u00a0Ne preporu\u010duje se deci ispod 12 godina starosti. Nakon kori\u0161\u0107enja, mo\u017ee se javiti blago peckanje koje je bezopasno i koje \u0107e prestati nakon nekoliko minuta.\u00a0Ne nanositi\u00a0na akne i bubuljice koje su pod upalom. Ne koristite druge preparate koji sadr\u017ee Thiamidol.<\/p>\n<p><strong>Compozi\u0163ie<\/strong><\/p>\n<p>aqua, alcohol denat, glycerin, tapioca starch, carbomer, salicylic acid, isobutylamido thiazolyl resorcinol, decylene glycol, glycyrrhiza inflata root extract, panthenol, glucosylrutin, isoquercitrin, ammonium-acryloyldimethyltaurate-vp-copolymer, pantolactone, sodium hydroxide, trisodium edta, citric acid, parfum<\/p>","protected":false},"featured_media":6712,"template":"","meta":[],"product_brand":[],"product_cat":[547,80,178],"product_tag":[2614,2616,2563,1411,2615,199,2601,2561,2617],"class_list":{"0":"post-6710","1":"product","2":"type-product","3":"status-publish","4":"has-post-thumbnail","6":"product_cat-kozmetika-i-nega-za-odrasle","7":"product_cat-koza-kosa-i-nokti","8":"product_cat-nega-lica","9":"product_tag-fleke-od-akni","10":"product_tag-kontrolise-sebum","11":"product_tag-likokalkon-a","12":"product_tag-matira-kozu","13":"product_tag-salicidna-kiselina","14":"product_tag-serum","15":"product_tag-smanjuje-tamne-fleke","16":"product_tag-thiamidol","17":"product_tag-za-masnu-i-problematicnu-kozu","18":"pa_brend-eucerin","20":"first","21":"instock","22":"shipping-taxable","23":"purchasable","24":"product-type-simple"},"ams_default_variation_id":0,"ams_product_points_reward":[],"ams_product_discount_percentage":0,"ams_price_to_display":1995,"ams_acf":[],"jetpack_sharing_enabled":true,"_links":{"self":[{"href":"https:\/\/apotekar-online.rs\/ro\/wp-json\/wp\/v2\/product\/6710","targetHints":{"allow":["GET"]}}],"collection":[{"href":"https:\/\/apotekar-online.rs\/ro\/wp-json\/wp\/v2\/product"}],"about":[{"href":"https:\/\/apotekar-online.rs\/ro\/wp-json\/wp\/v2\/types\/product"}],"wp:featuredmedia":[{"embeddable":true,"href":"https:\/\/apotekar-online.rs\/ro\/wp-json\/wp\/v2\/media\/6712"}],"wp:attachment":[{"href":"https:\/\/apotekar-online.rs\/ro\/wp-json\/wp\/v2\/media?parent=6710"}],"wp:term":[{"taxonomy":"product_brand","embeddable":true,"href":"https:\/\/apotekar-online.rs\/ro\/wp-json\/wp\/v2\/product_brand?post=6710"},{"taxonomy":"product_cat","embeddable":true,"href":"https:\/\/apotekar-online.rs\/ro\/wp-json\/wp\/v2\/product_cat?post=6710"},{"taxonomy":"product_tag","embeddable":true,"href":"https:\/\/apotekar-online.rs\/ro\/wp-json\/wp\/v2\/product_tag?post=6710"}],"curies":[{"name":"wp","href":"https:\/\/api.w.org\/{rel}","templated":true}]}}