{"id":6743,"date":"2024-06-07T20:11:12","date_gmt":"2024-06-07T22:11:12","guid":{"rendered":"https:\/\/apotekar-online.rs\/?post_type=product&#038;p=6743"},"modified":"2026-03-05T07:54:49","modified_gmt":"2026-03-05T09:54:49","slug":"eucerin-hyaluron-filler-krema-za-podrucje-oko-ociju-spf-15-15-ml","status":"publish","type":"product","link":"https:\/\/apotekar-online.rs\/ro\/p\/eucerin-hyaluron-filler-krema-za-podrucje-oko-ociju-spf-15-15-ml\/","title":{"rendered":"Eucerin Hyaluron-Filler Krema za podru\u010dje oko o\u010diju SPF 15, 15 ml"},"content":{"rendered":"","protected":false},"excerpt":{"rendered":"<p>.<\/p>\n<h5><strong>Descriere produs<\/strong><\/h5>\n<p>Eucerin Hyaluron-Filler Krema za podru\u010dje oko o\u010diju SPF 15 deluje protiv prvih znakova starenja ko\u017ee kao \u0161to su bore u osetljivoj regiji oko oka. Vidljivo popunjava fine linije i bore, pru\u017eaju\u0107i podmla\u0111en izgled i \u0161titi od prevremenog starenja uzrokovanog UV zracima. Jedinstvena\u00a0kombinacija hijaluronske kiseline dugog i kratkog lanca i glicin saponina\u00a0vidljivo popunjava \u010dak i duboke bore. Hijaluronska kiselina dugog lanca pobolj\u0161ava hidrataciju i popunjava povr\u0161inske bore, dok hijaluronska kiselina kratkog lanca prodire dublje, u epidermalne slojeve ko\u017ee gde duboke bore nastaju. Aktivni glicin saponini stimuli\u0161u sintezu prirodne hijaluronske kiseline u \u0107elijama ko\u017ee tamo gde se najdublje bore formiraju.\u00a0Sa SPF 15 + i UVA filterima, ova krema pru\u017ea efikasnu za\u0161titu od prevremenog starenja i produbljivanja bora.\u00a0Napredna formulacija\u00a0oftalmolo\u0161ki je testirana.<\/p>\n<h5><strong>Dozaj \u0219i mod de administrare<\/strong><\/h5>\n<p>Ne\u017enim tapkanjem naneti na temeljno o\u010di\u0161\u010denu regiju oko o\u010diju.<\/p>\n<h5><strong>Compozi\u0163ie<\/strong><\/h5>\n<p>aqua, glycerin, butylene glycol dicaprylate\/dicaprate, diethylamino hydroxybenzoyl hexyl benzoate, methylpropanediol, synthetic beeswax, behenyl alcohol, ethylhexyl triazone hydrogenated coco-glycerides, octyldodecanol, stearyl alcohol, cetyl palmitate, glyceryl stearate citrate, ekstrakt sojinih klica, aluminum starch octenylsuccinate, bis-ethylhexyloxyphenol methoxyphenyl triazine, dimethicone, sodium hyaluronate, methyl methacrylate crosspolymer, trisodium edta, carbomer, ethylhexylglycerin, 1,2-hexanediol, phenoxyethanol<\/p>","protected":false},"featured_media":6744,"template":"","meta":[],"product_brand":[],"product_cat":[547,80,178],"product_tag":[2659,541,2660,2658,2657,2651,2661],"class_list":{"0":"post-6743","1":"product","2":"type-product","3":"status-publish","4":"has-post-thumbnail","6":"product_cat-kozmetika-i-nega-za-odrasle","7":"product_cat-koza-kosa-i-nokti","8":"product_cat-nega-lica","9":"product_tag-glicin-saponini","10":"product_tag-hijaluronska-kiselina","11":"product_tag-oftalmoloski-testirana","12":"product_tag-popunjava-fine-linije-i-bore","13":"product_tag-protiv-prvih-znakova-starenja","14":"product_tag-spf-15","15":"product_tag-za-podrucje-oko-ociju","16":"pa_brend-eucerin","18":"first","19":"instock","20":"shipping-taxable","21":"purchasable","22":"product-type-simple"},"ams_default_variation_id":0,"ams_product_points_reward":[],"ams_product_discount_percentage":0,"ams_price_to_display":2745,"ams_acf":[],"jetpack_sharing_enabled":true,"_links":{"self":[{"href":"https:\/\/apotekar-online.rs\/ro\/wp-json\/wp\/v2\/product\/6743","targetHints":{"allow":["GET"]}}],"collection":[{"href":"https:\/\/apotekar-online.rs\/ro\/wp-json\/wp\/v2\/product"}],"about":[{"href":"https:\/\/apotekar-online.rs\/ro\/wp-json\/wp\/v2\/types\/product"}],"wp:featuredmedia":[{"embeddable":true,"href":"https:\/\/apotekar-online.rs\/ro\/wp-json\/wp\/v2\/media\/6744"}],"wp:attachment":[{"href":"https:\/\/apotekar-online.rs\/ro\/wp-json\/wp\/v2\/media?parent=6743"}],"wp:term":[{"taxonomy":"product_brand","embeddable":true,"href":"https:\/\/apotekar-online.rs\/ro\/wp-json\/wp\/v2\/product_brand?post=6743"},{"taxonomy":"product_cat","embeddable":true,"href":"https:\/\/apotekar-online.rs\/ro\/wp-json\/wp\/v2\/product_cat?post=6743"},{"taxonomy":"product_tag","embeddable":true,"href":"https:\/\/apotekar-online.rs\/ro\/wp-json\/wp\/v2\/product_tag?post=6743"}],"curies":[{"name":"wp","href":"https:\/\/api.w.org\/{rel}","templated":true}]}}