{"id":6751,"date":"2024-06-07T20:37:46","date_gmt":"2024-06-07T22:37:46","guid":{"rendered":"https:\/\/apotekar-online.rs\/?post_type=product&#038;p=6751"},"modified":"2026-03-05T07:54:49","modified_gmt":"2026-03-05T09:54:49","slug":"eucerin-anti-pigment-krema-za-tamne-kolutove-oko-ociju-15-ml","status":"publish","type":"product","link":"https:\/\/apotekar-online.rs\/ro\/p\/eucerin-anti-pigment-krema-za-tamne-kolutove-oko-ociju-15-ml\/","title":{"rendered":"Eucerin Anti-Pigment Krema za tamne kolutove oko o\u010diju, 15 ml"},"content":{"rendered":"","protected":false},"excerpt":{"rendered":"<h5>Descriere produs<\/h5>\n<div class=\"product attribute description text-page\">\n<div class=\"value\">Eucerin Anti-Pigment Krema za tamne kolutove oko o\u010diju trenutno osve\u017eava i koriguje tamne kolutove, dok patentirani Thiamidol dugoro\u010dno smanjuje njihovu pojavu. Lagana formulacija sadr\u017ei hijaluronsku kiselinu za smanjenje nate\u010denosti i fine linije, dok oligopeptidi ja\u010daju ko\u017enu strukturu. Metalni aplikator olak\u0161ava nano\u0161enje. Potvr\u0111ena efikasnost i podno\u0161ljivost klini\u010dkim i dermatolo\u0161kim studijama. Prikladno za sve tipove ko\u017ee i nosioce kontaktnih so\u010diva.<\/div>\n<\/div>\n<h5>Dozaj \u0219i mod de administrare<\/h5>\n<p>Istisnite koli\u010dinu kreme jednaku veli\u010dini zrna gra\u0161ka na metalni aplikator, a potom je aplikatorom nanesite na predeo iznad i ispod oka. Masirajte od unutra\u0161njeg ka spolja\u0161njem delu okoloo\u010dne regije.Koristite prste da utapkate kremu do potpunog upijanja.Koristiti maksimalno 4 aplikacije preparata sa Thiamidolom u toku dana.<\/p>\n<h5>Compozi\u0163ie<\/h5>\n<p>aqua, glycerin, caprylic\/capric triglyceride, alcohol denat., cocoglycerides, cetearyl alcohol, cetyl palmitate, isopropyl palmitate, glyceryl stearate, diisopropyl adipate, butyrospermum parkii butter, lauroyl lysine isobutylamido thiazolyl resorcinol (thiamidol\u00ae), sodium hyaluronate, glycyrrhiza inflata root extract, pimpinella anisum fruit extract, xanthan gum, sodium stearoyl glutamate, sodium chloride, citric acid, sodium hydroxide, phenoxyethanol, ethylhexylglycerin, synthetic fluorphlogopite, trisodium edta, tin oxide, ci 77891, ci 77492, ci 77491, ci 77499<\/p>","protected":false},"featured_media":6752,"template":"","meta":[],"product_brand":[],"product_cat":[547,80,178],"product_tag":[2670,2673,2671,2672,2561],"class_list":{"0":"post-6751","1":"product","2":"type-product","3":"status-publish","4":"has-post-thumbnail","6":"product_cat-kozmetika-i-nega-za-odrasle","7":"product_cat-koza-kosa-i-nokti","8":"product_cat-nega-lica","9":"product_tag-korekcija-tamnih-kolutova","10":"product_tag-ojacava-koznu-strukturu","11":"product_tag-osvezava-i-hidrira","12":"product_tag-smanjuje-natecenost-i-fine-linije","13":"product_tag-thiamidol","14":"pa_brend-eucerin","16":"first","17":"instock","18":"shipping-taxable","19":"purchasable","20":"product-type-simple"},"ams_default_variation_id":0,"ams_product_points_reward":[],"ams_product_discount_percentage":0,"ams_price_to_display":3383,"ams_acf":[],"jetpack_sharing_enabled":true,"_links":{"self":[{"href":"https:\/\/apotekar-online.rs\/ro\/wp-json\/wp\/v2\/product\/6751","targetHints":{"allow":["GET"]}}],"collection":[{"href":"https:\/\/apotekar-online.rs\/ro\/wp-json\/wp\/v2\/product"}],"about":[{"href":"https:\/\/apotekar-online.rs\/ro\/wp-json\/wp\/v2\/types\/product"}],"wp:featuredmedia":[{"embeddable":true,"href":"https:\/\/apotekar-online.rs\/ro\/wp-json\/wp\/v2\/media\/6752"}],"wp:attachment":[{"href":"https:\/\/apotekar-online.rs\/ro\/wp-json\/wp\/v2\/media?parent=6751"}],"wp:term":[{"taxonomy":"product_brand","embeddable":true,"href":"https:\/\/apotekar-online.rs\/ro\/wp-json\/wp\/v2\/product_brand?post=6751"},{"taxonomy":"product_cat","embeddable":true,"href":"https:\/\/apotekar-online.rs\/ro\/wp-json\/wp\/v2\/product_cat?post=6751"},{"taxonomy":"product_tag","embeddable":true,"href":"https:\/\/apotekar-online.rs\/ro\/wp-json\/wp\/v2\/product_tag?post=6751"}],"curies":[{"name":"wp","href":"https:\/\/api.w.org\/{rel}","templated":true}]}}