{"id":6769,"date":"2024-06-08T16:49:08","date_gmt":"2024-06-08T18:49:08","guid":{"rendered":"https:\/\/apotekar-online.rs\/?post_type=product&#038;p=6769"},"modified":"2026-03-05T07:54:48","modified_gmt":"2026-03-05T09:54:48","slug":"eucerin-ph-5-soft-shower-gel-400-ml","status":"publish","type":"product","link":"https:\/\/apotekar-online.rs\/ro\/p\/eucerin-ph-5-soft-shower-gel-400-ml\/","title":{"rendered":"Eucerin pH 5 Soft Shower gel, 400 ml"},"content":{"rendered":"","protected":false},"excerpt":{"rendered":"<h5><strong>Descriere produs<\/strong><\/h5>\n<p>Suvu, osetljivu ko\u017eu lako iziritiraju spolja\u0161nji okida\u010di, \u010dine\u0107i je jo\u0161 osetljivijom. Potrebno je vi\u0161e od blagog preparata za hidrataciju kako bi postala manje osetljiva. Soft Shower je specijalno formulisan sa blagim komponentiama za \u010di\u0161\u0107enje za \u010destu primenu na suvoj, osetljivoj ko\u017ei. Jedinstveni\u00a0pH sistem ravnote\u017ee pru\u017ea optimalnu pH vrednost ko\u017ei i ja\u010da njenu prirodnu odbrambenu funkciju. Gel je pogodan i za upotrebu kod beba i dece.<\/p>\n<h5><strong>Dozaj \u0219i mod de administrare<\/strong><\/h5>\n<p>Utrljati gel na vla\u017enu ko\u017eu pri \u010demu \u0107e se formirati pena. Nakon toga, isprati ko\u017eu mlakom vodom. Koristi se svakodnevno.<\/p>\n<h5><strong>Compozi\u0163ie<\/strong><\/h5>\n<p>aqua sodium cocoamphoacetate sodium myreth sulfate lauryl glucoside citric acid sodium chloride mentoksipropandiol pantenol sodium citrate peg-40 hydrogenated castor oil peg-200 hydrogenated glyceryl palmate polyquaternium-10 sodium benzoate parfum<\/p>","protected":false},"featured_media":6770,"template":"","meta":[],"product_brand":[],"product_cat":[547,80,177],"product_tag":[2688,2527,2640,2639,2683],"class_list":{"0":"post-6769","1":"product","2":"type-product","3":"status-publish","4":"has-post-thumbnail","6":"product_cat-kozmetika-i-nega-za-odrasle","7":"product_cat-koza-kosa-i-nokti","8":"product_cat-nega-tela","9":"product_tag-jaca-prirodnu-odbrambenu-funkciju-koze","10":"product_tag-ph5","11":"product_tag-svakodnevna-upotreba","12":"product_tag-za-bebe-i-decu","13":"product_tag-za-sve-uzraste","14":"pa_brend-eucerin","16":"first","17":"instock","18":"shipping-taxable","19":"purchasable","20":"product-type-simple"},"ams_default_variation_id":0,"ams_product_points_reward":[],"ams_product_discount_percentage":0,"ams_price_to_display":1245,"ams_acf":[],"jetpack_sharing_enabled":true,"_links":{"self":[{"href":"https:\/\/apotekar-online.rs\/ro\/wp-json\/wp\/v2\/product\/6769","targetHints":{"allow":["GET"]}}],"collection":[{"href":"https:\/\/apotekar-online.rs\/ro\/wp-json\/wp\/v2\/product"}],"about":[{"href":"https:\/\/apotekar-online.rs\/ro\/wp-json\/wp\/v2\/types\/product"}],"wp:featuredmedia":[{"embeddable":true,"href":"https:\/\/apotekar-online.rs\/ro\/wp-json\/wp\/v2\/media\/6770"}],"wp:attachment":[{"href":"https:\/\/apotekar-online.rs\/ro\/wp-json\/wp\/v2\/media?parent=6769"}],"wp:term":[{"taxonomy":"product_brand","embeddable":true,"href":"https:\/\/apotekar-online.rs\/ro\/wp-json\/wp\/v2\/product_brand?post=6769"},{"taxonomy":"product_cat","embeddable":true,"href":"https:\/\/apotekar-online.rs\/ro\/wp-json\/wp\/v2\/product_cat?post=6769"},{"taxonomy":"product_tag","embeddable":true,"href":"https:\/\/apotekar-online.rs\/ro\/wp-json\/wp\/v2\/product_tag?post=6769"}],"curies":[{"name":"wp","href":"https:\/\/api.w.org\/{rel}","templated":true}]}}