{"id":6778,"date":"2024-06-08T17:10:29","date_gmt":"2024-06-08T19:10:29","guid":{"rendered":"https:\/\/apotekar-online.rs\/?post_type=product&#038;p=6778"},"modified":"2026-03-05T07:54:47","modified_gmt":"2026-03-05T09:54:47","slug":"eucerin-aquaporin-hidratantna-krema-za-lice-sa-spf-25-i-uva-zastitom-50-ml","status":"publish","type":"product","link":"https:\/\/apotekar-online.rs\/ro\/p\/eucerin-aquaporin-hidratantna-krema-za-lice-sa-spf-25-i-uva-zastitom-50-ml\/","title":{"rendered":"Eucerin AQUAporin Crem\u0103 de fa\u021b\u0103 hidratant\u0103 cu SPF 25 \u0219i protec\u021bie UVA, 50 ml"},"content":{"rendered":"","protected":false},"excerpt":{"rendered":"<h5><strong>Descriere produs<\/strong><\/h5>\n<p>Bar\u0161unasta\u00a0tekstura hidratantne kreme za lice sa SPF 25 i UVA za\u0161titom pru\u017ea intenzivnu, 24-\u010dasovnu hidrataciju i ko\u017ea je lako upija. Olak\u0161ava ose\u0107aj zategnutosti i \u010dini ko\u017eu glatkom i mekom. SPF 25 i UVA za\u0161tita efikasno spre\u010davaju o\u0161te\u0107enja nastala dejstvom UV zraka. Klini\u010dki i dermatolo\u0161ki je dokazano da Eucerin AQUAporin ACTIVE hidratantne kreme za lice odgovaraju osetljivoj ko\u017ei, a tako\u0111e ne sadr\u017ee parfeme ili parabene.<\/p>\n<h5><strong>Dozaj \u0219i mod de administrare<\/strong><\/h5>\n<p>Ne\u017eno umasirajte na temeljno o\u010di\u0161\u0107enu ko\u017eu lica, vrata i dekoltea.<\/p>\n<h5><strong>Compozi\u0163ie<\/strong><\/h5>\n<p>voda, glycerin, octocrylene, ethylhexyl salicylate, butyl methoxydibenzoylmethane, alcohol denat, glyceryl glucoside, bis-ethylhexyloxyphenol methoxyphenyl triazine, glyceryl stearate citrate, hydrogenated coco-glycerides, cetearyl alcohol, phenylbenzimidazole sulfonic acid, tocopherol, tapioca starch, ethylhexyl stearate, acrylates-c10-30-alkyl-acrylate-crosspolymer, sodium carbomer, trisodium edta, 1-2-hexanediol, caprylyl glycol, phenoxyethanol<\/p>","protected":false},"featured_media":6779,"template":"","meta":[],"product_brand":[],"product_cat":[547,80,178,2522],"product_tag":[1469,439,2541,558,445,2692,436],"class_list":{"0":"post-6778","1":"product","2":"type-product","3":"status-publish","4":"has-post-thumbnail","6":"product_cat-kozmetika-i-nega-za-odrasle","7":"product_cat-koza-kosa-i-nokti","8":"product_cat-nega-lica","9":"product_cat-preparati-za-suncanje","10":"product_tag-24h","11":"product_tag-bez-parabena","12":"product_tag-bez-parfema","13":"product_tag-intenzivna-hidratacija","14":"product_tag-krema-za-lice","15":"product_tag-spf-25","16":"product_tag-uva-zastita","17":"pa_brend-eucerin","19":"first","20":"instock","21":"shipping-taxable","22":"purchasable","23":"product-type-simple"},"ams_default_variation_id":0,"ams_product_points_reward":[],"ams_product_discount_percentage":0,"ams_price_to_display":2524,"ams_acf":[],"jetpack_sharing_enabled":true,"_links":{"self":[{"href":"https:\/\/apotekar-online.rs\/ro\/wp-json\/wp\/v2\/product\/6778","targetHints":{"allow":["GET"]}}],"collection":[{"href":"https:\/\/apotekar-online.rs\/ro\/wp-json\/wp\/v2\/product"}],"about":[{"href":"https:\/\/apotekar-online.rs\/ro\/wp-json\/wp\/v2\/types\/product"}],"wp:featuredmedia":[{"embeddable":true,"href":"https:\/\/apotekar-online.rs\/ro\/wp-json\/wp\/v2\/media\/6779"}],"wp:attachment":[{"href":"https:\/\/apotekar-online.rs\/ro\/wp-json\/wp\/v2\/media?parent=6778"}],"wp:term":[{"taxonomy":"product_brand","embeddable":true,"href":"https:\/\/apotekar-online.rs\/ro\/wp-json\/wp\/v2\/product_brand?post=6778"},{"taxonomy":"product_cat","embeddable":true,"href":"https:\/\/apotekar-online.rs\/ro\/wp-json\/wp\/v2\/product_cat?post=6778"},{"taxonomy":"product_tag","embeddable":true,"href":"https:\/\/apotekar-online.rs\/ro\/wp-json\/wp\/v2\/product_tag?post=6778"}],"curies":[{"name":"wp","href":"https:\/\/api.w.org\/{rel}","templated":true}]}}