{"id":6780,"date":"2024-06-08T17:14:57","date_gmt":"2024-06-08T19:14:57","guid":{"rendered":"https:\/\/apotekar-online.rs\/?post_type=product&#038;p=6780"},"modified":"2026-03-05T07:54:47","modified_gmt":"2026-03-05T09:54:47","slug":"eucerin-hyaluron-filler-elasticity-dnevna-krema-spf-30-rose-50-ml","status":"publish","type":"product","link":"https:\/\/apotekar-online.rs\/ro\/p\/eucerin-hyaluron-filler-elasticity-dnevna-krema-spf-30-rose-50-ml\/","title":{"rendered":"Eucerin Hyaluron-Filler + Elasticity Dnevna krema SPF 30 Rose, 50 ml"},"content":{"rendered":"","protected":false},"excerpt":{"rendered":"<h5><strong>Descriere produs<\/strong><\/h5>\n<p>Eucerin Hyaluron-Filler + Elasticity Dnevna krema SPF 30 Rose je anti-age krema koja popunjava duboke bore, pobolj\u0161ava elasti\u010dnost ko\u017ee i ubla\u017eava hiperpigmentacije. Pored toga, formulacija ovog preparata obezbe\u0111uje blago ru\u017ei\u010dast efekat koji koriguje bled i umoran izgled ko\u017ee.\u00a0Jedinstvena formulacija pru\u017ea vi\u0161estruke anti-age efekte. Inovativna kombinacija hijaluronske kiseline dugog i kratkog lanca vidljivo popunjava duboke bore. Novi kolagen-elastin kompleks, mo\u0107na kombinacija arktina i kreatina, ubrzava obnavljanje kolagena i pobolj\u0161ava elasti\u010dnost ko\u017ee. Patentom za\u0161ti\u0107eni Thiamidol\u00ae smanjuje pojavu hiperpigmentacija. Za ko\u017eu koja je glatkija, sjajnija i vidljivo mla\u0111eg izgleda. Dnevna krema tako\u0111e sadr\u017ei SPF30 i UVA filtere kao dodatnu za\u0161titu od zra\u010denja koje produbljuje bore i ubrzava proces starenja ko\u017ee.<\/p>\n<h5><strong>Dozaj \u0219i mod de administrare<\/strong><\/h5>\n<p>Naneti ujutro, na dobro o\u010di\u0161\u0107eno lice, vrat i dekolte. Blago umasirati u ko\u017eu. Izbegavati kontakt sa o\u010dima. Maksimalan broj nano\u0161enja preparata koji sadr\u017ee Thiamidol je \u010detiri aplikacije dnevno. Za najbolje rezultate, koristite u kombinaciji sa drugim preparatima iz Eucerin Hyaluron-Filler + Elasticity linije.<\/p>\n<p><strong>Compozi\u0163ie<\/strong><\/p>\n<p>Aqua, glycerin, alcohol denat., butylene glycol dicaprylate\/dicaprate, c12-15 alkyl benzoate, butyl methoxydibenzoylmethane, cetearyl alcohol, hydroxypropyl starch phosphate, bis-ethylhexyloxyphenol methoxyphenyl triazine, behenyl alcohol, dibutyl adipate, ethylhexyl triazone, phenylbenzimidazole sulfonic acid, tapioca starch, diethylamino hydroxybenzoyl hexyl benzoate, sodium hyaluronate, arctium lappa fruit extract, creatine, 1-methylhydantoin2-imide, isobutylamido \u00faiazolyl resorcinol (\u00faiamidol\u00ae), xanthan gum , sodium chloride, sodium stearoyl glutamate, glyceryl stearate, sodium hydroxide, synthetic fluorphlogopite, tin oxide, dimethicone, trisodium edta, ethylhexylglycerin, phenoxyethanol, pa\u00e4um, ci 77891, ci 77491<\/p>","protected":false},"featured_media":6781,"template":"","meta":[],"product_brand":[],"product_cat":[547,80,178],"product_tag":[1608,2693,2695,2694,556],"class_list":{"0":"post-6780","1":"product","2":"type-product","3":"status-publish","4":"has-post-thumbnail","6":"product_cat-kozmetika-i-nega-za-odrasle","7":"product_cat-koza-kosa-i-nokti","8":"product_cat-nega-lica","9":"product_tag-dnevna-krema","10":"product_tag-poboljsava-elasticnost-koze","11":"product_tag-popunjava-duboke-bore","12":"product_tag-smanjuje-hiperpigmentaciju","13":"product_tag-spf-30","14":"pa_brend-eucerin","16":"first","17":"instock","18":"shipping-taxable","19":"purchasable","20":"product-type-simple"},"ams_default_variation_id":0,"ams_product_points_reward":[],"ams_product_discount_percentage":0,"ams_price_to_display":4527,"ams_acf":[],"jetpack_sharing_enabled":true,"_links":{"self":[{"href":"https:\/\/apotekar-online.rs\/ro\/wp-json\/wp\/v2\/product\/6780","targetHints":{"allow":["GET"]}}],"collection":[{"href":"https:\/\/apotekar-online.rs\/ro\/wp-json\/wp\/v2\/product"}],"about":[{"href":"https:\/\/apotekar-online.rs\/ro\/wp-json\/wp\/v2\/types\/product"}],"wp:featuredmedia":[{"embeddable":true,"href":"https:\/\/apotekar-online.rs\/ro\/wp-json\/wp\/v2\/media\/6781"}],"wp:attachment":[{"href":"https:\/\/apotekar-online.rs\/ro\/wp-json\/wp\/v2\/media?parent=6780"}],"wp:term":[{"taxonomy":"product_brand","embeddable":true,"href":"https:\/\/apotekar-online.rs\/ro\/wp-json\/wp\/v2\/product_brand?post=6780"},{"taxonomy":"product_cat","embeddable":true,"href":"https:\/\/apotekar-online.rs\/ro\/wp-json\/wp\/v2\/product_cat?post=6780"},{"taxonomy":"product_tag","embeddable":true,"href":"https:\/\/apotekar-online.rs\/ro\/wp-json\/wp\/v2\/product_tag?post=6780"}],"curies":[{"name":"wp","href":"https:\/\/api.w.org\/{rel}","templated":true}]}}