{"id":6785,"date":"2024-06-08T17:26:59","date_gmt":"2024-06-08T19:26:59","guid":{"rendered":"https:\/\/apotekar-online.rs\/?post_type=product&#038;p=6785"},"modified":"2026-03-05T07:54:47","modified_gmt":"2026-03-05T09:54:47","slug":"eucerin-anti-pigment-tonirana-dnevna-krema-spf-30-tamna-50-ml","status":"publish","type":"product","link":"https:\/\/apotekar-online.rs\/ro\/p\/eucerin-anti-pigment-tonirana-dnevna-krema-spf-30-tamna-50-ml\/","title":{"rendered":"Eucerin Crem\u0103 de zi colorat\u0103 anti-pigment SPF 30 Dark, 50 ml"},"content":{"rendered":"","protected":false},"excerpt":{"rendered":"<h5><strong>Descriere produs<\/strong><\/h5>\n<p>Acoper\u0103 \u0219i reduce eficient petele \u00eentunecate. Pentru un aspect natural \u0219i instantaneu mai uniform al pielii. Expunerea la soare, influen\u021ba hormonal\u0103 \u0219i \u00eemb\u0103tr\u00e2nirea pot duce la apari\u021bia unor hiperpigment\u0103ri precum pete \u00eentunecate \u0219i pete de v\u00e2rst\u0103, ceea ce face ca tenul s\u0103 fie neuniform. Inova\u021bia este Thiamidol\u00ae patentat. Ac\u021bioneaz\u0103 asupra principal\u0103 cauz\u0103 a hiperpigment\u0103rii. Reduce produc\u021bia de melanin\u0103 \u0219i previne reapari\u021bia petelor \u00eentunecate. SPF 30+UVA previne eficient apari\u021bia de noi pete sub influen\u021ba razelor solare. Pigmen\u021bii minerali \u00eentr-o nuan\u021b\u0103 \u00eenchis\u0103 acoper\u0103 instantaneu petele \u00eentunecate, oferind pielii tale un aspect natural uniform.<\/p>\n<h5><strong>Dozaj \u0219i mod de administrare<\/strong><\/h5>\n<p>Aplica\u021bi pe fa\u021b\u0103 o dat\u0103 diminea\u021ba. Poate fi combinat in cadrul rutinei cu alte preparate din linia Eucerin Anti-Pigment. Folositi maxim 4 aplicatii de preparate cu Thiamidol in timpul zilei. Evita\u021bi contactul direct cu ochii.<\/p>\n<h5><strong>Compozi\u0163ie<\/strong><\/h5>\n<p>aqua, alcool denat., ci 77891, adipat de dibutil, butil methoxidibenzoilmetan, butilenglicol dicaprilat\/dicaprat, benzoat de alchil c12-15, bis-etilhexiloxifenol metoxifenil triazin\u0103, etilhexil salicilat, etilhexil salicilat, hexil silicato de etil, benzoil silica sililat de dimetil, ci 77492, alcool cetearilic, cocogliceride, copernicia cerifera cera, acid fenilbenzimidazol sulfonic, glicerin\u0103, izobutilamido tiazolil resorcinol, extract de r\u0103d\u0103cin\u0103 de glicirhiz\u0103 inflata, tocoferol, amidon de tapioca, caragenan, acid hidroxiloxilic, acid mixanetil, acid mixanetil, alcoolic mi , arahidic acid, acid oleic, acid palmitic, stearoil glutamat de sodiu, hidroxid de sodiu, clorur\u0103 de sodiu, alumin\u0103, edta trisodic, hidroxiacetofenon\u0103, fenoxietanol, parfum, ci 77491, ci 77499<\/p>","protected":false},"featured_media":6786,"template":"","meta":[],"product_brand":[],"product_cat":[547,80,178],"product_tag":[2698,2697,2699,556,2700],"class_list":{"0":"post-6785","1":"product","2":"type-product","3":"status-publish","4":"has-post-thumbnail","6":"product_cat-kozmetika-i-nega-za-odrasle","7":"product_cat-koza-kosa-i-nokti","8":"product_cat-nega-lica","9":"product_tag-deluje-na-uzrok-hiperpigmentacija","10":"product_tag-prekriva-i-smanjuje-tamne-fleke","11":"product_tag-prirodno-ujednacen-izgled-koze","12":"product_tag-spf-30","13":"product_tag-tonirana-dnevna-krema","14":"pa_brend-eucerin","16":"first","17":"instock","18":"shipping-taxable","19":"purchasable","20":"product-type-simple"},"ams_default_variation_id":0,"ams_product_points_reward":[],"ams_product_discount_percentage":0,"ams_price_to_display":3808,"ams_acf":[],"jetpack_sharing_enabled":true,"_links":{"self":[{"href":"https:\/\/apotekar-online.rs\/ro\/wp-json\/wp\/v2\/product\/6785","targetHints":{"allow":["GET"]}}],"collection":[{"href":"https:\/\/apotekar-online.rs\/ro\/wp-json\/wp\/v2\/product"}],"about":[{"href":"https:\/\/apotekar-online.rs\/ro\/wp-json\/wp\/v2\/types\/product"}],"wp:featuredmedia":[{"embeddable":true,"href":"https:\/\/apotekar-online.rs\/ro\/wp-json\/wp\/v2\/media\/6786"}],"wp:attachment":[{"href":"https:\/\/apotekar-online.rs\/ro\/wp-json\/wp\/v2\/media?parent=6785"}],"wp:term":[{"taxonomy":"product_brand","embeddable":true,"href":"https:\/\/apotekar-online.rs\/ro\/wp-json\/wp\/v2\/product_brand?post=6785"},{"taxonomy":"product_cat","embeddable":true,"href":"https:\/\/apotekar-online.rs\/ro\/wp-json\/wp\/v2\/product_cat?post=6785"},{"taxonomy":"product_tag","embeddable":true,"href":"https:\/\/apotekar-online.rs\/ro\/wp-json\/wp\/v2\/product_tag?post=6785"}],"curies":[{"name":"wp","href":"https:\/\/api.w.org\/{rel}","templated":true}]}}