{"id":6809,"date":"2024-06-08T18:25:33","date_gmt":"2024-06-08T20:25:33","guid":{"rendered":"https:\/\/apotekar-online.rs\/?post_type=product&#038;p=6809"},"modified":"2026-03-05T07:54:46","modified_gmt":"2026-03-05T09:54:46","slug":"eucerin-dermopure-piling-za-masnu-kozu-lica-100-ml","status":"publish","type":"product","link":"https:\/\/apotekar-online.rs\/ro\/p\/eucerin-dermopure-piling-za-masnu-kozu-lica-100-ml\/","title":{"rendered":"Eucerin DermoPure Peeling pentru ten gras facial, 100 ml"},"content":{"rendered":"","protected":false},"excerpt":{"rendered":"<h5><strong>Descriere produs<\/strong><\/h5>\n<p>DermoPure Piling je piling za ko\u017eu sa mle\u010dnom kiselinom i deluje direktno na mestu problema, bez isu\u0161ivanja ko\u017ee. Pogodan je za lice i telo. Mikro\u010destice za \u010di\u0161\u0107enje pora ne\u017eno skidaju izumrle \u0107elije sa ko\u017ee, ne o\u0161te\u0107uju\u0107i je. Blago \u010disti ko\u017eu i uklanja \u0161minku. Pore su o\u010di\u0161\u0107ene, koli\u010dina ne\u010disto\u0107e i mitisera je smanjena, a ko\u017ea je primetno \u010distija i ne\u017enija nakon tretmana. Preparat je posebno formulisan za masnu i problemati\u010dnu ko\u017eu koja nije na medikamentoznoj terapiji akni.<\/p>\n<h5><strong>Dozaj \u0219i mod de administrare<\/strong><\/h5>\n<p>Jednom do dva puta nedeljno umasirati na vla\u017eno lice i na dekolte ili rameni pojas, ukoliko je potrebno. Pa\u017eljivo isprati vodom. Izbegavati kontakt sa o\u010dima.<\/p>\n<h5><strong>Compozi\u0163ie<\/strong><\/h5>\n<p>voda, coco glucoside, coco-betaine, microcrystalline cellulose, acrylates-c10-30-alkyl-acrylate-crosspolymer, lactic acid, sodium chloride, sodium hydroxide, cellulose, mannitol, polyquaternium-10, sodium benzoate, phenoxyethanol, benzophenone-4, parfum, ci 77289<\/p>","protected":false},"featured_media":6810,"template":"","meta":[],"product_brand":[],"product_cat":[170,80,547,178],"product_tag":[787,2714,2442,2717,2617],"class_list":{"0":"post-6809","1":"product","2":"type-product","3":"status-publish","4":"has-post-thumbnail","6":"product_cat-piling-za-telo","7":"product_cat-koza-kosa-i-nokti","8":"product_cat-kozmetika-i-nega-za-odrasle","9":"product_cat-nega-lica","10":"product_tag-mlecna-kiselina","11":"product_tag-ne-isusuje-kozu","12":"product_tag-piling","13":"product_tag-za-lice-i-telo","14":"product_tag-za-masnu-i-problematicnu-kozu","15":"pa_brend-eucerin","17":"first","18":"instock","19":"shipping-taxable","20":"purchasable","21":"product-type-simple"},"ams_default_variation_id":0,"ams_product_points_reward":[],"ams_product_discount_percentage":0,"ams_price_to_display":1045,"ams_acf":[],"jetpack_sharing_enabled":true,"_links":{"self":[{"href":"https:\/\/apotekar-online.rs\/ro\/wp-json\/wp\/v2\/product\/6809","targetHints":{"allow":["GET"]}}],"collection":[{"href":"https:\/\/apotekar-online.rs\/ro\/wp-json\/wp\/v2\/product"}],"about":[{"href":"https:\/\/apotekar-online.rs\/ro\/wp-json\/wp\/v2\/types\/product"}],"wp:featuredmedia":[{"embeddable":true,"href":"https:\/\/apotekar-online.rs\/ro\/wp-json\/wp\/v2\/media\/6810"}],"wp:attachment":[{"href":"https:\/\/apotekar-online.rs\/ro\/wp-json\/wp\/v2\/media?parent=6809"}],"wp:term":[{"taxonomy":"product_brand","embeddable":true,"href":"https:\/\/apotekar-online.rs\/ro\/wp-json\/wp\/v2\/product_brand?post=6809"},{"taxonomy":"product_cat","embeddable":true,"href":"https:\/\/apotekar-online.rs\/ro\/wp-json\/wp\/v2\/product_cat?post=6809"},{"taxonomy":"product_tag","embeddable":true,"href":"https:\/\/apotekar-online.rs\/ro\/wp-json\/wp\/v2\/product_tag?post=6809"}],"curies":[{"name":"wp","href":"https:\/\/api.w.org\/{rel}","templated":true}]}}