{"id":6823,"date":"2024-06-08T21:02:17","date_gmt":"2024-06-08T23:02:17","guid":{"rendered":"https:\/\/apotekar-online.rs\/?post_type=product&#038;p=6823"},"modified":"2026-03-05T07:54:45","modified_gmt":"2026-03-05T09:54:45","slug":"eucerin-hyaluron-filler-nocni-intenzivni-serum-30-ml","status":"publish","type":"product","link":"https:\/\/apotekar-online.rs\/ro\/p\/eucerin-hyaluron-filler-nocni-intenzivni-serum-30-ml\/","title":{"rendered":"Eucerin Hyaluron-Filler Ser intensiv de noapte, 30 ml"},"content":{"rendered":"","protected":false},"excerpt":{"rendered":"<h5><strong>Descriere produs<\/strong><\/h5>\n<p>Dermatolozi koriste injekcije hijalurona i pilinge kako bi podmladili ko\u017eu koja stari. Inspirisan ovim tretmanima, ovaj serum kombinuje dve mo\u0107ne formule za vi\u0161estruke anti-age efekte. Prva je\u00a0obnavljenje teksture ko\u017ee i sjaja.\u00a0Kremasta emulzija sadr\u017ei efikasni AHA kompleks (kompleks alfa-hidroksikiselina) i glicin saponine.\u00a0AHA kompleks ne\u017eno odstranjuje mrtve \u0107elije povr\u0161inskog sloja ko\u017ee, dok glicin saponini stimuli\u0161u biosintezu hijaluronske kiseline u dermalnim slojevima gde najdublje bore nastaju. Drugi anti-age efekat je hidratacija i popunjavanje bora.\u00a0Transparentni gel kombinuje hijaluronsku kiselinu dugog i kratkog lanca. Hijaluronska kiselina dugog lanca pobolj\u0161ava hidrataciju u povr\u0161inskim slojevima ko\u017ee, dok hijaluronska kiselina kratkog lanca\u00a0prodire dublje, u epidermalne slojeve ko\u017ee gde duboke bore nastaju. Dve formule se kombinuju na ko\u017ei i \u010dine je glatkom. Ovaj inovativni preparat je formulisan da se koristi tokom no\u0107i. Kada se redovno koristi,\u00a0serum podsti\u010de obnavljanje teksture ko\u017ee, stimuli\u0161e regeneraciju \u0107elija i popunjava\u00a0\u010dak i najdublje bore. Nakon kori\u0161\u0107enja, ko\u017ea\u00a0je glatka i sjajna.<\/p>\n<h5><strong>Dozaj \u0219i mod de administrare<\/strong><\/h5>\n<p>Naneti svake ve\u010deri na temeljno o\u010di\u0161\u0107enu ko\u017eu lica, posle \u010di\u0161\u0107enja, a pre redovne no\u0107ne nege.<\/p>\n<h5><strong>Compozi\u0163ie<\/strong><\/h5>\n<p>voda, glicerin, alcohol denat, glycolic acid, dimethicone, tapioca starch,cetearyl alcohol, glyceryl stearate, distarch phosphate, peg-40 stearate, sodium hyaluronate, ekstrakt sojinih klica, gluconolactone, pantenol, mle\u010dna kiselina, peg-150 distearate, carbomer, xanthan gum, sodium hydroxide, trisodium edta, phenoxyethanol, parfum<\/p>","protected":false},"featured_media":6824,"template":"","meta":[],"product_brand":[],"product_cat":[547,80,178],"product_tag":[2730,2605,2618,2659,541,2729,2728],"class_list":{"0":"post-6823","1":"product","2":"type-product","3":"status-publish","4":"has-post-thumbnail","6":"product_cat-kozmetika-i-nega-za-odrasle","7":"product_cat-koza-kosa-i-nokti","8":"product_cat-nega-lica","9":"product_tag-aha-kompleks","10":"product_tag-anti-age","11":"product_tag-anti-age-serum","12":"product_tag-glicin-saponini","13":"product_tag-hijaluronska-kiselina","14":"product_tag-nocni-serum","15":"product_tag-obnavlja-kozu","16":"pa_brend-eucerin","18":"first","19":"instock","20":"shipping-taxable","21":"purchasable","22":"product-type-simple"},"ams_default_variation_id":0,"ams_product_points_reward":[],"ams_product_discount_percentage":0,"ams_price_to_display":4151,"ams_acf":[],"jetpack_sharing_enabled":true,"_links":{"self":[{"href":"https:\/\/apotekar-online.rs\/ro\/wp-json\/wp\/v2\/product\/6823","targetHints":{"allow":["GET"]}}],"collection":[{"href":"https:\/\/apotekar-online.rs\/ro\/wp-json\/wp\/v2\/product"}],"about":[{"href":"https:\/\/apotekar-online.rs\/ro\/wp-json\/wp\/v2\/types\/product"}],"wp:featuredmedia":[{"embeddable":true,"href":"https:\/\/apotekar-online.rs\/ro\/wp-json\/wp\/v2\/media\/6824"}],"wp:attachment":[{"href":"https:\/\/apotekar-online.rs\/ro\/wp-json\/wp\/v2\/media?parent=6823"}],"wp:term":[{"taxonomy":"product_brand","embeddable":true,"href":"https:\/\/apotekar-online.rs\/ro\/wp-json\/wp\/v2\/product_brand?post=6823"},{"taxonomy":"product_cat","embeddable":true,"href":"https:\/\/apotekar-online.rs\/ro\/wp-json\/wp\/v2\/product_cat?post=6823"},{"taxonomy":"product_tag","embeddable":true,"href":"https:\/\/apotekar-online.rs\/ro\/wp-json\/wp\/v2\/product_tag?post=6823"}],"curies":[{"name":"wp","href":"https:\/\/api.w.org\/{rel}","templated":true}]}}