{"id":6825,"date":"2024-06-08T21:08:41","date_gmt":"2024-06-08T23:08:41","guid":{"rendered":"https:\/\/apotekar-online.rs\/?post_type=product&#038;p=6825"},"modified":"2026-03-05T07:51:38","modified_gmt":"2026-03-05T09:51:38","slug":"eucerin-anti-pigment-tonirana-dnevna-krema-spf-30-svetla-50-ml","status":"publish","type":"product","link":"https:\/\/apotekar-online.rs\/ro\/p\/eucerin-anti-pigment-tonirana-dnevna-krema-spf-30-svetla-50-ml\/","title":{"rendered":"Eucerin Crem\u0103 de zi colorat\u0103 anti-pigment SPF 30 Light, 50 ml"},"content":{"rendered":"","protected":false},"excerpt":{"rendered":"<h5><strong>Descriere produs<\/strong><\/h5>\n<p>Efikasno prekriva i smanjuje tamne fleke. Za prirodan i trenutno ujedna\u010deniji izgled ko\u017ee. Izlaganje sun\u010devim zracima, hormonski uticaj i starenje za posledicu mogu imati pojavu hiperpigmentacija kao \u0161to su tamne fleke i stara\u010dke pege, \u0161to ten \u010dini neujedna\u010denim. Inovacija je Patentirani Thiamidol\u00ae. On deluje na glavni uzrok nastanka hiperpigmentacija.Smanjuje produkciju melanina i spre\u010dava ponovno javljanje tamnih fleka redovnom upotrebom. SPF 30+UVA efikasno prevenira nastanak novih fleka pod dejstvom sun\u010devih zraka.Mineralni pigmenti u svetloj nijansi trenutno prekrivaju tamne fleke, dajuc\u00b4i va\u0161oj ko\u017ei prirodno ujedna\u010den izgled.<\/p>\n<h5><strong>Dozaj \u0219i mod de administrare<\/strong><\/h5>\n<p>Aplica\u021bi pe fa\u021b\u0103 o dat\u0103 diminea\u021ba. Poate fi combinat in cadrul rutinei cu alte preparate din linia Eucerin Anti-Pigment. Folositi maxim 4 aplicatii de preparate cu Thiamidol in timpul zilei. Evita\u021bi contactul direct cu ochii.<\/p>\n<h5><strong>Compozi\u0163ie<\/strong><\/h5>\n<p>aqua, alcohol denat., ci 77891, dibutyl adipate, butyl methoxydibenzoylmethane, butylene glycol dicaprylate\/dicaprate, c12-15 alkyl benzoate, bis-ethylhexyloxyphenol methoxyphenyl triazine, ethylhexyl salicylate, ethylhexyl triazone, glycerin, cetearyl alcohol, silica, silica dimethyl silylate, cocoglycerides, copernicia cerifera cera, diethylamino hydroxybenzoyl hexyl benzoate, phenylbenzimidazole sulfonic acid, isobutylamido thiazolyl resorcinol, glycyrrhiza inflata root extract, tocopherol, tapioca starch, carrageenan, hydroxypropyl methylcellulose, xanthan gum, behenyl alcohol, stearic acid, myristic acid, arachidic acid, oleic acid, palmitic acid, sodium stearoyl glutamate, sodium hydroxide, sodium chloride, parfum, alumina, trisodium edta, hydroxyacetophenone, phenoxyethanol, ci 77492, ci 77491, ci 77499<\/p>","protected":false},"featured_media":6826,"template":"","meta":[],"product_brand":[],"product_cat":[547,80,178],"product_tag":[769,2731,556,2604,2700,436],"class_list":{"0":"post-6825","1":"product","2":"type-product","3":"status-publish","4":"has-post-thumbnail","6":"product_cat-kozmetika-i-nega-za-odrasle","7":"product_cat-koza-kosa-i-nokti","8":"product_cat-nega-lica","9":"product_tag-prirodan-izgled","10":"product_tag-smanjuje-fleke","11":"product_tag-spf-30","12":"product_tag-tiamidol","13":"product_tag-tonirana-dnevna-krema","14":"product_tag-uva-zastita","15":"pa_brend-eucerin","17":"first","18":"instock","19":"shipping-taxable","20":"purchasable","21":"product-type-simple"},"ams_default_variation_id":0,"ams_product_points_reward":[],"ams_product_discount_percentage":0,"ams_price_to_display":3808,"ams_acf":[],"jetpack_sharing_enabled":true,"_links":{"self":[{"href":"https:\/\/apotekar-online.rs\/ro\/wp-json\/wp\/v2\/product\/6825","targetHints":{"allow":["GET"]}}],"collection":[{"href":"https:\/\/apotekar-online.rs\/ro\/wp-json\/wp\/v2\/product"}],"about":[{"href":"https:\/\/apotekar-online.rs\/ro\/wp-json\/wp\/v2\/types\/product"}],"wp:featuredmedia":[{"embeddable":true,"href":"https:\/\/apotekar-online.rs\/ro\/wp-json\/wp\/v2\/media\/6826"}],"wp:attachment":[{"href":"https:\/\/apotekar-online.rs\/ro\/wp-json\/wp\/v2\/media?parent=6825"}],"wp:term":[{"taxonomy":"product_brand","embeddable":true,"href":"https:\/\/apotekar-online.rs\/ro\/wp-json\/wp\/v2\/product_brand?post=6825"},{"taxonomy":"product_cat","embeddable":true,"href":"https:\/\/apotekar-online.rs\/ro\/wp-json\/wp\/v2\/product_cat?post=6825"},{"taxonomy":"product_tag","embeddable":true,"href":"https:\/\/apotekar-online.rs\/ro\/wp-json\/wp\/v2\/product_tag?post=6825"}],"curies":[{"name":"wp","href":"https:\/\/api.w.org\/{rel}","templated":true}]}}