{"id":6838,"date":"2024-06-08T21:37:11","date_gmt":"2024-06-08T23:37:11","guid":{"rendered":"https:\/\/apotekar-online.rs\/?post_type=product&#038;p=6838"},"modified":"2026-03-05T07:51:38","modified_gmt":"2026-03-05T09:51:38","slug":"eucerin-anti-age-fluid-za-zastitu-od-sunca-spf-50-50-ml","status":"publish","type":"product","link":"https:\/\/apotekar-online.rs\/ro\/p\/eucerin-anti-age-fluid-za-zastitu-od-sunca-spf-50-50-ml\/","title":{"rendered":"Eucerin Fluid Anti-age pentru protectie solara SPF 50, 50 ml"},"content":{"rendered":"","protected":false},"excerpt":{"rendered":"<h5><strong>Descriere produs<\/strong><\/h5>\n<p>Anti-age Fluid za za\u0161titu od sunca SPF 50+ je preparat za za\u0161titu ko\u017ee lica od sunca za svaki dan namenjen svim tipovima ko\u017ee. Napredna spektralna tehnologija kombinuje fotostabilne UVA\/UVB filtere\u00a0\u0161irokog sprektra za visoku UV za\u0161titu sa likokalkonom A koji neutrali\u0161e slobodne radikale koje izazivaju UV zraci i vidljiva svetlost visoke energije (HEVIS). Ovaj preparat za za\u0161titu od sunca tako\u0111e sadr\u017ei i gliciretinsku kiselinu koja stimuli\u0161e sopstveni mehanizam obnavljanja DNK ko\u017ee.\u00a0Formulacija je dodatno oboga\u0107ena hijaluronskom kiselinom dugog i kratkog lanca koja vidljivo smanjuje bore na licu i dekolteu. Ne sadr\u017ei parfeme i ima laganu, kremastu teksturu. Klini\u010dka i dermatolo\u0161ka ispitivanja pokazuju dobru podno\u0161ljivost na osetljivoj ko\u017ei.<\/p>\n<h5><strong>Dozaj \u0219i mod de administrare<\/strong><\/h5>\n<p>Kremu nanositi na lice i dekolte u dovoljnoj koli\u010dini, svakodnevno, pre izlaganja suncu. \u00a0Redovno je ponovo nanositi, naro\u010dito posle plivanja, znojenja i brisanja. Izbegavati kontakt sa o\u010dima.<\/p>\n<h5><strong>Compozi\u0163ie<\/strong><\/h5>\n<p>aqua, c12-15 alkyl benzoate, glycerin, alcohol denat., butyl methoxydibenzoylmethane, bis-ethylhexyloxyphenol methoxyphenyl triazine, butylene glycol dicaprylate\/dicaprate, ethylhexyl triazone, dibutyl adipate, distarch phosphate, tapioca starch, diethylamino hydroxybenzoyl hexyl benzoate, glyceryl stearate citrate, phenylbenzimidazole sulfonic acid, behenyl alcohol, cetearyl alcohol, sodium hyaluronate, glycyrrhetinic acid, glycyrrhiza inflata root extract, copernicia cerifera cera, carrageenan, xanthan gum, hydroxypropyl methylcellulose, silica, trisodium ethylenediamine disuccinate, sodium hydroxide, hydroxyacetophenone, ethylhexylglycerin, benzyl alcohol<\/p>","protected":false},"featured_media":6839,"template":"","meta":[],"product_brand":[],"product_cat":[2522,80,547,178],"product_tag":[2638,907,2748,2484,554,2749,2664,1485,559],"class_list":{"0":"post-6838","1":"product","2":"type-product","3":"status-publish","4":"has-post-thumbnail","6":"product_cat-preparati-za-suncanje","7":"product_cat-koza-kosa-i-nokti","8":"product_cat-kozmetika-i-nega-za-odrasle","9":"product_cat-nega-lica","10":"product_tag-blaga-tekstura","11":"product_tag-lice","12":"product_tag-neutralizuje-slobodne-radikale","13":"product_tag-smanjuje-bore","14":"product_tag-spf-50","15":"product_tag-stimulise-obnavljanje-dnk","16":"product_tag-uv-zastita","17":"product_tag-za-sve-tipove-koze","18":"product_tag-zastita-od-sunca","19":"pa_brend-eucerin","21":"first","22":"instock","23":"shipping-taxable","24":"purchasable","25":"product-type-simple"},"ams_default_variation_id":0,"ams_product_points_reward":[],"ams_product_discount_percentage":0,"ams_price_to_display":2379,"ams_acf":[],"jetpack_sharing_enabled":true,"_links":{"self":[{"href":"https:\/\/apotekar-online.rs\/ro\/wp-json\/wp\/v2\/product\/6838","targetHints":{"allow":["GET"]}}],"collection":[{"href":"https:\/\/apotekar-online.rs\/ro\/wp-json\/wp\/v2\/product"}],"about":[{"href":"https:\/\/apotekar-online.rs\/ro\/wp-json\/wp\/v2\/types\/product"}],"wp:featuredmedia":[{"embeddable":true,"href":"https:\/\/apotekar-online.rs\/ro\/wp-json\/wp\/v2\/media\/6839"}],"wp:attachment":[{"href":"https:\/\/apotekar-online.rs\/ro\/wp-json\/wp\/v2\/media?parent=6838"}],"wp:term":[{"taxonomy":"product_brand","embeddable":true,"href":"https:\/\/apotekar-online.rs\/ro\/wp-json\/wp\/v2\/product_brand?post=6838"},{"taxonomy":"product_cat","embeddable":true,"href":"https:\/\/apotekar-online.rs\/ro\/wp-json\/wp\/v2\/product_cat?post=6838"},{"taxonomy":"product_tag","embeddable":true,"href":"https:\/\/apotekar-online.rs\/ro\/wp-json\/wp\/v2\/product_tag?post=6838"}],"curies":[{"name":"wp","href":"https:\/\/api.w.org\/{rel}","templated":true}]}}