{"id":6884,"date":"2024-06-20T07:28:24","date_gmt":"2024-06-20T09:28:24","guid":{"rendered":"https:\/\/apotekar-online.rs\/?post_type=product&#038;p=6884"},"modified":"2026-04-28T04:07:40","modified_gmt":"2026-04-28T06:07:40","slug":"solutie-octenisept-pentru-piele-50ml","status":"publish","type":"product","link":"https:\/\/apotekar-online.rs\/ro\/p\/octenisept-rastvor-za-kozu-50ml\/","title":{"rendered":"Octenisept solu\u021bie pentru piele 50 ml"},"content":{"rendered":"","protected":false},"excerpt":{"rendered":"<p><b><strong>Distribu\u021bia acestui medicament pe Internet este strict interzis\u0103 \u0219i reglementat\u0103 de legile Republicii Serbia, \u00een timp ce prezentarea lui pe Internet este permis\u0103, exclusiv \u00een scopul inform\u0103rii publicului larg \u0219i profesional cu privire la scopul s\u0103u \u0219i o mai bun\u0103 familiarizare cu caracteristicile de baz\u0103 ale medicamentului \u00een sine.<\/strong><\/b><\/p>\n<p>Octenisept<br \/>\n\u00ae<br \/>\n, 1mg\/g + 20 mg\/g, solu\u021bie pentru piele<br \/>\noctenidin\u0103, fenoxietanol<br \/>\nCiti\u021bi cu aten\u021bie aceast\u0103 instruc\u021biune \u00eenainte de a \u00eencepe s\u0103 utiliza\u021bi acest medicament, deoarece con\u021bine<br \/>\ninformatii care sunt importante pentru tine...<br \/>\nUtiliza\u021bi \u00eentotdeauna acest medicament exact a\u0219a cum este men\u021bionat \u00een aceste instruc\u021biuni sau a\u0219a cum vi s-a explicat<br \/>\nMedicul dumneavoastr\u0103 sau farmacistul sau asistenta dumneavoastr\u0103.<br \/>\n- Salva\u021bi instruc\u021biunile. Este posibil s\u0103 fie nevoie s\u0103-l citi\u021bi din nou.<br \/>\n- Dac\u0103 ave\u021bi \u00eentreb\u0103ri suplimentare sau ave\u021bi nevoie de sfaturi, contacta\u021bi-v\u0103 farmacistul.<br \/>\n- Dac\u0103 prezenta\u0163i orice reac\u0163ii adverse, adresa\u0163i-v\u0103 medicului dumneavoastr\u0103 sau farmacistului sau<br \/>\nasistent medical. Aceasta include orice reac\u021bii adverse care nu sunt enumerate \u00een acest ghid.<br \/>\nVezi sec\u021biunea 4.<br \/>\n- Dac\u0103 nu v\u0103 sim\u021bi\u021bi mai bine sau v\u0103 sim\u021bi\u021bi mai r\u0103u dup\u0103 14 zile, trebuie s\u0103 v\u0103 adresa\u021bi medicului dumneavoastr\u0103.<br \/>\n\u00cen acest ghid ve\u021bi citi:<br \/>\n1. Ce este medicamentul Octenisept \u0219i pentru ce este destinat<br \/>\n2. Ce trebuie s\u0103 \u0219ti\u021bi \u00eenainte de a utiliza medicamentul Octenisept<br \/>\n3. Cum se administreaz\u0103 medicamentul Octenisept<br \/>\n4. Reac\u021bii adverse posibile<br \/>\n5. Cum se p\u0103streaz\u0103 medicamentul Octenisept<br \/>\n6. Con\u021binutul pachetului \u0219i alte informa\u021bii<br \/>\n2 din 5<br \/>\n1. Ce este medicamentul Octenisept \u0219i pentru ce este destinat<br \/>\nMedicamentul Octenisept con\u021bine dou\u0103 substan\u021be active: diclorhidrat de octenidin\u0103 \u0219i fenoxietanol. Apar\u021bine grupului de antiseptice<br \/>\nsi dezinfectanti. Ac\u0163ioneaz\u0103 prin prevenirea cre\u015fterii \u015fi distrugerii microorganismelor, adic\u0103 au propriet\u0103\u0163i antiseptice.<br \/>\nefect.<br \/>\nMedicamentul Octenisept este destinat terapiei antiseptice repetate, pe termen scurt, a membranelor mucoase \u0219i a pielii din jur.<br \/>\nproceduri diagnostice sau chirurgicale:<br \/>\n\u2013 in regiunea ano-genitala (vagin, vulva, gland penisului), precum si inainte de cateterizarea vezicii urinare<br \/>\n\u2013 \u00een cavitatea bucal\u0103<br \/>\nMedicamentul Octenisept este, de asemenea, utilizat pentru terapia de sus\u021binere limitat\u0103 \u00een timp a infec\u021biilor fungice pe pielea dintre degete.<br \/>\npicioare \u0219i pentru terapia antiseptic\u0103 de sus\u021binere a r\u0103nilor.<br \/>\n2. Ce trebuie s\u0103 \u0219ti\u021bi \u00eenainte de a utiliza medicamentul Octenisept<br \/>\nNu trebuie s\u0103 utiliza\u021bi Octenisept:<br \/>\n\uf0b7 dac\u0103 \u0219ti\u021bi c\u0103 sunte\u021bi hipersensibil la diclorhidrat de octenidin\u0103 \u0219i fenoxietanol sau la oricare dintre<br \/>\nsubstan\u021be auxiliare ale medicamentului, enumerate \u00een sec\u021biunea 6.<br \/>\nMedicamentul Octenisept nu trebuie utilizat pentru a sp\u0103la cavitatea abdominal\u0103 (de exemplu, \u00een timpul interven\u021biei chirurgicale) sau a vezicii urinare, precum \u0219i pentru<br \/>\nsp\u0103larea urechilor.<br \/>\nAvertisment \u0219i precau\u021bii<br \/>\nDiscuta\u021bi cu medicul dumneavoastr\u0103 sau cu farmacistul \u00eenainte de a utiliza Octenisept.<br \/>\nMedicamentul Octenisept nu trebuie administrat \u00een fluxul sanguin, de ex. prin injectare (injectare accidental\u0103), nici se<br \/>\nrecomanda ingerarea acestuia.<br \/>\nTrebuie utilizat cu pruden\u021b\u0103 la copiii prematuri cu greutate corporal\u0103 mic\u0103. Medicamentul Octenisept,<br \/>\npoate duce la leziuni grave ale pielii \u00cendep\u0103rta\u021bi excesul de medicament \u0219i asigura\u021bi-v\u0103 c\u0103 solu\u021bia nu r\u0103m\u00e2ne pe piele pentru o perioad\u0103 lung\u0103 de timp<br \/>\ndec\u00e2t este prescris (inclusiv materiale care sunt \u00eenmuiate \u00een solu\u021bie \u0219i care sunt \u00een contact direct cu<br \/>\nrabdator).<br \/>\nAplicarea medicamentului Octenisept \u00een ochi trebuie evitat\u0103 \u00cen cazul contactului cu medicamentul \u00een ochi, cl\u0103ti\u021bi imediat ochii cu mult\u0103 ap\u0103<br \/>\nap\u0103.<br \/>\nDup\u0103 cl\u0103tirea r\u0103nilor ad\u00e2nci cu o sering\u0103, pot ap\u0103rea edem persistent (umflare), eritem (ro\u0219ea\u021b\u0103) \u0219i necroz\u0103.<br \/>\n\u021besut (moarte tisular\u0103), iar \u00een unele cazuri este necesar tratament chirurgical (vezi pct. 4).<br \/>\nPentru a preveni posibile leziuni tisulare, medicamentul nu trebuie injectat sau aplicat sub presiune \u00een \u021besut. Medicament<br \/>\neste destinat numai uzului extern \u0219i se aplic\u0103 cu o pomp\u0103 de tamponare sau pulverizare.<br \/>\nAlte medicamente \u0219i medicamentul Octenisept<br \/>\nSpune\u021bi medicului dumneavoastr\u0103 sau farmacistului dac\u0103 lua\u021bi, a\u021bi luat recent sau pute\u021bi lua oricare<br \/>\nalte medicamente.<br \/>\nMedicamentul Octenisept nu trebuie aplicat \u00een apropierea pielii tratate cu alte antiseptice pe baz\u0103 de iod PVP, deoarece<br \/>\no culoare maro \u00eenchis p\u00e2n\u0103 la violet a pielii poate ap\u0103rea acolo unde cele dou\u0103 solu\u021bii vin \u00een contact.<br \/>\nCopii<br \/>\nSarcina, al\u0103ptarea \u0219i fertilitatea<br \/>\nDac\u0103 sunte\u021bi gravid\u0103 sau al\u0103pta\u021bi, crede\u021bi c\u0103 sunte\u021bi gravid\u0103 sau inten\u021biona\u021bi s\u0103 r\u0103m\u00e2ne\u021bi gravid\u0103, adresa\u021bi-v\u0103 medicului dumneavoastr\u0103 sau farmacistului pentru<br \/>\nsfaturi \u00eenainte de a utiliza acest medicament.<br \/>\n3 din 5<br \/>\nDatele privind utilizarea Octenisept \u00een timpul sarcinii sunt limitate. Datele actuale nu indic\u0103 un risc pentru f\u0103t.<br \/>\nAdministrarea medicamentului Octenisept \u00een timpul sarcinii poate fi luat\u0103 \u00een considerare, dac\u0103 este necesar.<br \/>\nNu exist\u0103 date adecvate privind utilizarea Octenisept \u00een timpul al\u0103pt\u0103rii.<br \/>\nDiclorhidratul de octenidin\u0103 este resorbit \u00een cantit\u0103\u021bi foarte mici sau deloc, a\u0219a c\u0103 poate<br \/>\npresupunem c\u0103 nu se excret\u0103 \u00een laptele matern<br \/>\nFenoxietanolul este resorbit rapid \u0219i aproape complet \u0219i ca metabolit oxidat este aproape complet excretat.<br \/>\nprin rinichi. Prin urmare, acumularea \u00een laptele matern este pu\u021bin probabil\u0103.<br \/>\nConducerea vehiculelor \u0219i operarea ma\u0219inilor<br \/>\nMedicamentul Octenisept nu are nicio influen\u021b\u0103 asupra capacit\u0103\u021bii de a conduce vehicule \u0219i de a folosi utilaje.<br \/>\n3. Cum se aplic\u0103 medicamentul Octenisept<br \/>\nUtiliza\u021bi \u00eentotdeauna acest medicament exact a\u0219a cum este men\u021bionat \u00een aceste instruc\u021biuni sau a\u0219a cum v-a explicat medicul dumneavoastr\u0103<br \/>\nmedic sau farmacist. Dac\u0103 nu sunte\u021bi sigur, consulta\u021bi medicul sau farmacistul.<br \/>\nSolu\u021bia este destinat\u0103 numai uzului local \u0219i nu trebuie aplicat\u0103 direct pe \u021besut, de ex. folosind o sering\u0103.<br \/>\nMedicamentul Octenisept se aplic\u0103 o dat\u0103 pe zi pe membrana mucoas\u0103 \u0219i pe pielea \u00eenconjur\u0103toare cu un tampon complet \u00eenmuiat \u00een medicament sau<br \/>\nprin pulverizare pe suprafete greu accesibile. Se recomand\u0103 aplicarea cu tupfer.<br \/>\nDac\u0103 nu este prescris altfel, aplica\u021bi cu aten\u021bie solu\u021bia pe suprafa\u021ba de tratat cu cel pu\u021bin dou\u0103<br \/>\ntampon de vat\u0103 \u00eenmuiat, unul dup\u0103 altul, astfel \u00eenc\u00e2t s\u0103 fie complet ud. Medicamentul poate fi pulverizat \u0219i pe zone greu accesibile<br \/>\nsuprafa\u0163\u0103. \u00cen toate cazurile, dup\u0103 aplicare trebuie s\u0103 se asigure un timp de contact de cel pu\u021bin unul p\u00e2n\u0103 la doi<br \/>\nminute \u00eenainte de a efectua alte proceduri, de ex. aplicarea unui bandaj chirurgical.<br \/>\nCavitatea bucal\u0103 poate fi, de asemenea, cl\u0103tit\u0103. Utilizarea cl\u0103tirii cavit\u0103\u021bii bucale ar trebui limitat\u0103 la cazuri de<br \/>\npentru care este necesar\u0103 tratarea \u00eentregii cavit\u0103\u0163i bucale. Apoi se folosesc 20 ml de solu\u021bie \u0219i se cl\u0103tesc timp de 20 de secunde.<br \/>\nPentru terapie suplimentar\u0103 \u00een cazurile de tratare a infec\u021biilor fungice \u00eentre degetele de la picioare, medicamentul trebuie pulverizat pe persoana afectat\u0103.<br \/>\nlocuri dimineata si seara.<br \/>\nInstruc\u021biunile de utilizare trebuie urmate cu aten\u021bie pentru a ob\u021bine rezultatele dorite.<br \/>\nDeoarece p\u00e2n\u0103 acum exist\u0103 doar experien\u021b\u0103 de aplicare continu\u0103 pentru cel mult 14 zile, medicamentul Octenisept nu trebuie utilizat.<br \/>\nmai mult de dou\u0103 s\u0103pt\u0103m\u00e2ni f\u0103r\u0103 supraveghere medical\u0103.<br \/>\nDac\u0103 a\u021bi utilizat mai mult Octenisept dec\u00e2t trebuie<br \/>\nNu exist\u0103 date despre supradozaj. Cu toate acestea, probabilitatea supradozajului cu medicamente pentru aplicare local\u0103 este foarte mare<br \/>\nmic. \u00cen cazurile de supradozaj local, zonele afectate pot fi sp\u0103late cu un volum mai mare de Ringer<br \/>\nsolu\u0163ie.<br \/>\nDac\u0103 a\u021bi folosit mai mult medicament dec\u00e2t ar trebui sau l-a\u021bi \u00eenghi\u021bit accidental, discuta\u021bi imediat cu medicul dumneavoastr\u0103<br \/>\nMedicul sau farmacistul dvs.!<br \/>\nDac\u0103 uita\u021bi s\u0103 utiliza\u021bi Octenisept<br \/>\nNu lua\u021bi o doz\u0103 dubl\u0103 pentru a compensa doza omis\u0103.<br \/>\nDac\u0103 \u00eenceta\u021bi brusc s\u0103 utiliza\u021bi Octenisept<br \/>\nNu ve\u021bi sim\u021bi nicio schimbare dac\u0103 \u00eenceta\u021bi brusc s\u0103 utiliza\u021bi medicamentul, cu toate acestea, acesta trebuie urmat cu aten\u021bie<br \/>\ninstruc\u021biuni de utilizare pentru a ob\u021bine rezultatele dorite.<br \/>\nDac\u0103 ave\u021bi orice \u00eentreb\u0103ri suplimentare despre utilizarea acestui medicament, adresa\u021bi-v\u0103 medicului dumneavoastr\u0103, adresa\u021bi-v\u0103 medicului dumneavoastr\u0103 sau farmacistului.<br \/>\n4 din 5<br \/>\n4. Reac\u021bii adverse posibile<br \/>\nCa toate medicamentele, acest medicament poate provoca reac\u021bii adverse, cu toate c\u0103 nu apar la toate persoanele.<br \/>\npacien\u0163ii care iau acest medicament.<br \/>\nReac\u021bii adverse rare (pot ap\u0103rea la p\u00e2n\u0103 la 1 din 1000 de pacien\u021bi care iau medicamentul):<br \/>\nsenza\u021bie de arsur\u0103, ro\u0219ea\u021b\u0103, m\u00e2nc\u0103rime \u0219i c\u0103ldur\u0103 la locul aplic\u0103rii<br \/>\nReac\u021bii adverse foarte rare (pot ap\u0103rea la p\u00e2n\u0103 la 1 din 10.000 de pacien\u021bi care iau medicamentul):<br \/>\nreac\u021bie alergic\u0103 la locul aplic\u0103rii, cum ar fi ro\u0219ea\u021ba tranzitorie<br \/>\nFrecven\u021b\u0103 necunoscut\u0103 (nu poate fi estimat\u0103 din datele disponibile):<br \/>\ndup\u0103 sp\u0103larea r\u0103nilor ad\u00e2nci cu o sering\u0103, este posibil\u0103 apari\u021bia edemului (umflarea) pe termen lung (persistent), a eritemului (\u00eenro\u0219irea)<br \/>\n\u0219i necroza tisular\u0103 (moartea \u021besuturilor), iar \u00een unele cazuri este necesar tratament chirurgical. (vezi sec\u021biunea 2).<br \/>\nC\u00e2nd se aplic\u0103 pentru a cl\u0103ti cavitatea bucal\u0103, medicamentul Octenisept provoac\u0103 un gust amar tranzitoriu.<br \/>\nRaportarea reac\u021biilor adverse<br \/>\nDac\u0103 ave\u021bi orice reac\u021bie nedorit\u0103, trebuie s\u0103 v\u0103 informa\u021bi medicul sau farmacistul. Acest<br \/>\ninclude orice posibil\u0103 reac\u021bie advers\u0103 care nu este enumerat\u0103 \u00een aceast\u0103 instruc\u021biune. Prin raportarea spam-ului<br \/>\nreac\u021biile v\u0103 pot ajuta s\u0103 evalua\u021bi siguran\u021ba acestui medicament. Pute\u021bi b\u0103nui reac\u021bii nedorite<br \/>\nraport c\u0103tre Agen\u021bia pentru Medicamente \u0219i Dispozitive Medicale din Serbia (ALIMS):<br \/>\nAgen\u021bia pentru Medicamente \u0219i Dispozitive Medicale din Serbia<br \/>\nCentrul Na\u021bional de Farmacovigilen\u021b\u0103<br \/>\nVojvode Stepe 458, 11221 Belgrad<br \/>\nRepublica Serbia<br \/>\nsite: www.alims.gov.rs<br \/>\ne-mail: nezeljene.reakcije@alims.gov.rs<br \/>\n5. Cum se p\u0103streaz\u0103 medicamentul Octenisept<br \/>\nNu l\u0103sa\u021bi medicamentul la vederea \u0219i \u00eendem\u00e2na copiilor!<br \/>\nNu utiliza\u021bi medicamentul Octenisept dup\u0103 data de expirare indicat\u0103 pe flacon dup\u0103 \u201eExpirare p\u00e2n\u0103 la:\u201d. Data de expirare<br \/>\ndata de expirare se refer\u0103 la ultima zi a lunii specificate.<br \/>\nA se pastra la o temperatura de pana la 250C<br \/>\nMedicamentele inutilizabile se predau farmaciei unde se afi\u0219eaz\u0103 anun\u021bul c\u0103 urmeaz\u0103 s\u0103 fie ridicate \u00een farmacia respectiv\u0103.<br \/>\nmedicamente inutilizabile de la cet\u0103\u021beni. Medicamentele inutilizabile nu trebuie aruncate \u00een canalizare sau \u00eempreun\u0103 cu<br \/>\ndeseuri municipale. Aceste m\u0103suri vor ajuta la protejarea mediului.<br \/>\n6. Con\u021binutul pachetului \u0219i alte informa\u021bii<br \/>\nCe con\u021bine Octenisept?<br \/>\nSubstan\u021bele active sunt: diclorhidrat de octenidin\u0103 \u0219i fenoxietanol.<br \/>\n5 din 5<br \/>\n100 g de solu\u021bie con\u021bin:<br \/>\n0,1 g diclorhidrat de octenidin\u0103<br \/>\n2,0 g de fenoxietanol<br \/>\nSubstantele auxiliare sunt: cocamidopropil betaina, gluconat de sodiu; glicerol 85%; clorura de sodiu<br \/>\nhidroxid de sodiu, solu\u021bie (10%), ap\u0103, purificat\u0103.<br \/>\nCum arat\u0103 medicamentul Octenisept \u0219i con\u021binutul ambalajului<br \/>\nSolu\u021bie pentru piele.<br \/>\nSolu\u021bie limpede p\u00e2n\u0103 la aproape limpede, incolor\u0103.<br \/>\nOctenisept, solu\u021bie pentru piele, 50 ml<br \/>\nPachetul medicamentului este o sticl\u0103 alb\u0103 din polietilen\u0103 de \u00eenalt\u0103 densitate (HDPE) turnat\u0103 \u00eenchis\u0103 de 50 ml.<br \/>\ncu pulverizator din polietilena si un surub din polipropilena de culoare alba. Pulverizatorul are un capac de protectie transparent.<br \/>\nInstruc\u021biunile pentru medicament sunt lipite de ambalajul medicamentului (sticl\u0103).<br \/>\nOctenisept, solu\u021bie pentru piele, 250 ml<br \/>\nPachetul medicamentului este o sticl\u0103 alb\u0103 din polietilen\u0103 de \u00eenalt\u0103 densitate (HDPE) turnat\u0103 \u00eenchis\u0103 de 250 ml.<br \/>\ncu pulverizator din polietilena si un surub din polipropilena de culoare alba. Pulverizatorul are un capac de protectie transparent.<br \/>\nInstruc\u021biunile pentru medicament sunt lipite de ambalajul medicamentului (sticl\u0103).<br \/>\nOctenisept, solu\u021bie pentru piele, 1000 ml<br \/>\nAmbalajul medicamentului este o sticl\u0103 transparent\u0103 din polietilen\u0103 de \u00eenalt\u0103 densitate (HDPE) de culoare alb\u0103 de 1000 ml \u00eenchis.<br \/>\ncu inchidere de siguranta din polipropilena alba. Instruc\u021biunile pentru medicament sunt lipite de ambalajul medicamentului (sticl\u0103).<br \/>\nInstruc\u021biunile pentru medicament sunt lipite de ambalajul medicamentului (sticl\u0103).<br \/>\nDe\u021bin\u0103torul licen\u021bei \u0219i produc\u0103torul<br \/>\nDe\u021bin\u0103torul licen\u021bei<br \/>\nMIOFARM EXPORT IMPORT DOO NOVI SAD, Novi Sad<br \/>\nProduc\u0103tor<br \/>\nSCH\u00dcLKE &amp; MAYR GMBH<br \/>\nRobert-Koch Strasse 2, Norderstedt, Germania<br \/>\nAceast\u0103 instruc\u021biune a fost aprobat\u0103 ultima dat\u0103<br \/>\ndecembrie 2019.<br \/>\nMod de administrare a medicamentului:<br \/>\nMedicamentul este eliberat f\u0103r\u0103 prescrip\u021bie medical\u0103.<br \/>\nNum\u0103rul \u0219i data licen\u021bei:<br \/>\nOctenisept, solutie pentru piele, 1x50mL, (1mg\/g+20 mg\/g): 515-01-00933-19-001 din 17.12.2019.<br \/>\nOctenisept, solutie pentru piele, 1x250mL, (1mg\/g+20 mg\/g): 515-01-00934-19-001 din 17.12.2019.<br \/>\nOctenisept, solutie pentru piele, 1x1000mL, (1mg\/g+20 mg\/g): 515-01-00935-19-001 din 17.12.2019.<\/p>","protected":false},"featured_media":6886,"template":"","meta":[],"product_brand":[],"product_cat":[150,3054],"product_tag":[942,1709,312,1056],"class_list":{"0":"post-6884","1":"product","2":"type-product","3":"status-publish","4":"has-post-thumbnail","6":"product_cat-dezinficijensi","7":"product_cat-akcija","8":"product_tag-antiseptik","9":"product_tag-betty","10":"product_tag-dezinfekcija","11":"product_tag-rastvor-za-kozu","12":"pa_brend-pan-star-doo","14":"first","15":"instock","16":"shipping-taxable","17":"product-type-simple"},"ams_default_variation_id":0,"ams_product_points_reward":[],"ams_product_discount_percentage":0,"ams_price_to_display":0,"ams_acf":[],"jetpack_sharing_enabled":true,"_links":{"self":[{"href":"https:\/\/apotekar-online.rs\/ro\/wp-json\/wp\/v2\/product\/6884","targetHints":{"allow":["GET"]}}],"collection":[{"href":"https:\/\/apotekar-online.rs\/ro\/wp-json\/wp\/v2\/product"}],"about":[{"href":"https:\/\/apotekar-online.rs\/ro\/wp-json\/wp\/v2\/types\/product"}],"wp:featuredmedia":[{"embeddable":true,"href":"https:\/\/apotekar-online.rs\/ro\/wp-json\/wp\/v2\/media\/6886"}],"wp:attachment":[{"href":"https:\/\/apotekar-online.rs\/ro\/wp-json\/wp\/v2\/media?parent=6884"}],"wp:term":[{"taxonomy":"product_brand","embeddable":true,"href":"https:\/\/apotekar-online.rs\/ro\/wp-json\/wp\/v2\/product_brand?post=6884"},{"taxonomy":"product_cat","embeddable":true,"href":"https:\/\/apotekar-online.rs\/ro\/wp-json\/wp\/v2\/product_cat?post=6884"},{"taxonomy":"product_tag","embeddable":true,"href":"https:\/\/apotekar-online.rs\/ro\/wp-json\/wp\/v2\/product_tag?post=6884"}],"curies":[{"name":"wp","href":"https:\/\/api.w.org\/{rel}","templated":true}]}}