{"id":711,"date":"2022-07-12T09:40:05","date_gmt":"2022-07-12T09:40:05","guid":{"rendered":"https:\/\/apotekar-online.rs\/product\/pharmas-probalans-20-gastrorezistentnih-kapsula\/"},"modified":"2026-03-05T08:30:07","modified_gmt":"2026-03-05T10:30:07","slug":"pharmas-probalans-20-capsule-gastro-rezistente","status":"publish","type":"product","link":"https:\/\/apotekar-online.rs\/ro\/p\/pharmas-probalans-20-gastrorezistentnih-kapsula\/","title":{"rendered":"PharmaS PROBalance 20 capsule gastrorezistente"},"content":{"rendered":"","protected":false},"excerpt":{"rendered":"<p>PharmaS PROBalance reduce efectele negative ale antibioticelor asupra sistemului digestiv, amelioreaz\u0103 bolile inflamatorii intestinale, ajut\u0103 la flatulen\u021b\u0103, diaree, constipa\u021bie \u0219i cre\u0219te toleran\u021ba la lactoz\u0103. De asemenea, u\u0219ureaz\u0103 problemele digestive \u00een timpul c\u0103l\u0103toriilor \u0219i ajut\u0103 la sindromul colonului iritabil. Capsula PROBalance este vegetal\u0103 \u0219i gastrorezistent\u0103, este rezistent\u0103 la ac\u021biunea acidului gastric, care cre\u0219te semnificativ nivelul de supravie\u021buire al bacteriilor benefice. Produsul este potrivit pentru vegetarieni \u0219i vegani.<\/p>\n<p><strong>Dozaj \u0219i mod de administrare<\/strong><br \/>\nAdul\u021bi \u0219i copii peste 12 ani: 1-2 capsule pe zi.<br \/>\nCopii de la 6 la 12 ani: 1 capsul\u0103 pe zi.<\/p>\n<p><strong>Not\u0103:<\/strong>\u00a0Ne str\u0103duim s\u0103 fim c\u00e2t mai precisi \u00een descrierea tuturor produselor, dar nu putem garanta c\u0103 toate descrierile sunt complete \u0219i f\u0103r\u0103 erori. Multumesc pentru intelegere.<br \/>\nToate articolele afi\u0219ate pe site fac parte din oferta noastr\u0103, dar nu \u00eenseamn\u0103 c\u0103 sunt disponibile \u00een orice moment.<\/p>\n<p>&nbsp;<\/p>\n<p><strong>Not\u0103:<\/strong>\u00a0Ne str\u0103duim s\u0103 fim c\u00e2t mai precisi \u00een descrierea tuturor produselor, dar nu putem garanta c\u0103 toate descrierile sunt complete \u0219i f\u0103r\u0103 erori. Multumesc pentru intelegere.<br \/>\nToate articolele afi\u0219ate pe site fac parte din oferta noastr\u0103, dar nu \u00eenseamn\u0103 c\u0103 sunt disponibile \u00een orice moment.<\/p>","protected":false},"featured_media":712,"template":"","meta":[],"product_brand":[],"product_cat":[105,126,81],"product_tag":[],"class_list":{"0":"post-711","1":"product","2":"type-product","3":"status-publish","4":"has-post-thumbnail","6":"product_cat-dijareja-i-rehidratacija","7":"product_cat-preparati-za-gorusicu-i-otezano-varenje","8":"product_cat-probiotici-i-enzimi","9":"pa_brend-pharmas","11":"first","12":"instock","13":"product-type-simple"},"ams_default_variation_id":0,"ams_product_points_reward":[],"ams_product_discount_percentage":0,"ams_price_to_display":0,"ams_acf":[],"jetpack_sharing_enabled":true,"_links":{"self":[{"href":"https:\/\/apotekar-online.rs\/ro\/wp-json\/wp\/v2\/product\/711","targetHints":{"allow":["GET"]}}],"collection":[{"href":"https:\/\/apotekar-online.rs\/ro\/wp-json\/wp\/v2\/product"}],"about":[{"href":"https:\/\/apotekar-online.rs\/ro\/wp-json\/wp\/v2\/types\/product"}],"wp:featuredmedia":[{"embeddable":true,"href":"https:\/\/apotekar-online.rs\/ro\/wp-json\/wp\/v2\/media\/712"}],"wp:attachment":[{"href":"https:\/\/apotekar-online.rs\/ro\/wp-json\/wp\/v2\/media?parent=711"}],"wp:term":[{"taxonomy":"product_brand","embeddable":true,"href":"https:\/\/apotekar-online.rs\/ro\/wp-json\/wp\/v2\/product_brand?post=711"},{"taxonomy":"product_cat","embeddable":true,"href":"https:\/\/apotekar-online.rs\/ro\/wp-json\/wp\/v2\/product_cat?post=711"},{"taxonomy":"product_tag","embeddable":true,"href":"https:\/\/apotekar-online.rs\/ro\/wp-json\/wp\/v2\/product_tag?post=711"}],"curies":[{"name":"wp","href":"https:\/\/api.w.org\/{rel}","templated":true}]}}